{"id":5922,"date":"2022-08-09T09:26:37","date_gmt":"2022-08-09T07:26:37","guid":{"rendered":"https:\/\/ichs2020poznan.pl\/pl\/?page_id=5922"},"modified":"2022-08-09T09:39:18","modified_gmt":"2022-08-09T07:39:18","slug":"samorzad-wojewodztwa-wielkopolskiego-wspiera-xxiii-miedzynarodowy-kongres-nauk-historycznych","status":"publish","type":"page","link":"https:\/\/ichs2020poznan.pl\/pl\/samorzad-wojewodztwa-wielkopolskiego-wspiera-xxiii-miedzynarodowy-kongres-nauk-historycznych\/","title":{"rendered":"Samorz\u0105d Wojew\u00f3dztwa Wielkopolskiego wspiera XXIII Mi\u0119dzynarodowy Kongres Nauk Historycznych"},"content":{"rendered":"<p><\/p>\n<h2 style=\"text-align: center;\"><span style=\"color: #333399;\">Samorz\u0105d Wojew\u00f3dztwa Wielkopolskiego wspiera XXIII Mi\u0119dzynarodowy Kongres Nauk Historycznych<\/span><\/h2>\n<p><img class=\"alignright\" src=\"https:\/\/ichs2020poznan.pl\/wp-content\/uploads\/2022\/08\/IMG_0259-1_Marszalek_WW-e1660030652943.png\" alt=\"\" \/><br \/>\nO\u015bwiadczenie: Po prawie 90 latach, Mi\u0119dzynarodowy Kongres Nauk Historycznych ponownie zawita do Polski. Tym razem gospodarzem miejsca b\u0119dzie stolica naszego regionu. 13 lipca Marsza\u0142ek Wojew\u00f3dztwa Wielkopolskiego Marek Wo\u017aniak podpisa\u0142 umow\u0119 dotacji, dzi\u0119ki kt\u00f3rej Uniwersytet im. Adama Mickiewicza w Poznaniu otrzyma 100 tys. z\u0142 na organizacj\u0119 XXIII Mi\u0119dzynarodowego Kongres Nauk Historycznych.<br \/>\nPozna\u0144 b\u0119dzie gospodarzem tego wydarzenia w dniach 21-27 sierpnia 2022 r. Planowo Kongres mia\u0142 si\u0119 odby\u0107 w 2020 r., jednak z powodu pandemii jego termin zosta\u0142 dwukrotnie przesuni\u0119ty.<br \/>\nMi\u0119dzynarodowy Kongres Nauk Historycznych jest jednym z najwa\u017cniejszych \u015bwiatowych spotka\u0144 historyk\u00f3w. Pierwsza edycja mia\u0142a miejsce w Pary\u017cu w 1900 r. Kolejne odbywa\u0142y si\u0119 co 5 lat (z przerw\u0105 w czasie I i II wojny \u015bwiatowej). Od 1926 r. Kongres organizowany jest przez Mi\u0119dzynarodowy Komitet Nauk Historycznych (CISH \u2013 Comite International des Sciences Historiques, (www.cish.org). Ostatni raz Polska by\u0142a gospodarzem VII Kongresu w 1933 r.<br \/>\nKongresy powojenne od 1950 r. gromadz\u0105 w zale\u017cno\u015bci od miejsca wydarzenia od tysi\u0105ca do kilku tysi\u0119cy uczestnik\u00f3w. Od 2015 r. w czasie Kongres\u00f3w przyznawana jest Nagroda CISH, zwana \u201ehistorycznym Noblem\u201d. Ceremonia taka odb\u0119dzie si\u0119 r\u00f3wnie\u017c w Wojew\u00f3dztwie Wielkopolskim.<br \/>\nPoprzednia edycja Kongresu odby\u0142a si\u0119 w Jinan w Chinach w 2015 r. Tam te\u017c na miejsce kolejnego spotkania wybrano Pozna\u0144. W sukcesie polskiej aplikacji udzia\u0142 mia\u0142 tak\u017ce Samorz\u0105d Wojew\u00f3dztwa Wielkopolskiego. 23 lutego 2015 r. Sejmik WW przyj\u0105\u0142 Uchwa\u0142\u0119 w sprawie poparcia kandydatury Poznania jako miasto-gospodarza XXIII Mi\u0119dzynarodowego Kongresu Nauk Historycznych w 2020 r., w kt\u00f3rej obieca\u0142 wsparcie organizacji wydarzenia kwot\u0105 100 tys. z\u0142. Kolejna edycja Kongresu jest zaplanowana w Jerozolimie.<\/p>","protected":false},"excerpt":{"rendered":"<p>Samorz\u0105d Wojew\u00f3dztwa Wielkopolskiego wspiera XXIII Mi\u0119dzynarodowy Kongres Nauk Historycznych O\u015bwiadczenie: Po prawie 90 latach, Mi\u0119dzynarodowy Kongres Nauk Historycznych ponownie zawita do Polski. Tym razem gospodarzem miejsca b\u0119dzie stolica naszego regionu. 13 lipca Marsza\u0142ek Wojew\u00f3dztwa Wielkopolskiego Marek Wo\u017aniak podpisa\u0142 umow\u0119 dotacji, dzi\u0119ki kt\u00f3rej Uniwersytet im. Adama Mickiewicza w Poznaniu otrzyma 100 tys. z\u0142 na organizacj\u0119 XXIII Mi\u0119dzynarodowego Kongres Nauk Historycznych. Pozna\u0144 b\u0119dzie gospodarzem tego wydarzenia w dniach 21-27 sierpnia 2022 r. Planowo Kongres mia\u0142 si\u0119 odby\u0107 w 2020 r., jednak z powodu pandemii jego termin zosta\u0142 dwukrotnie przesuni\u0119ty. Mi\u0119dzynarodowy Kongres Nauk Historycznych jest jednym z najwa\u017cniejszych \u015bwiatowych spotka\u0144 historyk\u00f3w. Pierwsza edycja mia\u0142a miejsce w Pary\u017cu w 1900 r. Kolejne odbywa\u0142y si\u0119 co 5 lat (z przerw\u0105 w czasie I i II wojny \u015bwiatowej). Od 1926 r. Kongres organizowany jest przez Mi\u0119dzynarodowy Komitet Nauk Historycznych (CISH \u2013 Comite International des Sciences Historiques, (www.cish.org). Ostatni raz Polska by\u0142a gospodarzem VII Kongresu w 1933 r. Kongresy powojenne od 1950 r. gromadz\u0105 w zale\u017cno\u015bci od miejsca wydarzenia od tysi\u0105ca do kilku tysi\u0119cy uczestnik\u00f3w. Od 2015 r. w czasie Kongres\u00f3w przyznawana jest Nagroda CISH, zwana \u201ehistorycznym Noblem\u201d. Ceremonia taka odb\u0119dzie si\u0119 r\u00f3wnie\u017c w Wojew\u00f3dztwie Wielkopolskim. Poprzednia edycja Kongresu odby\u0142a si\u0119 w Jinan w Chinach w 2015 r. Tam te\u017c na miejsce kolejnego spotkania wybrano Pozna\u0144. W sukcesie polskiej aplikacji udzia\u0142 mia\u0142 tak\u017ce Samorz\u0105d Wojew\u00f3dztwa Wielkopolskiego. 23 lutego 2015 r. Sejmik WW przyj\u0105\u0142 Uchwa\u0142\u0119 w sprawie poparcia kandydatury Poznania jako miasto-gospodarza XXIII Mi\u0119dzynarodowego Kongresu Nauk Historycznych w 2020 r., w kt\u00f3rej obieca\u0142 wsparcie organizacji wydarzenia kwot\u0105 100 tys. z\u0142. Kolejna edycja Kongresu jest zaplanowana w Jerozolimie.<\/p>\n","protected":false},"author":4,"featured_media":0,"parent":0,"menu_order":0,"comment_status":"closed","ping_status":"closed","template":"","meta":[],"_links":{"self":[{"href":"https:\/\/ichs2020poznan.pl\/pl\/wp-json\/wp\/v2\/pages\/5922"}],"collection":[{"href":"https:\/\/ichs2020poznan.pl\/pl\/wp-json\/wp\/v2\/pages"}],"about":[{"href":"https:\/\/ichs2020poznan.pl\/pl\/wp-json\/wp\/v2\/types\/page"}],"author":[{"embeddable":true,"href":"https:\/\/ichs2020poznan.pl\/pl\/wp-json\/wp\/v2\/users\/4"}],"replies":[{"embeddable":true,"href":"https:\/\/ichs2020poznan.pl\/pl\/wp-json\/wp\/v2\/comments?post=5922"}],"version-history":[{"count":6,"href":"https:\/\/ichs2020poznan.pl\/pl\/wp-json\/wp\/v2\/pages\/5922\/revisions"}],"predecessor-version":[{"id":5931,"href":"https:\/\/ichs2020poznan.pl\/pl\/wp-json\/wp\/v2\/pages\/5922\/revisions\/5931"}],"wp:attachment":[{"href":"https:\/\/ichs2020poznan.pl\/pl\/wp-json\/wp\/v2\/media?parent=5922"}],"curies":[{"name":"wp","href":"https:\/\/api.w.org\/{rel}","templated":true}]}}