{"id":5878,"date":"2022-08-04T13:16:57","date_gmt":"2022-08-04T11:16:57","guid":{"rendered":"https:\/\/ichs2020poznan.pl\/pl\/?page_id=5878"},"modified":"2022-08-04T13:16:57","modified_gmt":"2022-08-04T11:16:57","slug":"wielkopolskie-muzeum-wojskowe","status":"publish","type":"page","link":"https:\/\/ichs2020poznan.pl\/pl\/wielkopolskie-muzeum-wojskowe\/","title":{"rendered":"Wielkopolskie Muzeum Wojskowe"},"content":{"rendered":"<p><\/p>\n<h2><span style=\"color: #ec0b00;\">Wielkopolskie Muzeum Wojskowe<\/span><\/h2>\n<p>Wielkopolskie Muzeum Wojskowe to najstarsza w Polsce instytucja tego typu: oficjalne otwarcie nast\u0105pi\u0142o 27.10.1919 r. Jednak zbiory tego muzeum zagin\u0119\u0142y w otwieraj\u0105cej II wojn\u0119 \u015bwiatow\u0105 kampanii wrze\u015bniowej 1939 r. Odtworzone w 1963 r., do chwili obecnej zgromadzi\u0142o kilkadziesi\u0105t tysi\u0119cy eksponat\u00f3w pozyskanych g\u0142\u00f3wnie od by\u0142ych \u017co\u0142nierzy, ich rodzin i kolekcjoner\u00f3w. Wsp\u00f3\u0142czesna ekspozycja prezentuje dzieje or\u0119\u017ca polskiego i europejskiego: bro\u0144, uzbrojenie ochronne, znaki, mundury i oporz\u0105dzenie. Zdobi j\u0105 tak\u017ce malarstwo batalistyczne, m.in. najbardziej efektowny fragment panoramy Bitwa pod piramidami Wojciecha Kossaka z 1901 r. \u2013 jeden z niewielu obiekt\u00f3w, kt\u00f3re ocala\u0142y z przedwojennych zbior\u00f3w. Chlub\u0105 kolekcji jest tak\u017ce bechter rotmistrza miejskiego z 1580 r., zdobiony herbem Poznania. Muzeum posiada najwi\u0119kszy w kraju zbi\u00f3r muzeali\u00f3w dotycz\u0105cych powstania wielkopolskiego 1918\u20131919 i wojsk wielkopolskich. <\/p>\n<p><a href=\"https:\/\/ichs2020poznan.pl\/pl\/wydarzenia-towarzyszace\/\"><span style=\"color: #000080;\">BACK<\/span><\/a><\/p>","protected":false},"excerpt":{"rendered":"<p>Wielkopolskie Muzeum Wojskowe Wielkopolskie Muzeum Wojskowe to najstarsza w Polsce instytucja tego typu: oficjalne otwarcie nast\u0105pi\u0142o 27.10.1919 r. Jednak zbiory tego muzeum zagin\u0119\u0142y w otwieraj\u0105cej II wojn\u0119 \u015bwiatow\u0105 kampanii wrze\u015bniowej 1939 r. Odtworzone w 1963 r., do chwili obecnej zgromadzi\u0142o kilkadziesi\u0105t tysi\u0119cy eksponat\u00f3w pozyskanych g\u0142\u00f3wnie od by\u0142ych \u017co\u0142nierzy, ich rodzin i kolekcjoner\u00f3w. Wsp\u00f3\u0142czesna ekspozycja prezentuje dzieje or\u0119\u017ca polskiego i europejskiego: bro\u0144, uzbrojenie ochronne, znaki, mundury i oporz\u0105dzenie. Zdobi j\u0105 tak\u017ce malarstwo batalistyczne, m.in. najbardziej efektowny fragment panoramy Bitwa pod piramidami Wojciecha Kossaka z 1901 r. \u2013 jeden z niewielu obiekt\u00f3w, kt\u00f3re ocala\u0142y z przedwojennych zbior\u00f3w. Chlub\u0105 kolekcji jest tak\u017ce bechter rotmistrza miejskiego z 1580 r., zdobiony herbem Poznania. Muzeum posiada najwi\u0119kszy w kraju zbi\u00f3r muzeali\u00f3w dotycz\u0105cych powstania wielkopolskiego 1918\u20131919 i wojsk wielkopolskich. BACK<\/p>\n","protected":false},"author":4,"featured_media":0,"parent":0,"menu_order":0,"comment_status":"closed","ping_status":"closed","template":"","meta":[],"_links":{"self":[{"href":"https:\/\/ichs2020poznan.pl\/pl\/wp-json\/wp\/v2\/pages\/5878"}],"collection":[{"href":"https:\/\/ichs2020poznan.pl\/pl\/wp-json\/wp\/v2\/pages"}],"about":[{"href":"https:\/\/ichs2020poznan.pl\/pl\/wp-json\/wp\/v2\/types\/page"}],"author":[{"embeddable":true,"href":"https:\/\/ichs2020poznan.pl\/pl\/wp-json\/wp\/v2\/users\/4"}],"replies":[{"embeddable":true,"href":"https:\/\/ichs2020poznan.pl\/pl\/wp-json\/wp\/v2\/comments?post=5878"}],"version-history":[{"count":1,"href":"https:\/\/ichs2020poznan.pl\/pl\/wp-json\/wp\/v2\/pages\/5878\/revisions"}],"predecessor-version":[{"id":5879,"href":"https:\/\/ichs2020poznan.pl\/pl\/wp-json\/wp\/v2\/pages\/5878\/revisions\/5879"}],"wp:attachment":[{"href":"https:\/\/ichs2020poznan.pl\/pl\/wp-json\/wp\/v2\/media?parent=5878"}],"curies":[{"name":"wp","href":"https:\/\/api.w.org\/{rel}","templated":true}]}}