{"id":5876,"date":"2022-08-04T13:14:33","date_gmt":"2022-08-04T11:14:33","guid":{"rendered":"https:\/\/ichs2020poznan.pl\/pl\/?page_id=5876"},"modified":"2022-08-04T13:14:33","modified_gmt":"2022-08-04T11:14:33","slug":"muzeum-sztuk-uzytkowych-w-zamku-krolewskim-w-poznaniu","status":"publish","type":"page","link":"https:\/\/ichs2020poznan.pl\/pl\/muzeum-sztuk-uzytkowych-w-zamku-krolewskim-w-poznaniu\/","title":{"rendered":"Muzeum Sztuk U\u017cytkowych w Zamku Kr\u00f3lewskim w Poznaniu"},"content":{"rendered":"<p><\/p>\n<h2><span style=\"color: #ec0b00;\">Muzeum Sztuk U\u017cytkowych w Zamku Kr\u00f3lewskim w Poznaniu<\/span><\/h2>\n<p>Wystawa sta\u0142a obejmuje wyroby powsta\u0142e od \u015bredniowiecza do wsp\u00f3\u0142czesno\u015bci, proponuj\u0105c widzowi swoist\u0105 podr\u00f3\u017c w czasie, w kt\u00f3rej meble, przedmioty z ceramiki, szk\u0142a czy metalu, ubiory, tkaniny, bro\u0144 i bi\u017cuteria tworz\u0105 opowie\u015b\u0107 o cz\u0142owieku: o ideach odbitych w przedmiotach, o gustach i modzie, tak\u017ce o zmianach technologii i technologicznych osi\u0105gni\u0119ciach. Nowoczesna i funkcjonalna prezentacja wzbogacona zosta\u0142a elementami umo\u017cliwiaj\u0105cymi aktywne zwiedzanie i odbi\u00f3r ekspozycji niemal wszystkimi zmys\u0142ami\u2013 niekt\u00f3re obiekty mo\u017cna dotkn\u0105\u0107, przymierzy\u0107 stroje, pow\u0105cha\u0107 przygotowane kompozycje i pos\u0142ucha\u0107 d\u017awi\u0119kowych aran\u017cacji. Z racji usytuowania muzeum w miejscu wa\u017cnym pod wzgl\u0119dem historycznym, w pierwszej przestrzeni ekspozycji, w tzw. Sali Przemys\u0142a, podkre\u015blono kr\u00f3lewsk\u0105 przesz\u0142o\u015b\u0107 miasta.<\/p>\n<p><a href=\"https:\/\/ichs2020poznan.pl\/pl\/wydarzenia-towarzyszace\/\"><span style=\"color: #000080;\">BACK<\/span><\/a><\/p>","protected":false},"excerpt":{"rendered":"<p>Muzeum Sztuk U\u017cytkowych w Zamku Kr\u00f3lewskim w Poznaniu Wystawa sta\u0142a obejmuje wyroby powsta\u0142e od \u015bredniowiecza do wsp\u00f3\u0142czesno\u015bci, proponuj\u0105c widzowi swoist\u0105 podr\u00f3\u017c w czasie, w kt\u00f3rej meble, przedmioty z ceramiki, szk\u0142a czy metalu, ubiory, tkaniny, bro\u0144 i bi\u017cuteria tworz\u0105 opowie\u015b\u0107 o cz\u0142owieku: o ideach odbitych w przedmiotach, o gustach i modzie, tak\u017ce o zmianach technologii i technologicznych osi\u0105gni\u0119ciach. Nowoczesna i funkcjonalna prezentacja wzbogacona zosta\u0142a elementami umo\u017cliwiaj\u0105cymi aktywne zwiedzanie i odbi\u00f3r ekspozycji niemal wszystkimi zmys\u0142ami\u2013 niekt\u00f3re obiekty mo\u017cna dotkn\u0105\u0107, przymierzy\u0107 stroje, pow\u0105cha\u0107 przygotowane kompozycje i pos\u0142ucha\u0107 d\u017awi\u0119kowych aran\u017cacji. Z racji usytuowania muzeum w miejscu wa\u017cnym pod wzgl\u0119dem historycznym, w pierwszej przestrzeni ekspozycji, w tzw. Sali Przemys\u0142a, podkre\u015blono kr\u00f3lewsk\u0105 przesz\u0142o\u015b\u0107 miasta. BACK<\/p>\n","protected":false},"author":4,"featured_media":0,"parent":0,"menu_order":0,"comment_status":"closed","ping_status":"closed","template":"","meta":[],"_links":{"self":[{"href":"https:\/\/ichs2020poznan.pl\/pl\/wp-json\/wp\/v2\/pages\/5876"}],"collection":[{"href":"https:\/\/ichs2020poznan.pl\/pl\/wp-json\/wp\/v2\/pages"}],"about":[{"href":"https:\/\/ichs2020poznan.pl\/pl\/wp-json\/wp\/v2\/types\/page"}],"author":[{"embeddable":true,"href":"https:\/\/ichs2020poznan.pl\/pl\/wp-json\/wp\/v2\/users\/4"}],"replies":[{"embeddable":true,"href":"https:\/\/ichs2020poznan.pl\/pl\/wp-json\/wp\/v2\/comments?post=5876"}],"version-history":[{"count":1,"href":"https:\/\/ichs2020poznan.pl\/pl\/wp-json\/wp\/v2\/pages\/5876\/revisions"}],"predecessor-version":[{"id":5877,"href":"https:\/\/ichs2020poznan.pl\/pl\/wp-json\/wp\/v2\/pages\/5876\/revisions\/5877"}],"wp:attachment":[{"href":"https:\/\/ichs2020poznan.pl\/pl\/wp-json\/wp\/v2\/media?parent=5876"}],"curies":[{"name":"wp","href":"https:\/\/api.w.org\/{rel}","templated":true}]}}