{"id":5874,"date":"2022-08-04T12:55:31","date_gmt":"2022-08-04T10:55:31","guid":{"rendered":"https:\/\/ichs2020poznan.pl\/pl\/?page_id=5874"},"modified":"2022-08-04T12:55:31","modified_gmt":"2022-08-04T10:55:31","slug":"galeria-malarstwa-i-rzezby-mnp","status":"publish","type":"page","link":"https:\/\/ichs2020poznan.pl\/pl\/galeria-malarstwa-i-rzezby-mnp\/","title":{"rendered":"Galeria Malarstwa i Rze\u017aby MNP"},"content":{"rendered":"<p><\/p>\n<h2><span style=\"color: #ec0b00;\">Galeria Malarstwa i Rze\u017aby MNP<\/span><\/h2>\n<p>W Galerii Malarstwa i Rze\u017aby (Gmachu G\u0142\u00f3wnym muzeum) znajduj\u0105 si\u0119 wybitne zbiory polskiego malarstwa trumiennego \u2013 fenomenu polskiej kultury sarmackiej XVII i XVIII w. oraz sztuka okresu M\u0142odej Polski prze\u0142omu XIX i XX w., z rozleg\u0142ymi kolekcjami jej wybitnych tw\u00f3rc\u00f3w, takich jak Olga Bozna\u0144ska, J\u00f3zef Che\u0142mo\u0144ski, Jacek Malczewski, J\u00f3zef Mehoffer, Ferdynand Ruszczyc, Stanis\u0142aw Wyspia\u0144ski czy Wojciech Weiss. To tak\u017ce najbogatsza w polskich muzeach kolekcja malarstwa europejskiego, z wyr\u00f3\u017cniaj\u0105cymi j\u0105 zespo\u0142ami obraz\u00f3w renesansowej sztuki w\u0142oskiej i barokowej hiszpa\u0144skiej, niemieckiego malarstwa romantycznego i malarstwa p\u00f3\u017anego impresjonizmu. Ekspozycja wsp\u00f3\u0142czesnej sztuki polskiej, z\u0142o\u017cona z dzie\u0142 malarzy, rze\u017abiarzy, fotograf\u00f3w oraz tw\u00f3rc\u00f3w nowych medi\u00f3w wprowadza za\u015b w najwa\u017cniejsze artystyczne zagadnienia drugiej po\u0142owy XX i pocz\u0105tku XXI w., z obszernymi prezentacjami wybitnych tw\u00f3rc\u00f3w takich jak Tadeusz Kantor i Jerzy Nowosielski. <\/p>\n<p><a href=\"https:\/\/ichs2020poznan.pl\/pl\/wydarzenia-towarzyszace\/\"><span style=\"color: #000080;\">BACK<\/span><\/a><\/p>","protected":false},"excerpt":{"rendered":"<p>Galeria Malarstwa i Rze\u017aby MNP W Galerii Malarstwa i Rze\u017aby (Gmachu G\u0142\u00f3wnym muzeum) znajduj\u0105 si\u0119 wybitne zbiory polskiego malarstwa trumiennego \u2013 fenomenu polskiej kultury sarmackiej XVII i XVIII w. oraz sztuka okresu M\u0142odej Polski prze\u0142omu XIX i XX w., z rozleg\u0142ymi kolekcjami jej wybitnych tw\u00f3rc\u00f3w, takich jak Olga Bozna\u0144ska, J\u00f3zef Che\u0142mo\u0144ski, Jacek Malczewski, J\u00f3zef Mehoffer, Ferdynand Ruszczyc, Stanis\u0142aw Wyspia\u0144ski czy Wojciech Weiss. To tak\u017ce najbogatsza w polskich muzeach kolekcja malarstwa europejskiego, z wyr\u00f3\u017cniaj\u0105cymi j\u0105 zespo\u0142ami obraz\u00f3w renesansowej sztuki w\u0142oskiej i barokowej hiszpa\u0144skiej, niemieckiego malarstwa romantycznego i malarstwa p\u00f3\u017anego impresjonizmu. Ekspozycja wsp\u00f3\u0142czesnej sztuki polskiej, z\u0142o\u017cona z dzie\u0142 malarzy, rze\u017abiarzy, fotograf\u00f3w oraz tw\u00f3rc\u00f3w nowych medi\u00f3w wprowadza za\u015b w najwa\u017cniejsze artystyczne zagadnienia drugiej po\u0142owy XX i pocz\u0105tku XXI w., z obszernymi prezentacjami wybitnych tw\u00f3rc\u00f3w takich jak Tadeusz Kantor i Jerzy Nowosielski. BACK<\/p>\n","protected":false},"author":4,"featured_media":0,"parent":0,"menu_order":0,"comment_status":"closed","ping_status":"closed","template":"","meta":[],"_links":{"self":[{"href":"https:\/\/ichs2020poznan.pl\/pl\/wp-json\/wp\/v2\/pages\/5874"}],"collection":[{"href":"https:\/\/ichs2020poznan.pl\/pl\/wp-json\/wp\/v2\/pages"}],"about":[{"href":"https:\/\/ichs2020poznan.pl\/pl\/wp-json\/wp\/v2\/types\/page"}],"author":[{"embeddable":true,"href":"https:\/\/ichs2020poznan.pl\/pl\/wp-json\/wp\/v2\/users\/4"}],"replies":[{"embeddable":true,"href":"https:\/\/ichs2020poznan.pl\/pl\/wp-json\/wp\/v2\/comments?post=5874"}],"version-history":[{"count":1,"href":"https:\/\/ichs2020poznan.pl\/pl\/wp-json\/wp\/v2\/pages\/5874\/revisions"}],"predecessor-version":[{"id":5875,"href":"https:\/\/ichs2020poznan.pl\/pl\/wp-json\/wp\/v2\/pages\/5874\/revisions\/5875"}],"wp:attachment":[{"href":"https:\/\/ichs2020poznan.pl\/pl\/wp-json\/wp\/v2\/media?parent=5874"}],"curies":[{"name":"wp","href":"https:\/\/api.w.org\/{rel}","templated":true}]}}