{"id":5871,"date":"2022-08-04T12:41:37","date_gmt":"2022-08-04T10:41:37","guid":{"rendered":"https:\/\/ichs2020poznan.pl\/pl\/?page_id=5871"},"modified":"2022-08-04T12:41:37","modified_gmt":"2022-08-04T10:41:37","slug":"muzeum-instrumentow-muzycznych","status":"publish","type":"page","link":"https:\/\/ichs2020poznan.pl\/pl\/muzeum-instrumentow-muzycznych\/","title":{"rendered":"Muzeum Instrument\u00f3w Muzycznych"},"content":{"rendered":"<p><\/p>\n<h2><span style=\"color: #ec0b00;\">Muzeum Instrument\u00f3w Muzycznych<\/span><\/h2>\n<p>Wystawa sta\u0142a w Muzeum Instrument\u00f3w Muzycznych prezentuje instrumenty muzyczne poprzez kontekst epoki, praktyki wykonawczej, miejsca i muzycznej tradycji, a ka\u017cda z szesnastu galerii odnosi widza do wybranego obszaru lub zjawiska. Dwie pierwsze kondygnacje po\u015bwi\u0119cono zagadnieniom historii artystycznej muzyki europejskiej i polskiej. Na parterze ekspozycja obejmuje okres od p\u00f3\u017anego \u015bredniowiecza do ko\u0144ca XVIII w., pokazuj\u0105c \u015bwiat rodz\u0105cej si\u0119 \u015bwieckiej muzyki instrumentalnej oraz dominuj\u0105c\u0105 w okresie baroku sakraln\u0105 muzyk\u0119 wokalno-instrumentaln\u0105. Na pierwszym pi\u0119trze widz prowadzony jest od fenomenu muzyki dworskiej, przemijaj\u0105cej w XVIII w., przez instrumenty rozbrzmiewaj\u0105ce w XIX-wiecznych salach koncertowych, epok\u0119 genialnych wirtuoz\u00f3w, muzyk\u0119 salonow\u0105 i kameraln\u0105, a\u017c do awangardowej tw\u00f3rczo\u015bci XX w. Drugie pi\u0119tro z kolei przybli\u017ca tradycje muzyczne r\u00f3\u017cnych kultur \u015bwiata, odkrywaj\u0105c bogactwo form instrument\u00f3w oraz ich zr\u00f3\u017cnicowane funkcje. Przedstawia niezwyk\u0142\u0105 r\u00f3\u017cnorodno\u015b\u0107 sposob\u00f3w muzykowania od najprostszych prekolumbijskich grzechotek i gwizdk\u00f3w po niezwykle z\u0142o\u017con\u0105 d\u017awi\u0119kowo i strukturalnie muzyk\u0119 indyjsk\u0105.<\/p>\n<p><a href=\"https:\/\/ichs2020poznan.pl\/pl\/wydarzenia-towarzyszace\/\"><span style=\"color: #000080;\">BACK<\/span><\/a><\/p>","protected":false},"excerpt":{"rendered":"<p>Muzeum Instrument\u00f3w Muzycznych Wystawa sta\u0142a w Muzeum Instrument\u00f3w Muzycznych prezentuje instrumenty muzyczne poprzez kontekst epoki, praktyki wykonawczej, miejsca i muzycznej tradycji, a ka\u017cda z szesnastu galerii odnosi widza do wybranego obszaru lub zjawiska. Dwie pierwsze kondygnacje po\u015bwi\u0119cono zagadnieniom historii artystycznej muzyki europejskiej i polskiej. Na parterze ekspozycja obejmuje okres od p\u00f3\u017anego \u015bredniowiecza do ko\u0144ca XVIII w., pokazuj\u0105c \u015bwiat rodz\u0105cej si\u0119 \u015bwieckiej muzyki instrumentalnej oraz dominuj\u0105c\u0105 w okresie baroku sakraln\u0105 muzyk\u0119 wokalno-instrumentaln\u0105. Na pierwszym pi\u0119trze widz prowadzony jest od fenomenu muzyki dworskiej, przemijaj\u0105cej w XVIII w., przez instrumenty rozbrzmiewaj\u0105ce w XIX-wiecznych salach koncertowych, epok\u0119 genialnych wirtuoz\u00f3w, muzyk\u0119 salonow\u0105 i kameraln\u0105, a\u017c do awangardowej tw\u00f3rczo\u015bci XX w. Drugie pi\u0119tro z kolei przybli\u017ca tradycje muzyczne r\u00f3\u017cnych kultur \u015bwiata, odkrywaj\u0105c bogactwo form instrument\u00f3w oraz ich zr\u00f3\u017cnicowane funkcje. Przedstawia niezwyk\u0142\u0105 r\u00f3\u017cnorodno\u015b\u0107 sposob\u00f3w muzykowania od najprostszych prekolumbijskich grzechotek i gwizdk\u00f3w po niezwykle z\u0142o\u017con\u0105 d\u017awi\u0119kowo i strukturalnie muzyk\u0119 indyjsk\u0105. BACK<\/p>\n","protected":false},"author":4,"featured_media":0,"parent":0,"menu_order":0,"comment_status":"closed","ping_status":"closed","template":"","meta":[],"_links":{"self":[{"href":"https:\/\/ichs2020poznan.pl\/pl\/wp-json\/wp\/v2\/pages\/5871"}],"collection":[{"href":"https:\/\/ichs2020poznan.pl\/pl\/wp-json\/wp\/v2\/pages"}],"about":[{"href":"https:\/\/ichs2020poznan.pl\/pl\/wp-json\/wp\/v2\/types\/page"}],"author":[{"embeddable":true,"href":"https:\/\/ichs2020poznan.pl\/pl\/wp-json\/wp\/v2\/users\/4"}],"replies":[{"embeddable":true,"href":"https:\/\/ichs2020poznan.pl\/pl\/wp-json\/wp\/v2\/comments?post=5871"}],"version-history":[{"count":1,"href":"https:\/\/ichs2020poznan.pl\/pl\/wp-json\/wp\/v2\/pages\/5871\/revisions"}],"predecessor-version":[{"id":5873,"href":"https:\/\/ichs2020poznan.pl\/pl\/wp-json\/wp\/v2\/pages\/5871\/revisions\/5873"}],"wp:attachment":[{"href":"https:\/\/ichs2020poznan.pl\/pl\/wp-json\/wp\/v2\/media?parent=5871"}],"curies":[{"name":"wp","href":"https:\/\/api.w.org\/{rel}","templated":true}]}}