{"id":5869,"date":"2022-08-04T12:23:11","date_gmt":"2022-08-04T10:23:11","guid":{"rendered":"https:\/\/ichs2020poznan.pl\/pl\/?page_id=5869"},"modified":"2022-08-04T12:39:24","modified_gmt":"2022-08-04T10:39:24","slug":"5869-2","status":"publish","type":"page","link":"https:\/\/ichs2020poznan.pl\/pl\/5869-2\/","title":{"rendered":"MUZEUM NARODOWE W POZNANIU"},"content":{"rendered":"<p><\/p>\n<h2><span style=\"color: #ec0b00;\">MUZEUM NARODOWE W POZNANIU<\/span><\/h2>\n<p>Muzeum Narodowe w Poznaniu, o strukturze zakorzenionej w o\u015bwieceniowej tradycji muze\u00f3w encyklopedycznych, posiada zbiory sztuki od staro\u017cytno\u015bci do czas\u00f3w najnowszych, gabinetowe kolekcje numizmat\u00f3w, rycin, rysunk\u00f3w i plakat\u00f3w, zbiory instrument\u00f3w muzycznych, militari\u00f3w, zabytk\u00f3w etnograficznych oraz muzeali\u00f3w dokumentuj\u0105cych histori\u0119 miasta Poznania i trzech wielkopolskich rezydencji. Wi\u0119kszo\u015b\u0107 zbior\u00f3w wywodzi si\u0119 z historycznych kolekcji muzealnych instytucji powo\u0142ywanych w Wielkopolsce przez \u015brodowiska polskie i pruskie od po\u0142owy XIX w. po rok 1919, obejmuj\u0105cych przede wszystkim zbiory artystyczne (w tym artystyczne rzemios\u0142o), etnograficzne i przyrodnicze. Po 1945 r. struktura zbior\u00f3w sukcesywnie zmienia\u0142a si\u0119, poszerzaj\u0105c kolekcjonerskie zakresy m.in. o sztuk\u0119 wsp\u00f3\u0142czesn\u0105, plakat, a tak\u017ce o muzealia tworz\u0105ce kolekcje i ekspozycje oddzia\u0142\u00f3w rezydencjonalnych. W\u015br\u00f3d 400 tys. zabytk\u00f3w przechowywanych i wystawianych w o\u015bmiu odr\u0119bnych muzeach znajduj\u0105 si\u0119 kolekcje o najwy\u017cszej randze artystycznej.<br \/>\nSpo\u015br\u00f3d pi\u0119ciu pozna\u0144skich oddzia\u0142\u00f3w obecnie dost\u0119pne s\u0105 do zwiedzania trzy: Wielkopolskie Muzeum Wojskowe, o najstarszym rodowodzie w\u015br\u00f3d polskich muze\u00f3w tego typu, a tak\u017ce Muzeum Sztuk U\u017cytkowych w Zamku Kr\u00f3lewskim w Poznaniu i Muzeum Instrument\u00f3w Muzycznych \u2013 jedyne takie muzea w polskim pejza\u017cu muzealnym. Rezydencjonalne muzea w Rogalinie, Go\u0142uchowie i \u015amie\u0142owie, z wystawami zwi\u0105zanymi z ich histori\u0105, same w sobie s\u0105 zabytkami architektury najwy\u017cszej klasy: p\u00f3\u017anego baroku w Rogalinie, historyzmu w Go\u0142uchowie oraz klasycyzmu w \u015amie\u0142owie.<br \/>\n<a href=\"https:\/\/ichs2020poznan.pl\/pl\/wydarzenia-towarzyszace\/\"><span style=\"color: #000080;\">BACK<\/span><\/a><\/p>","protected":false},"excerpt":{"rendered":"<p>MUZEUM NARODOWE W POZNANIU Muzeum Narodowe w Poznaniu, o strukturze zakorzenionej w o\u015bwieceniowej tradycji muze\u00f3w encyklopedycznych, posiada zbiory sztuki od staro\u017cytno\u015bci do czas\u00f3w najnowszych, gabinetowe kolekcje numizmat\u00f3w, rycin, rysunk\u00f3w i plakat\u00f3w, zbiory instrument\u00f3w muzycznych, militari\u00f3w, zabytk\u00f3w etnograficznych oraz muzeali\u00f3w dokumentuj\u0105cych histori\u0119 miasta Poznania i trzech wielkopolskich rezydencji. Wi\u0119kszo\u015b\u0107 zbior\u00f3w wywodzi si\u0119 z historycznych kolekcji muzealnych instytucji powo\u0142ywanych w Wielkopolsce przez \u015brodowiska polskie i pruskie od po\u0142owy XIX w. po rok 1919, obejmuj\u0105cych przede wszystkim zbiory artystyczne (w tym artystyczne rzemios\u0142o), etnograficzne i przyrodnicze. Po 1945 r. struktura zbior\u00f3w sukcesywnie zmienia\u0142a si\u0119, poszerzaj\u0105c kolekcjonerskie zakresy m.in. o sztuk\u0119 wsp\u00f3\u0142czesn\u0105, plakat, a tak\u017ce o muzealia tworz\u0105ce kolekcje i ekspozycje oddzia\u0142\u00f3w rezydencjonalnych. W\u015br\u00f3d 400 tys. zabytk\u00f3w przechowywanych i wystawianych w o\u015bmiu odr\u0119bnych muzeach znajduj\u0105 si\u0119 kolekcje o najwy\u017cszej randze artystycznej. Spo\u015br\u00f3d pi\u0119ciu pozna\u0144skich oddzia\u0142\u00f3w obecnie dost\u0119pne s\u0105 do zwiedzania trzy: Wielkopolskie Muzeum Wojskowe, o najstarszym rodowodzie w\u015br\u00f3d polskich muze\u00f3w tego typu, a tak\u017ce Muzeum Sztuk U\u017cytkowych w Zamku Kr\u00f3lewskim w Poznaniu i Muzeum Instrument\u00f3w Muzycznych \u2013 jedyne takie muzea w polskim pejza\u017cu muzealnym. Rezydencjonalne muzea w Rogalinie, Go\u0142uchowie i \u015amie\u0142owie, z wystawami zwi\u0105zanymi z ich histori\u0105, same w sobie s\u0105 zabytkami architektury najwy\u017cszej klasy: p\u00f3\u017anego baroku w Rogalinie, historyzmu w Go\u0142uchowie oraz klasycyzmu w \u015amie\u0142owie. BACK<\/p>\n","protected":false},"author":4,"featured_media":0,"parent":0,"menu_order":0,"comment_status":"closed","ping_status":"closed","template":"","meta":[],"_links":{"self":[{"href":"https:\/\/ichs2020poznan.pl\/pl\/wp-json\/wp\/v2\/pages\/5869"}],"collection":[{"href":"https:\/\/ichs2020poznan.pl\/pl\/wp-json\/wp\/v2\/pages"}],"about":[{"href":"https:\/\/ichs2020poznan.pl\/pl\/wp-json\/wp\/v2\/types\/page"}],"author":[{"embeddable":true,"href":"https:\/\/ichs2020poznan.pl\/pl\/wp-json\/wp\/v2\/users\/4"}],"replies":[{"embeddable":true,"href":"https:\/\/ichs2020poznan.pl\/pl\/wp-json\/wp\/v2\/comments?post=5869"}],"version-history":[{"count":2,"href":"https:\/\/ichs2020poznan.pl\/pl\/wp-json\/wp\/v2\/pages\/5869\/revisions"}],"predecessor-version":[{"id":5872,"href":"https:\/\/ichs2020poznan.pl\/pl\/wp-json\/wp\/v2\/pages\/5869\/revisions\/5872"}],"wp:attachment":[{"href":"https:\/\/ichs2020poznan.pl\/pl\/wp-json\/wp\/v2\/media?parent=5869"}],"curies":[{"name":"wp","href":"https:\/\/api.w.org\/{rel}","templated":true}]}}