{"id":5843,"date":"2022-07-31T11:55:22","date_gmt":"2022-07-31T09:55:22","guid":{"rendered":"https:\/\/ichs2020poznan.pl\/pl\/?page_id=5843"},"modified":"2022-07-31T11:55:22","modified_gmt":"2022-07-31T09:55:22","slug":"5843-2","status":"publish","type":"page","link":"https:\/\/ichs2020poznan.pl\/pl\/5843-2\/","title":{"rendered":""},"content":{"rendered":"<p><\/p>\n<h2><span style=\"color: #ec0b00;\">ARCHIWUM PA\u0143STWOWE W POZNANIU<\/span><\/h2>\n<p>Archiwum Pa\u0144stwowe w Poznaniu wywodzi si\u0119 z tradycji i zasobu wielkopolskich kancelarii, urz\u0119d\u00f3w i s\u0105d\u00f3w szlacheckich pierwszej instancji oraz ich archiw\u00f3w. 8 marca 1869 r. utworzono Kr\u00f3lewsko-Pruskie Archiwum Pa\u0144stwowe w Poznaniu. 5 kwietnia 1919 r. Komisariat Naczelnej Rady Ludowej powo\u0142a\u0142 Archiwum Pa\u0144stwowe w Poznaniu, kt\u00f3re w 1922 r. wesz\u0142o w sk\u0142ad sieci archiw\u00f3w pa\u0144stwowych.<br \/>\n10 wrze\u015bnia 1939 r. Archiwum Pa\u0144stwowe w Poznaniu zosta\u0142o przej\u0119te przez niemieckie w\u0142adze okupacyjne i przemianowane na Archiwum Rzeszy dla Kraju Warty w Poznaniu. Po wojnie pozna\u0144skie Archiwum zaj\u0119\u0142o si\u0119 zabezpieczaniem i przejmowaniem dawnych zespo\u0142\u00f3w archiwalnych w Poznaniu i na prowincji oraz odzyskiwaniem wywiezionych przez okupanta najstarszych i najcenniejszych materia\u0142\u00f3w archiwalnych. Archiwum Pa\u0144stwowe w Poznaniu w swoim zasobie przechowuje trzy obiekty wpisane na \u015awiatow\u0105 i Krajow\u0105 List\u0119 Programu UNESCO \u201ePami\u0119\u0107 \u015awiata\u201d.<br \/>\nObecnie w Archiwum jest zatrudnionych 61 pracownik\u00f3w, w tym 15 os\u00f3b w oddzia\u0142ach zamiejscowych w Gnie\u017anie, Koninie i Pile. Sprawuj\u0105 oni opiek\u0119 nad archiwalnym zasobem (obejmuj\u0105cym 7452 zespo\u0142y archiwalne, co wynosi 1 245 235 j.a., 15 004,39 m.b. oraz 509 j.a. tj. 4852,6 MB w postaci elektronicznej).<\/p>\n<p><a href=\"https:\/\/ichs2020poznan.pl\/pl\/wydarzenia-towarzyszace\/\"><span style=\"color: #000080;\">BACK<\/span><\/a><\/p>","protected":false},"excerpt":{"rendered":"<p>ARCHIWUM PA\u0143STWOWE W POZNANIU Archiwum Pa\u0144stwowe w Poznaniu wywodzi si\u0119 z tradycji i zasobu wielkopolskich kancelarii, urz\u0119d\u00f3w i s\u0105d\u00f3w szlacheckich pierwszej instancji oraz ich archiw\u00f3w. 8 marca 1869 r. utworzono Kr\u00f3lewsko-Pruskie Archiwum Pa\u0144stwowe w Poznaniu. 5 kwietnia 1919 r. Komisariat Naczelnej Rady Ludowej powo\u0142a\u0142 Archiwum Pa\u0144stwowe w Poznaniu, kt\u00f3re w 1922 r. wesz\u0142o w sk\u0142ad sieci archiw\u00f3w pa\u0144stwowych. 10 wrze\u015bnia 1939 r. Archiwum Pa\u0144stwowe w Poznaniu zosta\u0142o przej\u0119te przez niemieckie w\u0142adze okupacyjne i przemianowane na Archiwum Rzeszy dla Kraju Warty w Poznaniu. Po wojnie pozna\u0144skie Archiwum zaj\u0119\u0142o si\u0119 zabezpieczaniem i przejmowaniem dawnych zespo\u0142\u00f3w archiwalnych w Poznaniu i na prowincji oraz odzyskiwaniem wywiezionych przez okupanta najstarszych i najcenniejszych materia\u0142\u00f3w archiwalnych. Archiwum Pa\u0144stwowe w Poznaniu w swoim zasobie przechowuje trzy obiekty wpisane na \u015awiatow\u0105 i Krajow\u0105 List\u0119 Programu UNESCO \u201ePami\u0119\u0107 \u015awiata\u201d. Obecnie w Archiwum jest zatrudnionych 61 pracownik\u00f3w, w tym 15 os\u00f3b w oddzia\u0142ach zamiejscowych w Gnie\u017anie, Koninie i Pile. Sprawuj\u0105 oni opiek\u0119 nad archiwalnym zasobem (obejmuj\u0105cym 7452 zespo\u0142y archiwalne, co wynosi 1 245 235 j.a., 15 004,39 m.b. oraz 509 j.a. tj. 4852,6 MB w postaci elektronicznej). BACK<\/p>\n","protected":false},"author":4,"featured_media":0,"parent":0,"menu_order":0,"comment_status":"closed","ping_status":"closed","template":"","meta":[],"_links":{"self":[{"href":"https:\/\/ichs2020poznan.pl\/pl\/wp-json\/wp\/v2\/pages\/5843"}],"collection":[{"href":"https:\/\/ichs2020poznan.pl\/pl\/wp-json\/wp\/v2\/pages"}],"about":[{"href":"https:\/\/ichs2020poznan.pl\/pl\/wp-json\/wp\/v2\/types\/page"}],"author":[{"embeddable":true,"href":"https:\/\/ichs2020poznan.pl\/pl\/wp-json\/wp\/v2\/users\/4"}],"replies":[{"embeddable":true,"href":"https:\/\/ichs2020poznan.pl\/pl\/wp-json\/wp\/v2\/comments?post=5843"}],"version-history":[{"count":1,"href":"https:\/\/ichs2020poznan.pl\/pl\/wp-json\/wp\/v2\/pages\/5843\/revisions"}],"predecessor-version":[{"id":5844,"href":"https:\/\/ichs2020poznan.pl\/pl\/wp-json\/wp\/v2\/pages\/5843\/revisions\/5844"}],"wp:attachment":[{"href":"https:\/\/ichs2020poznan.pl\/pl\/wp-json\/wp\/v2\/media?parent=5843"}],"curies":[{"name":"wp","href":"https:\/\/api.w.org\/{rel}","templated":true}]}}