{"id":5811,"date":"2022-07-23T16:39:09","date_gmt":"2022-07-23T14:39:09","guid":{"rendered":"https:\/\/ichs2020poznan.pl\/pl\/?page_id=5811"},"modified":"2022-07-23T16:39:09","modified_gmt":"2022-07-23T14:39:09","slug":"biblioteka-poznanskiego-towarzystwa-przyjaciol-nauk","status":"publish","type":"page","link":"https:\/\/ichs2020poznan.pl\/pl\/biblioteka-poznanskiego-towarzystwa-przyjaciol-nauk\/","title":{"rendered":"BIBLIOTEKA POZNA\u0143SKIEGO TOWARZYSTWA PRZYJACI\u00d3\u0141 NAUK"},"content":{"rendered":"<p><\/p>\n<h2><span style=\"color: #ec0b00;\">BIBLIOTEKA POZNA\u0143SKIEGO TOWARZYSTWA PRZYJACI\u00d3\u0141 NAUK<\/span><\/h2>\n<p>Biblioteka naukowa za\u0142o\u017cona w 1857 r., agenda Pozna\u0144skiego Towarzystwa Przyjaci\u00f3\u0142 Nauk. Z uwagi na niemo\u017cno\u015b\u0107 powo\u0142ania polskiej uczelni pod zaborem pruskim, powstanie Towarzystwa wyra\u017ca\u0142o d\u0105\u017cenie Wielkopolan do powo\u0142ania polskiego o\u015brodka naukowo-kulturalnego, a Biblioteka i Muzeum PTPN stanowi\u0142y niezb\u0119dne zaplecze tego typu dzia\u0142alno\u015bci i zal\u0105\u017cki p\u00f3\u017aniejszych pozna\u0144skich instytucji w niepodleg\u0142ej ju\u017c Polsce.<br \/>\nHistoryczny zas\u00f3b zbior\u00f3w Towarzystwa ukszta\u0142towany przed laty darowiznami i nabytkami ca\u0142ych ksi\u0119gozbior\u00f3w prywatnych zadecydowa\u0142 o obecnym charakterze Biblioteki, licz\u0105cej og\u00f3\u0142em 344 662 wolumin\u00f3w. Dzi\u015b Biblioteka gromadzi i przechowuje opr\u00f3cz druk\u00f3w nowych tak\u017ce zbiory specjalne, na kt\u00f3re sk\u0142adaj\u0105 si\u0119 r\u0119kopisy, stare druki, mapy i atlasy, ikonografia i ekslibrisy. Ze wzgl\u0119du na rang\u0119 posiadanych zbior\u00f3w, wsp\u00f3\u0142tworz\u0105cych przez wiele lat Narodowy Zas\u00f3b Biblioteczny, Biblioteka odnotowana jest we wszystkich wa\u017cniejszych polskich i zagranicznych informatorach nauki.<\/p>\n<p><a href=\"https:\/\/ichs2020poznan.pl\/pl\/wydarzenia-towarzyszace\/\"><span style=\"color: #000080;\">BACK<\/span><\/a><\/p>","protected":false},"excerpt":{"rendered":"<p>BIBLIOTEKA POZNA\u0143SKIEGO TOWARZYSTWA PRZYJACI\u00d3\u0141 NAUK Biblioteka naukowa za\u0142o\u017cona w 1857 r., agenda Pozna\u0144skiego Towarzystwa Przyjaci\u00f3\u0142 Nauk. Z uwagi na niemo\u017cno\u015b\u0107 powo\u0142ania polskiej uczelni pod zaborem pruskim, powstanie Towarzystwa wyra\u017ca\u0142o d\u0105\u017cenie Wielkopolan do powo\u0142ania polskiego o\u015brodka naukowo-kulturalnego, a Biblioteka i Muzeum PTPN stanowi\u0142y niezb\u0119dne zaplecze tego typu dzia\u0142alno\u015bci i zal\u0105\u017cki p\u00f3\u017aniejszych pozna\u0144skich instytucji w niepodleg\u0142ej ju\u017c Polsce. Historyczny zas\u00f3b zbior\u00f3w Towarzystwa ukszta\u0142towany przed laty darowiznami i nabytkami ca\u0142ych ksi\u0119gozbior\u00f3w prywatnych zadecydowa\u0142 o obecnym charakterze Biblioteki, licz\u0105cej og\u00f3\u0142em 344 662 wolumin\u00f3w. Dzi\u015b Biblioteka gromadzi i przechowuje opr\u00f3cz druk\u00f3w nowych tak\u017ce zbiory specjalne, na kt\u00f3re sk\u0142adaj\u0105 si\u0119 r\u0119kopisy, stare druki, mapy i atlasy, ikonografia i ekslibrisy. Ze wzgl\u0119du na rang\u0119 posiadanych zbior\u00f3w, wsp\u00f3\u0142tworz\u0105cych przez wiele lat Narodowy Zas\u00f3b Biblioteczny, Biblioteka odnotowana jest we wszystkich wa\u017cniejszych polskich i zagranicznych informatorach nauki. BACK<\/p>\n","protected":false},"author":4,"featured_media":0,"parent":0,"menu_order":0,"comment_status":"closed","ping_status":"closed","template":"","meta":[],"_links":{"self":[{"href":"https:\/\/ichs2020poznan.pl\/pl\/wp-json\/wp\/v2\/pages\/5811"}],"collection":[{"href":"https:\/\/ichs2020poznan.pl\/pl\/wp-json\/wp\/v2\/pages"}],"about":[{"href":"https:\/\/ichs2020poznan.pl\/pl\/wp-json\/wp\/v2\/types\/page"}],"author":[{"embeddable":true,"href":"https:\/\/ichs2020poznan.pl\/pl\/wp-json\/wp\/v2\/users\/4"}],"replies":[{"embeddable":true,"href":"https:\/\/ichs2020poznan.pl\/pl\/wp-json\/wp\/v2\/comments?post=5811"}],"version-history":[{"count":1,"href":"https:\/\/ichs2020poznan.pl\/pl\/wp-json\/wp\/v2\/pages\/5811\/revisions"}],"predecessor-version":[{"id":5812,"href":"https:\/\/ichs2020poznan.pl\/pl\/wp-json\/wp\/v2\/pages\/5811\/revisions\/5812"}],"wp:attachment":[{"href":"https:\/\/ichs2020poznan.pl\/pl\/wp-json\/wp\/v2\/media?parent=5811"}],"curies":[{"name":"wp","href":"https:\/\/api.w.org\/{rel}","templated":true}]}}