{"id":5796,"date":"2022-07-21T20:38:54","date_gmt":"2022-07-21T18:38:54","guid":{"rendered":"https:\/\/ichs2020poznan.pl\/pl\/?page_id=5796"},"modified":"2022-07-21T21:03:38","modified_gmt":"2022-07-21T19:03:38","slug":"biblioteka-raczynskich-w-poznaniu","status":"publish","type":"page","link":"https:\/\/ichs2020poznan.pl\/pl\/biblioteka-raczynskich-w-poznaniu\/","title":{"rendered":"BIBLIOTEKA RACZY\u0143SKICH"},"content":{"rendered":"<p><\/p>\n<h2><span style=\"color: #ec0b00;\">BIBLIOTEKA RACZY\u0143SKICH<\/span><\/h2>\n<p>Biblioteka Raczy\u0144skich jest samorz\u0105dow\u0105 instytucj\u0105 kultury Miasta Poznania. Zgodnie ze statutem \u201es\u0142u\u017cy zaspokajaniu potrzeb czytelniczych i informacyjnych, upowszechnianiu wiedzy i osi\u0105gni\u0119\u0107 kultury; prowadzi dzia\u0142alno\u015b\u0107 naukow\u0105 i wydawnicz\u0105; organizuje czytelnictwo, ze szczeg\u00f3lnym uwzgl\u0119dnieniem potrzeb dzieci i m\u0142odzie\u017cy oraz os\u00f3b niepe\u0142nosprawnych; popularyzuje ksi\u0105\u017cki i czytelnictwo; wsp\u00f3\u0142dzia\u0142a z innymi bibliotekami oraz instytucjami kulturalnymi, o\u015bwiatowymi, naukowymi, organizacjami<br \/>\ni stowarzyszeniami w rozwijaniu oraz zaspokajaniu potrzeb kulturalnych spo\u0142ecze\u0144stwa\u201d. Us\u0142ugi biblioteczne \u015bwiadczone s\u0105 w nowoczesnym gmachu oraz 39 filiach na terenie Poznania. W strukturze Biblioteki znajduj\u0105 si\u0119 trzy muzea literackie: Mieszkanie-Pracownia Kazimiery I\u0142\u0142akowicz\u00f3wny, Muzeum Literackie Henryka Sienkiewicza, Pracownia-Muzeum J\u00f3zefa Ignacego Kraszewskiego. W g\u0142\u00f3wnej siedzibie i filiach promujemy czytelnictwo, organizujemy wystawy, spotkania literackie. Z bezp\u0142atnej oferty Biblioteki Raczy\u0144skich mog\u0105 korzysta\u0107 czytelnicy w ka\u017cdym wieku.<\/p>\n<p><a href=\"https:\/\/ichs2020poznan.pl\/pl\/wydarzenia-towarzyszace\/\"><span style=\"color: #000080;\">BACK<\/span><\/a><\/p>","protected":false},"excerpt":{"rendered":"<p>BIBLIOTEKA RACZY\u0143SKICH Biblioteka Raczy\u0144skich jest samorz\u0105dow\u0105 instytucj\u0105 kultury Miasta Poznania. Zgodnie ze statutem \u201es\u0142u\u017cy zaspokajaniu potrzeb czytelniczych i informacyjnych, upowszechnianiu wiedzy i osi\u0105gni\u0119\u0107 kultury; prowadzi dzia\u0142alno\u015b\u0107 naukow\u0105 i wydawnicz\u0105; organizuje czytelnictwo, ze szczeg\u00f3lnym uwzgl\u0119dnieniem potrzeb dzieci i m\u0142odzie\u017cy oraz os\u00f3b niepe\u0142nosprawnych; popularyzuje ksi\u0105\u017cki i czytelnictwo; wsp\u00f3\u0142dzia\u0142a z innymi bibliotekami oraz instytucjami kulturalnymi, o\u015bwiatowymi, naukowymi, organizacjami i stowarzyszeniami w rozwijaniu oraz zaspokajaniu potrzeb kulturalnych spo\u0142ecze\u0144stwa\u201d. Us\u0142ugi biblioteczne \u015bwiadczone s\u0105 w nowoczesnym gmachu oraz 39 filiach na terenie Poznania. W strukturze Biblioteki znajduj\u0105 si\u0119 trzy muzea literackie: Mieszkanie-Pracownia Kazimiery I\u0142\u0142akowicz\u00f3wny, Muzeum Literackie Henryka Sienkiewicza, Pracownia-Muzeum J\u00f3zefa Ignacego Kraszewskiego. W g\u0142\u00f3wnej siedzibie i filiach promujemy czytelnictwo, organizujemy wystawy, spotkania literackie. Z bezp\u0142atnej oferty Biblioteki Raczy\u0144skich mog\u0105 korzysta\u0107 czytelnicy w ka\u017cdym wieku. BACK<\/p>\n","protected":false},"author":4,"featured_media":0,"parent":0,"menu_order":0,"comment_status":"closed","ping_status":"closed","template":"","meta":[],"_links":{"self":[{"href":"https:\/\/ichs2020poznan.pl\/pl\/wp-json\/wp\/v2\/pages\/5796"}],"collection":[{"href":"https:\/\/ichs2020poznan.pl\/pl\/wp-json\/wp\/v2\/pages"}],"about":[{"href":"https:\/\/ichs2020poznan.pl\/pl\/wp-json\/wp\/v2\/types\/page"}],"author":[{"embeddable":true,"href":"https:\/\/ichs2020poznan.pl\/pl\/wp-json\/wp\/v2\/users\/4"}],"replies":[{"embeddable":true,"href":"https:\/\/ichs2020poznan.pl\/pl\/wp-json\/wp\/v2\/comments?post=5796"}],"version-history":[{"count":2,"href":"https:\/\/ichs2020poznan.pl\/pl\/wp-json\/wp\/v2\/pages\/5796\/revisions"}],"predecessor-version":[{"id":5801,"href":"https:\/\/ichs2020poznan.pl\/pl\/wp-json\/wp\/v2\/pages\/5796\/revisions\/5801"}],"wp:attachment":[{"href":"https:\/\/ichs2020poznan.pl\/pl\/wp-json\/wp\/v2\/media?parent=5796"}],"curies":[{"name":"wp","href":"https:\/\/api.w.org\/{rel}","templated":true}]}}