{"id":5785,"date":"2022-07-21T17:57:42","date_gmt":"2022-07-21T15:57:42","guid":{"rendered":"https:\/\/ichs2020poznan.pl\/pl\/?page_id=5785"},"modified":"2022-07-21T21:03:45","modified_gmt":"2022-07-21T19:03:45","slug":"english-university-library-in-poznan","status":"publish","type":"page","link":"https:\/\/ichs2020poznan.pl\/pl\/biblioteka-uniwersytecka-w-poznaniu\/","title":{"rendered":"BIBLIOTEKA UNIWERSYTECKA W POZNANIU"},"content":{"rendered":"<p><\/p>\n<h2><span style=\"color: #ec0b00;\">BIBLIOTEKA UNIWERSYTECKA W POZNANIU<\/span><\/h2>\n<p>To wiod\u0105ca biblioteka naukowa Wielkopolski. Stanowi jednostk\u0119 Uniwersytetu im. Adama Mickiewicza powo\u0142an\u0105 do obs\u0142ugi jego zada\u0144 naukowych i dydaktycznych. Tworzy przestrze\u0144 wiedzy zebranej i dost\u0119pnej w kolekcjach historycznych oraz najnowszych \u017ar\u00f3d\u0142ach informacji. W swojej dzia\u0142alno\u015bci d\u0105\u017cy do zapewnienia optymalnej obs\u0142ugi pracownikom naukowym, doktorantom i studentom Uczelni. Zachowuj\u0105c charakter biblioteki publicznej, jest miejscem przyjaznym dla u\u017cytkownik\u00f3w, organizacj\u0105 otwart\u0105 na potrzeby wszystkich, kt\u00f3rzy pragn\u0105 korzysta\u0107 z jej zasob\u00f3w. Biblioteka Uniwersytecka wykorzystuje nowoczesne \u015brodki organizowania dost\u0119pu do wiedzy i dynamicznie rozwijaj\u0105c\u0105 si\u0119 informatyzacj\u0119. Podejmuje dzia\u0142ania dydaktyczne, promuj\u0105ce nauk\u0119 oraz zadania wynikaj\u0105ce z misji Uczelni. Fachow\u0105 obs\u0142ug\u0119 czytelnik\u00f3w zapewniaj\u0105 wyspecjalizowani bibliotekarze, systematycznie podnosz\u0105cy swoje kwalifikacje. Biblioteka Uniwersytecka w Poznaniu jest otwarta na wsp\u00f3\u0142prac\u0119 ze \u015brodowiskiem nauki i kultury, inicjuje oraz realizuje dzia\u0142ania wspomagaj\u0105ce budowanie spo\u0142ecze\u0144stwa wiedzy.<\/p>\n<p><a href=\"https:\/\/ichs2020poznan.pl\/pl\/wydarzenia-towarzyszace\/\"><span style=\"color: #000080;\">BACK<\/span><\/a><\/p>","protected":false},"excerpt":{"rendered":"<p>BIBLIOTEKA UNIWERSYTECKA W POZNANIU To wiod\u0105ca biblioteka naukowa Wielkopolski. Stanowi jednostk\u0119 Uniwersytetu im. Adama Mickiewicza powo\u0142an\u0105 do obs\u0142ugi jego zada\u0144 naukowych i dydaktycznych. Tworzy przestrze\u0144 wiedzy zebranej i dost\u0119pnej w kolekcjach historycznych oraz najnowszych \u017ar\u00f3d\u0142ach informacji. W swojej dzia\u0142alno\u015bci d\u0105\u017cy do zapewnienia optymalnej obs\u0142ugi pracownikom naukowym, doktorantom i studentom Uczelni. Zachowuj\u0105c charakter biblioteki publicznej, jest miejscem przyjaznym dla u\u017cytkownik\u00f3w, organizacj\u0105 otwart\u0105 na potrzeby wszystkich, kt\u00f3rzy pragn\u0105 korzysta\u0107 z jej zasob\u00f3w. Biblioteka Uniwersytecka wykorzystuje nowoczesne \u015brodki organizowania dost\u0119pu do wiedzy i dynamicznie rozwijaj\u0105c\u0105 si\u0119 informatyzacj\u0119. Podejmuje dzia\u0142ania dydaktyczne, promuj\u0105ce nauk\u0119 oraz zadania wynikaj\u0105ce z misji Uczelni. Fachow\u0105 obs\u0142ug\u0119 czytelnik\u00f3w zapewniaj\u0105 wyspecjalizowani bibliotekarze, systematycznie podnosz\u0105cy swoje kwalifikacje. Biblioteka Uniwersytecka w Poznaniu jest otwarta na wsp\u00f3\u0142prac\u0119 ze \u015brodowiskiem nauki i kultury, inicjuje oraz realizuje dzia\u0142ania wspomagaj\u0105ce budowanie spo\u0142ecze\u0144stwa wiedzy. BACK<\/p>\n","protected":false},"author":4,"featured_media":0,"parent":0,"menu_order":0,"comment_status":"closed","ping_status":"closed","template":"","meta":[],"_links":{"self":[{"href":"https:\/\/ichs2020poznan.pl\/pl\/wp-json\/wp\/v2\/pages\/5785"}],"collection":[{"href":"https:\/\/ichs2020poznan.pl\/pl\/wp-json\/wp\/v2\/pages"}],"about":[{"href":"https:\/\/ichs2020poznan.pl\/pl\/wp-json\/wp\/v2\/types\/page"}],"author":[{"embeddable":true,"href":"https:\/\/ichs2020poznan.pl\/pl\/wp-json\/wp\/v2\/users\/4"}],"replies":[{"embeddable":true,"href":"https:\/\/ichs2020poznan.pl\/pl\/wp-json\/wp\/v2\/comments?post=5785"}],"version-history":[{"count":2,"href":"https:\/\/ichs2020poznan.pl\/pl\/wp-json\/wp\/v2\/pages\/5785\/revisions"}],"predecessor-version":[{"id":5789,"href":"https:\/\/ichs2020poznan.pl\/pl\/wp-json\/wp\/v2\/pages\/5785\/revisions\/5789"}],"wp:attachment":[{"href":"https:\/\/ichs2020poznan.pl\/pl\/wp-json\/wp\/v2\/media?parent=5785"}],"curies":[{"name":"wp","href":"https:\/\/api.w.org\/{rel}","templated":true}]}}