{"id":5717,"date":"2022-07-17T11:41:37","date_gmt":"2022-07-17T09:41:37","guid":{"rendered":"https:\/\/ichs2020poznan.pl\/pl\/?page_id=5717"},"modified":"2022-07-21T17:56:25","modified_gmt":"2022-07-21T15:56:25","slug":"poznan-heritage-centre","status":"publish","type":"page","link":"https:\/\/ichs2020poznan.pl\/pl\/poznan-heritage-centre\/","title":{"rendered":"POZNA\u0143SKIE CENTRUM DZIEDZICTWA"},"content":{"rendered":"<p><\/p>\n<h2><span style=\"color: #ec0b00;\">POZNA\u0143SKIE CENTRUM DZIEDZICTWA<\/span><\/h2>\n<p>Pozna\u0144skie Centrum Dziedzictwa to miejska instytucja kultury, kt\u00f3ra opowiada o Poznaniu i jego dziedzictwie. U podstaw naszej dzia\u0142alno\u015bci le\u017cy przekonanie, \u017ce miasta nie da si\u0119 opowiedzie\u0107 w jeden spos\u00f3b. Trzeba je przedstawia\u0107 zawsze na nowo, przyst\u0119pnie i anga\u017cuj\u0105co, wykorzystuj\u0105c r\u00f3\u017cne metody i formy.<br \/>\nDzia\u0142alno\u015b\u0107 Pozna\u0144skiego Centrum Dziedzictwa jest realizowana w pi\u0119ciu obszarach:<br \/>\n\u2022 WYSTAWIENNICTWO: wystawy sta\u0142e, ekspozycje czasowe, wsp\u00f3\u0142praca z artystami i artystkami, tw\u00f3rcami i tw\u00f3rczyniami,<br \/>\n\u2022 EDUKACJA: programy edukacyjne dla wszystkich grup wiekowych, edukacja dla rodzin, zaj\u0119cia edukacyjne dla grup szkolnych, wsparcie nauczycieli i nauczycielek, edukacja obcokrajowc\u00f3w, animacje, gry terenowe, szkolenia, seminaria, publikacje,<br \/>\n\u2022 TURYSTYKA: przewodnictwo, interpretacyjne materia\u0142y turystyczne, wydarzenia turystyczno-kulturowe,<br \/>\n\u2022 DZIA\u0141ALNO\u015a\u0106 NAUKOWO-BADAWCZA: konferencje, seminaria, wydawnictwa popularnonaukowe i naukowe, wsp\u00f3\u0142praca z instytucjami naukowymi oraz instytucjami z bran\u017cy dziedzictwa,<br \/>\n\u2022 DIALOG I AKTYWIZACJA LOKALNA: archiwistyka spo\u0142eczna, mediateka, publikacje i wystawy, wsp\u00f3\u0142praca lokalna.<br \/>\nOpowiadaj\u0105c o dziedzictwie miasta, m\u00f3wimy nie tylko o historii, ale te\u017c o sztuce, kulturze, przyrodzie. Szukamy inspiracji w przesz\u0142o\u015bci i w przyst\u0119pny spos\u00f3b t\u0142umaczymy j\u0105 wsp\u00f3\u0142czesnym odbiorcom. W swojej dzia\u0142alno\u015bci za ka\u017cdym razem szukamy nowych i adekwatnych form interpretacji, prezentacji i popularyzacji dziedzictwa.<br \/>\nKierunki dzia\u0142ania i projekty realizowane przez PCD opiniuje Rada Programowa, zesp\u00f3\u0142 z\u0142o\u017cony z naukowc\u00f3w i naukowczy\u0144, ekspert\u00f3w oraz przedstawicieli \u017cycia spo\u0142ecznego i lokalnego, kt\u00f3ry wspiera nas swoj\u0105 wiedz\u0105, autorytetem i aktywno\u015bci\u0105 spo\u0142eczn\u0105.<\/p>\n<p><a href=\"https:\/\/ichs2020poznan.pl\/pl\/wydarzenia-towarzyszace\/\"><span style=\"color: #000080;\">BACK<\/span><\/a><\/p>","protected":false},"excerpt":{"rendered":"<p>POZNA\u0143SKIE CENTRUM DZIEDZICTWA Pozna\u0144skie Centrum Dziedzictwa to miejska instytucja kultury, kt\u00f3ra opowiada o Poznaniu i jego dziedzictwie. U podstaw naszej dzia\u0142alno\u015bci le\u017cy przekonanie, \u017ce miasta nie da si\u0119 opowiedzie\u0107 w jeden spos\u00f3b. Trzeba je przedstawia\u0107 zawsze na nowo, przyst\u0119pnie i anga\u017cuj\u0105co, wykorzystuj\u0105c r\u00f3\u017cne metody i formy. Dzia\u0142alno\u015b\u0107 Pozna\u0144skiego Centrum Dziedzictwa jest realizowana w pi\u0119ciu obszarach: \u2022 WYSTAWIENNICTWO: wystawy sta\u0142e, ekspozycje czasowe, wsp\u00f3\u0142praca z artystami i artystkami, tw\u00f3rcami i tw\u00f3rczyniami, \u2022 EDUKACJA: programy edukacyjne dla wszystkich grup wiekowych, edukacja dla rodzin, zaj\u0119cia edukacyjne dla grup szkolnych, wsparcie nauczycieli i nauczycielek, edukacja obcokrajowc\u00f3w, animacje, gry terenowe, szkolenia, seminaria, publikacje, \u2022 TURYSTYKA: przewodnictwo, interpretacyjne materia\u0142y turystyczne, wydarzenia turystyczno-kulturowe, \u2022 DZIA\u0141ALNO\u015a\u0106 NAUKOWO-BADAWCZA: konferencje, seminaria, wydawnictwa popularnonaukowe i naukowe, wsp\u00f3\u0142praca z instytucjami naukowymi oraz instytucjami z bran\u017cy dziedzictwa, \u2022 DIALOG I AKTYWIZACJA LOKALNA: archiwistyka spo\u0142eczna, mediateka, publikacje i wystawy, wsp\u00f3\u0142praca lokalna. Opowiadaj\u0105c o dziedzictwie miasta, m\u00f3wimy nie tylko o historii, ale te\u017c o sztuce, kulturze, przyrodzie. Szukamy inspiracji w przesz\u0142o\u015bci i w przyst\u0119pny spos\u00f3b t\u0142umaczymy j\u0105 wsp\u00f3\u0142czesnym odbiorcom. W swojej dzia\u0142alno\u015bci za ka\u017cdym razem szukamy nowych i adekwatnych form interpretacji, prezentacji i popularyzacji dziedzictwa. Kierunki dzia\u0142ania i projekty realizowane przez PCD opiniuje Rada Programowa, zesp\u00f3\u0142 z\u0142o\u017cony z naukowc\u00f3w i naukowczy\u0144, ekspert\u00f3w oraz przedstawicieli \u017cycia spo\u0142ecznego i lokalnego, kt\u00f3ry wspiera nas swoj\u0105 wiedz\u0105, autorytetem i aktywno\u015bci\u0105 spo\u0142eczn\u0105. BACK<\/p>\n","protected":false},"author":4,"featured_media":0,"parent":0,"menu_order":0,"comment_status":"closed","ping_status":"closed","template":"","meta":[],"_links":{"self":[{"href":"https:\/\/ichs2020poznan.pl\/pl\/wp-json\/wp\/v2\/pages\/5717"}],"collection":[{"href":"https:\/\/ichs2020poznan.pl\/pl\/wp-json\/wp\/v2\/pages"}],"about":[{"href":"https:\/\/ichs2020poznan.pl\/pl\/wp-json\/wp\/v2\/types\/page"}],"author":[{"embeddable":true,"href":"https:\/\/ichs2020poznan.pl\/pl\/wp-json\/wp\/v2\/users\/4"}],"replies":[{"embeddable":true,"href":"https:\/\/ichs2020poznan.pl\/pl\/wp-json\/wp\/v2\/comments?post=5717"}],"version-history":[{"count":6,"href":"https:\/\/ichs2020poznan.pl\/pl\/wp-json\/wp\/v2\/pages\/5717\/revisions"}],"predecessor-version":[{"id":5787,"href":"https:\/\/ichs2020poznan.pl\/pl\/wp-json\/wp\/v2\/pages\/5717\/revisions\/5787"}],"wp:attachment":[{"href":"https:\/\/ichs2020poznan.pl\/pl\/wp-json\/wp\/v2\/media?parent=5717"}],"curies":[{"name":"wp","href":"https:\/\/api.w.org\/{rel}","templated":true}]}}