{"id":5711,"date":"2022-07-17T11:05:46","date_gmt":"2022-07-17T09:05:46","guid":{"rendered":"https:\/\/ichs2020poznan.pl\/pl\/?page_id=5711"},"modified":"2022-07-18T22:10:03","modified_gmt":"2022-07-18T20:10:03","slug":"archaeological-museum-in-poznan-reserve-genius-loci","status":"publish","type":"page","link":"https:\/\/ichs2020poznan.pl\/pl\/archaeological-museum-in-poznan-reserve-genius-loci\/","title":{"rendered":"MUZEUM ARCHEOLOGICZNE W POZNANIU &#8211; Rezerwat \u201dGenius Loci\u201d"},"content":{"rendered":"<p><\/p>\n<h2><span style=\"color: #ec0b00;\">MUZEUM ARCHEOLOGICZNE W POZNANIU &#8211; Rezerwat \u201dGenius Loci\u201d<\/span><\/h2>\n<p>Rezerwat zosta\u0142 otwarty 30 czerwca 2012 roku. Powierzchnia dzia\u0142ki to 1002 mkw. Sam neomodernistyczny pawilon wystawienniczy ma 631 mkw. W pe\u0142ni interaktywna wystawa, wyposa\u017cona w kioski multimedialne i projektory holograficzne, wprowadza widz\u00f3w w oryginaln\u0105 zabudow\u0119 Ostrowa Tumskiego z X wieku. Wystaw\u0119 otwiera sala kinowa z technologi\u0105 3D, w kt\u00f3rej wy\u015bwietlany jest film o pocz\u0105tkach Poznania i badaniach archeologicznych prowadzonych na tym terenie. Nast\u0119pnie przechodzi si\u0119 do sal wyposa\u017conych w szklane posadzki, pod kt\u00f3rymi eksponowany jest wa\u0142 pozna\u0144skiego zamku z X wieku oraz fundamenty muru biskupa Jana Lubra\u0144skiego. Ca\u0142o\u015b\u0107 ma zapewni\u0107 bezpo\u015bredni kontakt zwiedzaj\u0105cych z historycznymi pami\u0105tkami pocz\u0105tk\u00f3w pa\u0144stwa polskiego i najstarszymi budowlami zamkowymi. Opr\u00f3cz ekspozycji sta\u0142ej obiekt dysponuje powierzchniami wystawienniczymi na wystawy czasowe. Przy \u015bcianie zachodniej znajduje si\u0119 niewielki ogr\u00f3dek z \u0142awkami.<br \/>\nDost\u0119pne b\u0119d\u0105 wszystkie wystawy sta\u0142e i czasowe, w tym wystawa plenerowa na Ostrowie Tumskim, Ko\u015bci\u00f3\u0142 NMP in summo oraz wystawa w pa\u0142acu Mieszka I.<br \/>\nPolecamy r\u00f3wnie\u017c audioprzewodniki w j\u0119zyku angielskim, niemieckim i francuskim.<\/p>\n<p><a href=\"https:\/\/ichs2020poznan.pl\/pl\/wydarzenia-towarzyszace\/\"><span style=\"color: #000080;\">BACK<\/span><\/a><\/p>","protected":false},"excerpt":{"rendered":"<p>MUZEUM ARCHEOLOGICZNE W POZNANIU &#8211; Rezerwat \u201dGenius Loci\u201d Rezerwat zosta\u0142 otwarty 30 czerwca 2012 roku. Powierzchnia dzia\u0142ki to 1002 mkw. Sam neomodernistyczny pawilon wystawienniczy ma 631 mkw. W pe\u0142ni interaktywna wystawa, wyposa\u017cona w kioski multimedialne i projektory holograficzne, wprowadza widz\u00f3w w oryginaln\u0105 zabudow\u0119 Ostrowa Tumskiego z X wieku. Wystaw\u0119 otwiera sala kinowa z technologi\u0105 3D, w kt\u00f3rej wy\u015bwietlany jest film o pocz\u0105tkach Poznania i badaniach archeologicznych prowadzonych na tym terenie. Nast\u0119pnie przechodzi si\u0119 do sal wyposa\u017conych w szklane posadzki, pod kt\u00f3rymi eksponowany jest wa\u0142 pozna\u0144skiego zamku z X wieku oraz fundamenty muru biskupa Jana Lubra\u0144skiego. Ca\u0142o\u015b\u0107 ma zapewni\u0107 bezpo\u015bredni kontakt zwiedzaj\u0105cych z historycznymi pami\u0105tkami pocz\u0105tk\u00f3w pa\u0144stwa polskiego i najstarszymi budowlami zamkowymi. Opr\u00f3cz ekspozycji sta\u0142ej obiekt dysponuje powierzchniami wystawienniczymi na wystawy czasowe. Przy \u015bcianie zachodniej znajduje si\u0119 niewielki ogr\u00f3dek z \u0142awkami. Dost\u0119pne b\u0119d\u0105 wszystkie wystawy sta\u0142e i czasowe, w tym wystawa plenerowa na Ostrowie Tumskim, Ko\u015bci\u00f3\u0142 NMP in summo oraz wystawa w pa\u0142acu Mieszka I. Polecamy r\u00f3wnie\u017c audioprzewodniki w j\u0119zyku angielskim, niemieckim i francuskim. BACK<\/p>\n","protected":false},"author":4,"featured_media":0,"parent":0,"menu_order":0,"comment_status":"closed","ping_status":"closed","template":"","meta":[],"_links":{"self":[{"href":"https:\/\/ichs2020poznan.pl\/pl\/wp-json\/wp\/v2\/pages\/5711"}],"collection":[{"href":"https:\/\/ichs2020poznan.pl\/pl\/wp-json\/wp\/v2\/pages"}],"about":[{"href":"https:\/\/ichs2020poznan.pl\/pl\/wp-json\/wp\/v2\/types\/page"}],"author":[{"embeddable":true,"href":"https:\/\/ichs2020poznan.pl\/pl\/wp-json\/wp\/v2\/users\/4"}],"replies":[{"embeddable":true,"href":"https:\/\/ichs2020poznan.pl\/pl\/wp-json\/wp\/v2\/comments?post=5711"}],"version-history":[{"count":3,"href":"https:\/\/ichs2020poznan.pl\/pl\/wp-json\/wp\/v2\/pages\/5711\/revisions"}],"predecessor-version":[{"id":5733,"href":"https:\/\/ichs2020poznan.pl\/pl\/wp-json\/wp\/v2\/pages\/5711\/revisions\/5733"}],"wp:attachment":[{"href":"https:\/\/ichs2020poznan.pl\/pl\/wp-json\/wp\/v2\/media?parent=5711"}],"curies":[{"name":"wp","href":"https:\/\/api.w.org\/{rel}","templated":true}]}}