{"id":5706,"date":"2022-07-17T10:40:03","date_gmt":"2022-07-17T08:40:03","guid":{"rendered":"https:\/\/ichs2020poznan.pl\/pl\/?page_id=5706"},"modified":"2022-07-18T20:57:14","modified_gmt":"2022-07-18T18:57:14","slug":"archaeological-museum-in-poznan","status":"publish","type":"page","link":"https:\/\/ichs2020poznan.pl\/pl\/archaeological-museum-in-poznan\/","title":{"rendered":"ARCHAEOLOGICAL MUSEUM IN POZNA\u0143"},"content":{"rendered":"<p><\/p>\n<h2><span style=\"color: #ec0b00;\">MUZEUM ARCHEOLOGICZNE W POZNANIU<\/span><\/h2>\n<p>W naszej bogatej kolekcji z r\u00f3\u017cnych cz\u0119\u015bci \u015bwiata mo\u017cna znale\u017a\u0107 wybitne skarby przesz\u0142o\u015bci, m.in. obelisk faraona Ramzesa II, egipskie pos\u0105gi i papirusy, mistern\u0105 ceramik\u0119 i paciorki suda\u0144skie, afryka\u0144skie petroglify, bogato wyposa\u017cone groby neolitycznych ksi\u0119\u017cniczek znalezionych w Wielkopolsce (Wielkopolska), bogactwo wczesno\u015bredniowiecznych srebrnych ozd\u00f3b, by wymieni\u0107 tylko kilka.<br \/>\nW 2017 roku Muzeum obchodzi\u0142o 160-lecie istnienia! Jej pocz\u0105tki si\u0119gaj\u0105 roku 1857, kiedy przy Pozna\u0144skim Towarzystwie Krzewienia Nauki powsta\u0142o Muzeum Staro\u017cytno\u015bci Polskich i S\u0142owia\u0144skich, kt\u00f3re gromadzi pami\u0105tki zwi\u0105zane z najstarszymi dziejami naszego narodu. Od 1967 roku muzeum mie\u015bci si\u0119 w Pa\u0142acu G\u00f3rk\u00f3w przy ul. Wodnej.<br \/>\nWielkopolska i Afryka to obecnie g\u0142\u00f3wne profile naszej dzia\u0142alno\u015bci. Zajmujemy si\u0119 r\u00f3wnie\u017c archeologi\u0105 Poznania, inicjuj\u0105c i uczestnicz\u0105c w wielu projektach istotnych dla badania zw\u0142aszcza zagadnie\u0144 zwi\u0105zanych z miastem wczesno\u015bredniowiecznym. Przede wszystkim jednak jeste\u015bmy instytucj\u0105 muzealn\u0105, nastawion\u0105 na kontakt z szerokim i wymagaj\u0105cym odbiorc\u0105, promuj\u0105c\u0105 osi\u0105gni\u0119cia archeologii i popularyzuj\u0105c\u0105 wiedz\u0119 o przesz\u0142o\u015bci. Organizujemy wystawy i imprezy edukacyjne dla os\u00f3b w ka\u017cdym wieku.<br \/>\nNasza bogata kolekcja jest cz\u0119sto badana przez archeolog\u00f3w poszukuj\u0105cych odpowiedzi na r\u00f3\u017cne pytania badawcze oraz przez student\u00f3w, dla kt\u00f3rych zabytki pozostaj\u0105 nieocenionym materia\u0142em dydaktycznym. Muzeum posiada w\u0142asne archiwum naukowe, bibliotek\u0119, pracowni\u0119 konserwatorsk\u0105 oraz pracowni\u0119 fotograficzn\u0105.<br \/>\nMuzeum Archeologiczne w Poznaniu przesz\u0142o ju\u017c do historii, ale my, jego obecni pracownicy, wzorem naszych poprzednik\u00f3w, kszta\u0142tujemy jego wsp\u00f3\u0142czesny wizerunek i planujemy jego przysz\u0142o\u015b\u0107. Pozostaje bowiem naszym pragnieniem s\u0142u\u017cenia nauce i spo\u0142ecze\u0144stwu, z kt\u00f3rym jeste\u015bmy na sta\u0142e zwi\u0105zani.<br \/>\nPolecamy r\u00f3wnie\u017c audioprzewodniki w j\u0119zyku polskim i angielskim.<\/p>\n<p><a href=\"https:\/\/ichs2020poznan.pl\/pl\/wydarzenia-towarzyszace\/\"><span style=\"color: #000080;\">BACK<\/span><\/a><\/p>","protected":false},"excerpt":{"rendered":"<p>MUZEUM ARCHEOLOGICZNE W POZNANIU W naszej bogatej kolekcji z r\u00f3\u017cnych cz\u0119\u015bci \u015bwiata mo\u017cna znale\u017a\u0107 wybitne skarby przesz\u0142o\u015bci, m.in. obelisk faraona Ramzesa II, egipskie pos\u0105gi i papirusy, mistern\u0105 ceramik\u0119 i paciorki suda\u0144skie, afryka\u0144skie petroglify, bogato wyposa\u017cone groby neolitycznych ksi\u0119\u017cniczek znalezionych w Wielkopolsce (Wielkopolska), bogactwo wczesno\u015bredniowiecznych srebrnych ozd\u00f3b, by wymieni\u0107 tylko kilka. W 2017 roku Muzeum obchodzi\u0142o 160-lecie istnienia! Jej pocz\u0105tki si\u0119gaj\u0105 roku 1857, kiedy przy Pozna\u0144skim Towarzystwie Krzewienia Nauki powsta\u0142o Muzeum Staro\u017cytno\u015bci Polskich i S\u0142owia\u0144skich, kt\u00f3re gromadzi pami\u0105tki zwi\u0105zane z najstarszymi dziejami naszego narodu. Od 1967 roku muzeum mie\u015bci si\u0119 w Pa\u0142acu G\u00f3rk\u00f3w przy ul. Wodnej. Wielkopolska i Afryka to obecnie g\u0142\u00f3wne profile naszej dzia\u0142alno\u015bci. Zajmujemy si\u0119 r\u00f3wnie\u017c archeologi\u0105 Poznania, inicjuj\u0105c i uczestnicz\u0105c w wielu projektach istotnych dla badania zw\u0142aszcza zagadnie\u0144 zwi\u0105zanych z miastem wczesno\u015bredniowiecznym. Przede wszystkim jednak jeste\u015bmy instytucj\u0105 muzealn\u0105, nastawion\u0105 na kontakt z szerokim i wymagaj\u0105cym odbiorc\u0105, promuj\u0105c\u0105 osi\u0105gni\u0119cia archeologii i popularyzuj\u0105c\u0105 wiedz\u0119 o przesz\u0142o\u015bci. Organizujemy wystawy i imprezy edukacyjne dla os\u00f3b w ka\u017cdym wieku. Nasza bogata kolekcja jest cz\u0119sto badana przez archeolog\u00f3w poszukuj\u0105cych odpowiedzi na r\u00f3\u017cne pytania badawcze oraz przez student\u00f3w, dla kt\u00f3rych zabytki pozostaj\u0105 nieocenionym materia\u0142em dydaktycznym. Muzeum posiada w\u0142asne archiwum naukowe, bibliotek\u0119, pracowni\u0119 konserwatorsk\u0105 oraz pracowni\u0119 fotograficzn\u0105. Muzeum Archeologiczne w Poznaniu przesz\u0142o ju\u017c do historii, ale my, jego obecni pracownicy, wzorem naszych poprzednik\u00f3w, kszta\u0142tujemy jego wsp\u00f3\u0142czesny wizerunek i planujemy jego przysz\u0142o\u015b\u0107. Pozostaje bowiem naszym pragnieniem s\u0142u\u017cenia nauce i spo\u0142ecze\u0144stwu, z kt\u00f3rym jeste\u015bmy na sta\u0142e zwi\u0105zani. Polecamy r\u00f3wnie\u017c audioprzewodniki w j\u0119zyku polskim i angielskim. BACK<\/p>\n","protected":false},"author":4,"featured_media":0,"parent":0,"menu_order":0,"comment_status":"closed","ping_status":"closed","template":"","meta":[],"_links":{"self":[{"href":"https:\/\/ichs2020poznan.pl\/pl\/wp-json\/wp\/v2\/pages\/5706"}],"collection":[{"href":"https:\/\/ichs2020poznan.pl\/pl\/wp-json\/wp\/v2\/pages"}],"about":[{"href":"https:\/\/ichs2020poznan.pl\/pl\/wp-json\/wp\/v2\/types\/page"}],"author":[{"embeddable":true,"href":"https:\/\/ichs2020poznan.pl\/pl\/wp-json\/wp\/v2\/users\/4"}],"replies":[{"embeddable":true,"href":"https:\/\/ichs2020poznan.pl\/pl\/wp-json\/wp\/v2\/comments?post=5706"}],"version-history":[{"count":2,"href":"https:\/\/ichs2020poznan.pl\/pl\/wp-json\/wp\/v2\/pages\/5706\/revisions"}],"predecessor-version":[{"id":5730,"href":"https:\/\/ichs2020poznan.pl\/pl\/wp-json\/wp\/v2\/pages\/5706\/revisions\/5730"}],"wp:attachment":[{"href":"https:\/\/ichs2020poznan.pl\/pl\/wp-json\/wp\/v2\/media?parent=5706"}],"curies":[{"name":"wp","href":"https:\/\/api.w.org\/{rel}","templated":true}]}}