{"id":5689,"date":"2022-07-16T20:14:57","date_gmt":"2022-07-16T18:14:57","guid":{"rendered":"https:\/\/ichs2020poznan.pl\/pl\/?page_id=5689"},"modified":"2022-07-18T20:33:44","modified_gmt":"2022-07-18T18:33:44","slug":"institute-of-national-remembrance-commission-for-the-prosecution-of-crimes-against-the-polish-nation","status":"publish","type":"page","link":"https:\/\/ichs2020poznan.pl\/pl\/institute-of-national-remembrance\/","title":{"rendered":"Instytut Pami\u0119ci Narodowej"},"content":{"rendered":"<p><\/p>\n<h2><span style=\"color: #ec0b00;\">Instytut Pami\u0119ci Narodowej<\/span><\/h2>\n<p>Instytut Pami\u0119ci Narodowej zosta\u0142 powo\u0142any 19 stycznia 1999 r. na mocy ustawy z dnia 18 grudnia 1998 r. Do zada\u0144 Instytutu nale\u017cy gromadzenie i zarz\u0105dzanie dokumentami organ\u00f3w bezpiecze\u0144stwa pa\u0144stwa, sporz\u0105dzonymi od 22 lipca 1944 r. do 31 lipca 1990 r., prowadzenie \u015bledztw w sprawie zbrodni nazistowskich i komunistycznych, w tym zbrodni pope\u0142nionych na osobach narodowo\u015bci polskiej lub obywatelach polskich innych narodowo\u015bci, pope\u0142nionych w okresie od 8 listopada 1917 r. do 31 lipca 1990 r. Inne wa\u017cne zadania Instytutu, to prowadzenie bada\u0144 naukowych oraz dzia\u0142alno\u015b\u0107 w zakresie edukacji publicznej. Ustawowym zadaniem IPN jest r\u00f3wnie\u017c poszukiwanie miejsc spoczynku os\u00f3b poleg\u0142ych w walkach o niepodleg\u0142o\u015b\u0107 i zjednoczenie Pa\u0144stwa Polskiego, poleg\u0142ych w walce z systemem totalitarnym lub wskutek represji totalitarnych i czystek etnicznych w okresie od 8 listopada 1917 r. do 31 lipca 1990 r. Ponadto IPN ma za zadanie prowadzenie dzia\u0142alno\u015bci zwi\u0105zanej z upami\u0119tnianiem historycznych wydarze\u0144, miejsc i postaci w dziejach walk i m\u0119cze\u0144stwa narodu polskiego w kraju i zagranic\u0105 oraz miejsc walki i m\u0119cze\u0144stwa innych narod\u00f3w na terytorium Rzeczypospolitej Polskiej w okresie od 8 listopada 1917 r. do 31 lipca 1990 r. Ustawa o IPN przewiduje udost\u0119pnianie dokument\u00f3w zgromadzonych w archiwach s\u0142u\u017cb specjalnych PRL osobom, o kt\u00f3rych organy bezpiecze\u0144stwa pa\u0144stwa zbiera\u0142y informacje na podstawie celowo gromadzonych danych, w tym w spos\u00f3b tajny.<\/p>\n<p><a href=\"https:\/\/ichs2020poznan.pl\/pl\/wydarzenia-towarzyszace\/\"><span style=\"color: #000080;\">BACK<\/span><\/a><\/p>","protected":false},"excerpt":{"rendered":"<p>Instytut Pami\u0119ci Narodowej Instytut Pami\u0119ci Narodowej zosta\u0142 powo\u0142any 19 stycznia 1999 r. na mocy ustawy z dnia 18 grudnia 1998 r. Do zada\u0144 Instytutu nale\u017cy gromadzenie i zarz\u0105dzanie dokumentami organ\u00f3w bezpiecze\u0144stwa pa\u0144stwa, sporz\u0105dzonymi od 22 lipca 1944 r. do 31 lipca 1990 r., prowadzenie \u015bledztw w sprawie zbrodni nazistowskich i komunistycznych, w tym zbrodni pope\u0142nionych na osobach narodowo\u015bci polskiej lub obywatelach polskich innych narodowo\u015bci, pope\u0142nionych w okresie od 8 listopada 1917 r. do 31 lipca 1990 r. Inne wa\u017cne zadania Instytutu, to prowadzenie bada\u0144 naukowych oraz dzia\u0142alno\u015b\u0107 w zakresie edukacji publicznej. Ustawowym zadaniem IPN jest r\u00f3wnie\u017c poszukiwanie miejsc spoczynku os\u00f3b poleg\u0142ych w walkach o niepodleg\u0142o\u015b\u0107 i zjednoczenie Pa\u0144stwa Polskiego, poleg\u0142ych w walce z systemem totalitarnym lub wskutek represji totalitarnych i czystek etnicznych w okresie od 8 listopada 1917 r. do 31 lipca 1990 r. Ponadto IPN ma za zadanie prowadzenie dzia\u0142alno\u015bci zwi\u0105zanej z upami\u0119tnianiem historycznych wydarze\u0144, miejsc i postaci w dziejach walk i m\u0119cze\u0144stwa narodu polskiego w kraju i zagranic\u0105 oraz miejsc walki i m\u0119cze\u0144stwa innych narod\u00f3w na terytorium Rzeczypospolitej Polskiej w okresie od 8 listopada 1917 r. do 31 lipca 1990 r. Ustawa o IPN przewiduje udost\u0119pnianie dokument\u00f3w zgromadzonych w archiwach s\u0142u\u017cb specjalnych PRL osobom, o kt\u00f3rych organy bezpiecze\u0144stwa pa\u0144stwa zbiera\u0142y informacje na podstawie celowo gromadzonych danych, w tym w spos\u00f3b tajny. BACK<\/p>\n","protected":false},"author":4,"featured_media":0,"parent":0,"menu_order":0,"comment_status":"closed","ping_status":"closed","template":"","meta":[],"_links":{"self":[{"href":"https:\/\/ichs2020poznan.pl\/pl\/wp-json\/wp\/v2\/pages\/5689"}],"collection":[{"href":"https:\/\/ichs2020poznan.pl\/pl\/wp-json\/wp\/v2\/pages"}],"about":[{"href":"https:\/\/ichs2020poznan.pl\/pl\/wp-json\/wp\/v2\/types\/page"}],"author":[{"embeddable":true,"href":"https:\/\/ichs2020poznan.pl\/pl\/wp-json\/wp\/v2\/users\/4"}],"replies":[{"embeddable":true,"href":"https:\/\/ichs2020poznan.pl\/pl\/wp-json\/wp\/v2\/comments?post=5689"}],"version-history":[{"count":5,"href":"https:\/\/ichs2020poznan.pl\/pl\/wp-json\/wp\/v2\/pages\/5689\/revisions"}],"predecessor-version":[{"id":5727,"href":"https:\/\/ichs2020poznan.pl\/pl\/wp-json\/wp\/v2\/pages\/5689\/revisions\/5727"}],"wp:attachment":[{"href":"https:\/\/ichs2020poznan.pl\/pl\/wp-json\/wp\/v2\/media?parent=5689"}],"curies":[{"name":"wp","href":"https:\/\/api.w.org\/{rel}","templated":true}]}}