{"id":430,"date":"2016-06-29T16:43:12","date_gmt":"2016-06-29T14:43:12","guid":{"rendered":"http:\/\/www.ichs2020poznan.pl\/?page_id=430"},"modified":"2021-10-25T19:57:49","modified_gmt":"2021-10-25T17:57:49","slug":"knh-pan-2","status":"publish","type":"page","link":"https:\/\/ichs2020poznan.pl\/pl\/polska-akademia-nauk-komitet-nauk-historycznych\/","title":{"rendered":"KOMITET NAUK HISTORYCZNYCH POLSKIEJ AKADEMII NAUK"},"content":{"rendered":"<p><!-- plywajacy bok start --><\/p>\n<div class=\"side-left\"><img src=\"https:\/\/ichs2020poznan.pl\/wp-content\/uploads\/2016\/06\/PAN-logo-1.png\" \/><\/div>\n<div class=\"side-left\"><strong>POLSKA AKADEMIA NAUK<\/strong><br \/>\npl.\u00a0Defilad 1<br \/>\n00\u2013901\u00a0Warszawa<br \/>\nT.+48\u00a022\u00a0182 60 00<br \/>\nwww.pan.pl<\/div>\n<p><!-- plywajacy bok koniec --><\/p>\n<p>Komitet Nauk Historycznych Polskiej Akademii Nauk jest og\u00f3lnopolsk\u0105 reprezentacj\u0105 historyk\u00f3w, kt\u00f3ra istnieje od lat pi\u0119\u0107dziesi\u0105tych ubieg\u0142ego wieku. Skupia najbardziej uznanych i aktywnych badaczy wszystkich dyscyplin historycznych dzia\u0142aj\u0105cych na wy\u017cszych uczelniach i w innych instytucjach naukowych. Na jego czele stali w przesz\u0142o\u015bci tacy uczeni, jak Stefan Kieniewicz, Jerzy Topolski, Marian Biskup i Janusz \u017barnowski. Obecnie przewodnicz\u0105cym Komitetu Nauk Historycznych PAN jest prof. Tomasz Schramm (Uniwersytet im. Adama Mickiewicza w Poznaniu).<\/p>\n<p>Komitet Nauk Historycznych PAN wypowiada si\u0119 w imieniu polskiego \u015brodowiska historycznego; zabiera g\u0142os w sprawach og\u00f3lnych dotycz\u0105cych bada\u0144 historycznych, popularyzacji historii, statusu spo\u0142ecznego i zawodowego historyk\u00f3w oraz we wszelkich innych kwestiach istotnych dla \u015brodowiska historycznego.<\/p>\n<p>W ramach Komitetu dzia\u0142aj\u0105 komisje reprezentuj\u0105ce szerokie spektrum specjalno\u015bci historycznych i epok dziejowych, kt\u00f3re integruj\u0105 \u015brodowiska historyczne wok\u00f3\u0142 interesuj\u0105cych i wa\u017cnych zagadnie\u0144 naukowych.<\/p>\n<p>Z upowa\u017cnienia PAN Komitet reprezentuje Polsk\u0119 w mi\u0119dzynarodowych organizacjach historyk\u00f3w, przede wszystkim \u2013 jako Polski Komitet Narodowy \u2013 w Mi\u0119dzynarodowym Komitecie Nauk Historycznych (ICHS). Komitet koordynuje te\u017c i wspiera udzia\u0142 polskich historyk\u00f3w w mi\u0119dzynarodowych komisjach historycznych afiliowanych przy ICHS.<\/p>","protected":false},"excerpt":{"rendered":"<p>POLSKA AKADEMIA NAUK pl.\u00a0Defilad 1 00\u2013901\u00a0Warszawa T.+48\u00a022\u00a0182 60 00 www.pan.pl Komitet Nauk Historycznych Polskiej Akademii Nauk jest og\u00f3lnopolsk\u0105 reprezentacj\u0105 historyk\u00f3w, kt\u00f3ra istnieje od lat pi\u0119\u0107dziesi\u0105tych ubieg\u0142ego wieku. Skupia najbardziej uznanych i aktywnych badaczy wszystkich dyscyplin historycznych dzia\u0142aj\u0105cych na wy\u017cszych uczelniach i w innych instytucjach naukowych. Na jego czele stali w przesz\u0142o\u015bci tacy uczeni, jak Stefan Kieniewicz, Jerzy Topolski, Marian Biskup i Janusz \u017barnowski. Obecnie przewodnicz\u0105cym Komitetu Nauk Historycznych PAN jest prof. Tomasz Schramm (Uniwersytet im. Adama Mickiewicza w Poznaniu). Komitet Nauk Historycznych PAN wypowiada si\u0119 w imieniu polskiego \u015brodowiska historycznego; zabiera g\u0142os w sprawach og\u00f3lnych dotycz\u0105cych bada\u0144 historycznych, popularyzacji historii, statusu spo\u0142ecznego i zawodowego historyk\u00f3w oraz we wszelkich innych kwestiach istotnych dla \u015brodowiska historycznego. W ramach Komitetu dzia\u0142aj\u0105 komisje reprezentuj\u0105ce szerokie spektrum specjalno\u015bci historycznych i epok dziejowych, kt\u00f3re integruj\u0105 \u015brodowiska historyczne wok\u00f3\u0142 interesuj\u0105cych i wa\u017cnych zagadnie\u0144 naukowych. Z upowa\u017cnienia PAN Komitet reprezentuje Polsk\u0119 w mi\u0119dzynarodowych organizacjach historyk\u00f3w, przede wszystkim \u2013 jako Polski Komitet Narodowy \u2013 w Mi\u0119dzynarodowym Komitecie Nauk Historycznych (ICHS). Komitet koordynuje te\u017c i wspiera udzia\u0142 polskich historyk\u00f3w w mi\u0119dzynarodowych komisjach historycznych afiliowanych przy ICHS.<\/p>\n","protected":false},"author":1,"featured_media":0,"parent":0,"menu_order":0,"comment_status":"closed","ping_status":"closed","template":"","meta":[],"_links":{"self":[{"href":"https:\/\/ichs2020poznan.pl\/pl\/wp-json\/wp\/v2\/pages\/430"}],"collection":[{"href":"https:\/\/ichs2020poznan.pl\/pl\/wp-json\/wp\/v2\/pages"}],"about":[{"href":"https:\/\/ichs2020poznan.pl\/pl\/wp-json\/wp\/v2\/types\/page"}],"author":[{"embeddable":true,"href":"https:\/\/ichs2020poznan.pl\/pl\/wp-json\/wp\/v2\/users\/1"}],"replies":[{"embeddable":true,"href":"https:\/\/ichs2020poznan.pl\/pl\/wp-json\/wp\/v2\/comments?post=430"}],"version-history":[{"count":35,"href":"https:\/\/ichs2020poznan.pl\/pl\/wp-json\/wp\/v2\/pages\/430\/revisions"}],"predecessor-version":[{"id":4682,"href":"https:\/\/ichs2020poznan.pl\/pl\/wp-json\/wp\/v2\/pages\/430\/revisions\/4682"}],"wp:attachment":[{"href":"https:\/\/ichs2020poznan.pl\/pl\/wp-json\/wp\/v2\/media?parent=430"}],"curies":[{"name":"wp","href":"https:\/\/api.w.org\/{rel}","templated":true}]}}