{"id":4286,"date":"2019-12-17T10:58:21","date_gmt":"2019-12-17T09:58:21","guid":{"rendered":"https:\/\/ichs2020poznan.pl\/pl\/?page_id=4286"},"modified":"2019-12-17T11:04:24","modified_gmt":"2019-12-17T10:04:24","slug":"test-wstawiania","status":"publish","type":"page","link":"https:\/\/ichs2020poznan.pl\/pl\/test-wstawiania\/","title":{"rendered":"Test wstawiania"},"content":{"rendered":"<div class=\"clear-user-agent-styles\">\r\n<table class=\"styled_table\">\r\n<thead>\r\n<tr>    \r\n    <th width=\"150px\" class=\"hotel-name\" scope=\"col\">Nazwa Hotelu \/ adress www<\/th>\r\n    <th scope=\"col\">Adres<\/th>\r\n    <th scope=\"col\">Odleg\u0142o\u015b\u0107 od centrum kongresowego [km]<\/th>\r\n    <th scope=\"col\">Cena za pok\u00f3j 1-osobowy [PLN]<\/th>\r\n    <th scope=\"col\">Cena za pok\u00f3j 2-osobowy [PLN]<\/th>\r\n    <th scope=\"col\">Liczba pokoi<\/th>\r\n<\/tr>\r\n<\/thead>\r\n<tbody>\r\n<tr>\r\n    <td class=\"hotel-name\" data-label=\"Nazwa Hotelu \/ adress www\"                  rowspan=\"3\" >HOTEL SHERATON *****<\/br><a href=\"http:\/\/www.sheraton.pl\/poznan\">www.sheraton.pl\/poznan<\/a><\/td>\r\n    <td data-label=\"Adres\"                                      rowspan=\"3\" >ul. Bukowska 3\/9 Pozna\u0144 60-809<\/td>\r\n    <td data-label=\"Odleg\u0142o\u015b\u0107 od centrum kongresowego [km]\"     rowspan=\"3\" >1,1<\/td>\r\n    <td data-label=\"Cena za pok\u00f3j 1-osobowy [PLN]\"                          >CLASSIC 421,20<\/td>\r\n    <td data-label=\"Cena za pok\u00f3j 2-osobowy [PLN]\"                          >CLASSIC 475,20<\/td>\r\n    <td data-label=\"Liczba pokoi\"                                           >60<\/td>\r\n<\/tr>\r\n<tr>\r\n    <td data-label=\"Cena za pok\u00f3j 1-osobowy [PLN]\"                          >DE LUX 529,20<\/td>\r\n    <td data-label=\"Cena za pok\u00f3j 2-osobowy [PLN]\"                          >DE LUX 604,80<\/td>\r\n    <td data-label=\"Liczba pokoi\"                                           >10<\/td>\r\n<\/tr>\r\n<tr>\r\n    <td data-label=\"Cena za pok\u00f3j 1-osobowy [PLN]\"                          >CLUB 637,20<\/td>\r\n    <td data-label=\"Cena za pok\u00f3j 2-osobowy [PLN]\"                          >CLUB 712,80<\/td>\r\n    <td data-label=\"Liczba pokoi\"                                           >20<\/td>\r\n<\/tr>\r\n<tr>\r\n    <td class=\"hotel-name\"  data-label=\"Nazwa Hotelu \/ adress www\"                  >CITY PARK RESIDENCE *****<\/br><a href=\"http:\/\/www.cityparkhotel.pl\">www.cityparkhotel.pl<\/a><\/td>\r\n    <td data-label=\"Adres\"                                      >ul. Wyspia\u0144skiego 26a, Pozna\u0144 60-751 <\/td>\r\n    <td data-label=\"Odleg\u0142o\u015b\u0107 od centrum kongresowego [km]\"     >2,2<\/td>\r\n    <td data-label=\"Cena za pok\u00f3j 1-osobowy [PLN]\"              >480<\/td>\r\n    <td data-label=\"Cena za pok\u00f3j 2-osobowy [PLN]\"              >555<\/td>\r\n    <td data-label=\"Liczba pokoi\"                               >30<\/td>\r\n<\/tr>\r\n<tr>\r\n    <td class=\"hotel-name\"  data-label=\"Nazwa Hotelu \/ adress www\"                  >IBB ANDERSIA HOTEL ****<\/br><a href=\"www.andersiahotel.pl\">www.andersiahotel.pl<\/a><\/td>\r\n    <td data-label=\"Adres\"                                      >Plac Andersa 3, Pozna\u0144 61-894 <\/td>\r\n    <td data-label=\"Odleg\u0142o\u015b\u0107 od centrum kongresowego [km]\"     >1,0<\/td>\r\n    <td data-label=\"Cena za pok\u00f3j 1-osobowy [PLN]\"              >469<\/td>\r\n    <td data-label=\"Cena za pok\u00f3j 2-osobowy [PLN]\"              >539<\/td>\r\n    <td data-label=\"Liczba pokoi\"                               >50<\/td>\r\n<\/tr>\r\n<tr>\r\n    <td class=\"hotel-name\"  data-label=\"Nazwa Hotelu \/ adress www\"                  >HOTEL NH ****<\/br><a href=\"http:\/\/www.nhpoznan.pl\">www.nhpoznan.pl<\/a><\/td>\r\n    <td data-label=\"Adres\"                                      >ul. \u015aw. Marcin 67, Pozna\u0144 61-806 <\/td>\r\n    <td data-label=\"Odleg\u0142o\u015b\u0107 od centrum kongresowego [km]\"     >0,2<\/td>\r\n    <td data-label=\"Cena za pok\u00f3j 1-osobowy [PLN]\"              >399<\/td>\r\n    <td data-label=\"Cena za pok\u00f3j 2-osobowy [PLN]\"              >449<\/td>\r\n    <td data-label=\"Liczba pokoi\"                               >20<\/td>\r\n<\/tr>\r\n\r\n<tr>\r\n    <td class=\"hotel-name\"  data-label=\"Nazwa Hotelu \/ adress www\"                  >HOTEL MERCURE POZNA\u0143 CENTRUM **** <a href=\"http:\/\/www.accorhotels.com\">www.accorhotels.com<\/a><\/td>\r\n    <td data-label=\"Adres\"                                                          >ul. Roosevelta 20, Pozna\u0144 60-829 <\/td>\r\n    <td data-label=\"Odleg\u0142o\u015b\u0107 od centrum kongresowego [km]\"                         >0,6<\/td>\r\n    <td data-label=\"Cena za pok\u00f3j 1-osobowy [PLN]\"                                  >310<\/td>\r\n    <td data-label=\"Cena za pok\u00f3j 2-osobowy [PLN]\"                                  >340<\/td>\r\n    <td data-label=\"Liczba pokoi\"                                                   >50<\/td>\r\n<\/tr>\r\n\r\n<tr>\r\n    <td class=\"hotel-name\" data-label=\"Nazwa Hotelu \/ adress www\"                  rowspan=\"2\" >HOTEL NOVOTEL CENTRUM POZNA\u0143 **** <a href=\"http:\/\/www.accorhotels.com\">www.accorhotels.com<\/a><\/td>\r\n    <td data-label=\"Adres\"                                      rowspan=\"2\" >                   Plac Andersa 3, Pozna\u0144 61-898 <\/td>\r\n    <td data-label=\"Odleg\u0142o\u015b\u0107 od centrum kongresowego [km]\"     rowspan=\"2\" >                   0,9<\/td>\r\n    <td data-label=\"Cena za pok\u00f3j 1-osobowy [PLN]\"                          >                   Standard 315<\/td>\r\n    <td data-label=\"Cena za pok\u00f3j 2-osobowy [PLN]\"                          >                   Standard 345<\/td>\r\n    <td data-label=\"Liczba pokoi\"                                           >                   30<\/td>\r\n<\/tr>                   \r\n<tr>                    \r\n    <td data-label=\"Cena za pok\u00f3j 1-osobowy [PLN]\"                          >                   Nroom 348<\/td>\r\n    <td data-label=\"Cena za pok\u00f3j 2-osobowy [PLN]\"                          >                   Nroom 378<\/td>\r\n    <td data-label=\"Liczba pokoi\"                                           >                   70<\/td>\r\n<\/tr>\r\n\r\n<tr>\r\n    <td class=\"hotel-name\"  data-label=\"Nazwa Hotelu \/ adress www\"                  >HOTEL PURO **** <a href=\"http:\/\/www.purohotel.pl\/poznan\">www.purohotel.pl\/poznan<\/a><\/td>\r\n    <td data-label=\"Adres\"                                                          >ul. Stawna 12, Pozna\u0144 61-759 <\/td>\r\n    <td data-label=\"Odleg\u0142o\u015b\u0107 od centrum kongresowego [km]\"                         >1,4<\/td>\r\n    <td data-label=\"Cena za pok\u00f3j 1-osobowy [PLN]\"                                  >339<\/td>\r\n    <td data-label=\"Cena za pok\u00f3j 2-osobowy [PLN]\"                                  >394<\/td>\r\n    <td data-label=\"Liczba pokoi\"                                                   >20<\/td>\r\n<\/tr>\r\n\r\n\r\n<tr>\r\n    <td class=\"hotel-name\"  data-label=\"Nazwa Hotelu \/ adress www\"                  >PARK INN BY RADISSON **** <a href=\"http:\/\/www.parkinn.com\/hotel-poznan\">www.parkinn.com\/hotel-poznan<\/a><\/td>\r\n    <td data-label=\"Adres\"                                                          >ul. Szyperska 22, Pozna\u0144 61-754 <\/td>\r\n    <td data-label=\"Odleg\u0142o\u015b\u0107 od centrum kongresowego [km]\"                         >1,7<\/td>\r\n    <td data-label=\"Cena za pok\u00f3j 1-osobowy [PLN]\"                                  >315<\/td>\r\n    <td data-label=\"Cena za pok\u00f3j 2-osobowy [PLN]\"                                  >365<\/td>\r\n    <td data-label=\"Liczba pokoi\"                                                   >20<\/td>\r\n<\/tr>\r\n\r\n<tr>\r\n    <td class=\"hotel-name\"  data-label=\"Nazwa Hotelu \/ adress www\"                  >HOTEL MODERNO **** <a href=\"http:\/\/www.hotelmoderno.pl\">www.hotelmoderno.pl<\/a><\/td>\r\n    <td data-label=\"Adres\"                                                          >ul. Kolejowa 29, Pozna\u0144 60-718 <\/td>\r\n    <td data-label=\"Odleg\u0142o\u015b\u0107 od centrum kongresowego [km]\"                         >2,8<\/td>\r\n    <td data-label=\"Cena za pok\u00f3j 1-osobowy [PLN]\"                                  >290<\/td>\r\n    <td data-label=\"Cena za pok\u00f3j 2-osobowy [PLN]\"                                  >320<\/td>\r\n    <td data-label=\"Liczba pokoi\"                                                   >35<\/td>\r\n<\/tr>\r\n\r\n<tr>\r\n    <td class=\"hotel-name\"  data-label=\"Nazwa Hotelu \/ adress www\"                  >DON PRESTIGE **** <a href=\"http:\/\/www.donprestige.com\">www.donprestige.com<\/a><\/td>\r\n    <td data-label=\"Adres\"                                                          >ul. \u015aw. Marcin 2, Pozna\u0144 60-803 <\/td>\r\n    <td data-label=\"Odleg\u0142o\u015b\u0107 od centrum kongresowego [km]\"                         >0,8<\/td>\r\n    <td data-label=\"Cena za pok\u00f3j 1-osobowy [PLN]\"                                  >220<\/td>\r\n    <td data-label=\"Cena za pok\u00f3j 2-osobowy [PLN]\"                                  >265<\/td>\r\n    <td data-label=\"Liczba pokoi\"                                                   >30<\/td>\r\n<\/tr>\r\n\r\n<tr>\r\n    <td class=\"hotel-name\"  data-label=\"Nazwa Hotelu \/ adress www\"                  >ALTUS *** <a href=\"http:\/\/www.hotelaltus.pl\">www.hotelaltus.pl<\/a><\/td>\r\n    <td data-label=\"Adres\"                                                          >ul. \u015aw. Marcin 40, Pozna\u0144 60-807 <\/td>\r\n    <td data-label=\"Odleg\u0142o\u015b\u0107 od centrum kongresowego [km]\"                         >0,4<\/td>\r\n    <td data-label=\"Cena za pok\u00f3j 1-osobowy [PLN]\"                                  >230<\/td>\r\n    <td data-label=\"Cena za pok\u00f3j 2-osobowy [PLN]\"                                  >270<\/td>\r\n    <td data-label=\"Liczba pokoi\"                                                   >20<\/td>\r\n<\/tr>\r\n\r\n<tr>\r\n    <td class=\"hotel-name\"  data-label=\"Nazwa Hotelu \/ adress www\"                  >HOTEL NOVOTEL MALTA POZNA\u0143 *** <a href=\"http:\/\/www.accorhotels.com\">www.accorhotels.com<\/a><\/td>\r\n    <td data-label=\"Adres\"                                                          >ul. Termalna 5, Pozna\u0144 61-028 <\/td>\r\n    <td data-label=\"Odleg\u0142o\u015b\u0107 od centrum kongresowego [km]\"                         >4,3<\/td>\r\n    <td data-label=\"Cena za pok\u00f3j 1-osobowy [PLN]\"                                  >268<\/td>\r\n    <td data-label=\"Cena za pok\u00f3j 2-osobowy [PLN]\"                                  >298<\/td>\r\n    <td data-label=\"Liczba pokoi\"                                                   >50<\/td>\r\n<\/tr>\r\n\r\n<tr>\r\n    <td class=\"hotel-name\"  data-label=\"Nazwa Hotelu \/ adress www\"                  >HAMPTON BY HILTON *** <a href=\"http:\/\/www.hiltonhotels.com\">www.hiltonhotels.com<\/a><\/td>\r\n    <td data-label=\"Adres\"                                                          >ul. \u015aw. Marcin 6, Pozna\u0144 60-803<\/td>\r\n    <td data-label=\"Odleg\u0142o\u015b\u0107 od centrum kongresowego [km]\"                         >0,8<\/td>\r\n    <td data-label=\"Cena za pok\u00f3j 1-osobowy [PLN]\"                                  >280<\/td>\r\n    <td data-label=\"Cena za pok\u00f3j 2-osobowy [PLN]\"                                  >325<\/td>\r\n    <td data-label=\"Liczba pokoi\"                                                   >30<\/td>\r\n<\/tr>\r\n\r\n<tr>\r\n    <td class=\"hotel-name\"  data-label=\"Nazwa Hotelu \/ adress www\"                  >FOCUS *** <a href=\"http:\/\/www.focushotels.pl\">www.focushotels.pl<\/a><\/td>\r\n    <td data-label=\"Adres\"                                                          >ul. Serafitek 4, Pozna\u0144 61-044<\/td>\r\n    <td data-label=\"Odleg\u0142o\u015b\u0107 od centrum kongresowego [km]\"                         >2,5<\/td>\r\n    <td data-label=\"Cena za pok\u00f3j 1-osobowy [PLN]\"                                  >230<\/td>\r\n    <td data-label=\"Cena za pok\u00f3j 2-osobowy [PLN]\"                                  >280<\/td>\r\n    <td data-label=\"Liczba pokoi\"                                                   >20<\/td>\r\n<\/tr>\r\n\r\n\r\n<tr>\r\n    <td class=\"hotel-name\"  data-label=\"Nazwa Hotelu \/ adress www\"                  >HOTEL GAJA *** <a href=\"http:\/\/www.gaja-hotel.pl\">www.gaja-hotel.pl<\/a><\/td>\r\n    <td data-label=\"Adres\"                                                          >ul. Gajowa 12, Pozna\u0144 61-663<\/td>\r\n    <td data-label=\"Odleg\u0142o\u015b\u0107 od centrum kongresowego [km]\"                         >1,0<\/td>\r\n    <td data-label=\"Cena za pok\u00f3j 1-osobowy [PLN]\"                                  >150<\/td>\r\n    <td data-label=\"Cena za pok\u00f3j 2-osobowy [PLN]\"                                  >180<\/td>\r\n    <td data-label=\"Liczba pokoi\"                                                   >20<\/td>\r\n<\/tr>\r\n\r\n<tr>\r\n    <td class=\"hotel-name\"  data-label=\"Nazwa Hotelu \/ adress www\"                  >HOTEL IKAR *** <a href=\"http:\/\/www.amwhotele.pl\">www.amwhotele.pl<\/a><\/td>\r\n    <td data-label=\"Adres\"                                                          >ul. Solna 18, Pozna\u0144 61-717<\/td>\r\n    <td data-label=\"Odleg\u0142o\u015b\u0107 od centrum kongresowego [km]\"                         >1,0<\/td>\r\n    <td data-label=\"Cena za pok\u00f3j 1-osobowy [PLN]\"                                  >140<\/td>\r\n    <td data-label=\"Cena za pok\u00f3j 2-osobowy [PLN]\"                                  >230<\/td>\r\n    <td data-label=\"Liczba pokoi\"                                                   >70<\/td>\r\n<\/tr>\r\n\r\n\r\n<tr>\r\n    <td class=\"hotel-name\"  data-label=\"Nazwa Hotelu \/ adress www\"                  >HOTEL IOR *** <a href=\"http:\/\/www.hotelior.pl\">www.hotelior.pl<\/a><\/td>\r\n    <td data-label=\"Adres\"                                                          >ul. W. W\u0119gorka 20, Pozna\u0144 60-318<\/td>\r\n    <td data-label=\"Odleg\u0142o\u015b\u0107 od centrum kongresowego [km]\"                         >5,0<\/td>\r\n    <td data-label=\"Cena za pok\u00f3j 1-osobowy [PLN]\"                                  >150<\/td>\r\n    <td data-label=\"Cena za pok\u00f3j 2-osobowy [PLN]\"                                  >180<\/td>\r\n    <td data-label=\"Liczba pokoi\"                                                   >40<\/td>\r\n<\/tr>\r\n\r\n<tr>\r\n    <td class=\"hotel-name\"  data-label=\"Nazwa Hotelu \/ adress www\"                  >HOTEL GROMADA *** <a href=\"http:\/\/www.gromada.pl\/hotel-poznan\">www.gromada.pl\/hotel-poznan<\/a><\/td>\r\n    <td data-label=\"Adres\"                                                          >ul. Babimojska 7, Pozna\u0144 60-161<\/td>\r\n    <td data-label=\"Odleg\u0142o\u015b\u0107 od centrum kongresowego [km]\"                         >5,0<\/td>\r\n    <td data-label=\"Cena za pok\u00f3j 1-osobowy [PLN]\"                                  >180<\/td>\r\n    <td data-label=\"Cena za pok\u00f3j 2-osobowy [PLN]\"                                  >210<\/td>\r\n    <td data-label=\"Liczba pokoi\"                                                   >30<\/td>\r\n<\/tr>\r\n\r\n<tr>\r\n    <td class=\"hotel-name\"  data-label=\"Nazwa Hotelu \/ adress www\"                  >HOTEL RZYMSKI *** <a href=\"http:\/\/www.hotelrzymski.pl\">www.hotelrzymski.pl<\/a><\/td>\r\n    <td data-label=\"Adres\"                                                          >Al. Marcinkowskiego 22, Pozna\u0144 61-827<\/td>\r\n    <td data-label=\"Odleg\u0142o\u015b\u0107 od centrum kongresowego [km]\"                         >0,8<\/td>\r\n    <td data-label=\"Cena za pok\u00f3j 1-osobowy [PLN]\"                                  >245<\/td>\r\n    <td data-label=\"Cena za pok\u00f3j 2-osobowy [PLN]\"                                  >310<\/td>\r\n    <td data-label=\"Liczba pokoi\"                                                   >25<\/td>\r\n<\/tr>\r\n\r\n<tr>\r\n    <td class=\"hotel-name\"  data-label=\"Nazwa Hotelu \/ adress www\"                  >IBIS POZNA\u0143 CENTRUM *** <a href=\"http:\/\/www.accorhotels.com\">www.accorhotels.com<\/a><\/td>\r\n    <td data-label=\"Adres\"                                                          >Plac Andersa 1, Pozna\u0144 61-898<\/td>\r\n    <td data-label=\"Odleg\u0142o\u015b\u0107 od centrum kongresowego [km]\"                         >0,9<\/td>\r\n    <td data-label=\"Cena za pok\u00f3j 1-osobowy [PLN]\"                                  >248<\/td>\r\n    <td data-label=\"Cena za pok\u00f3j 2-osobowy [PLN]\"                                  >378<\/td>\r\n    <td data-label=\"Liczba pokoi\"                                                   >60<\/td>\r\n<\/tr>\r\n\r\n<tr>\r\n    <td class=\"hotel-name\"  data-label=\"Nazwa Hotelu \/ adress www\"                  >IBIS POZNA\u0143 STARE MIASTO *** <a href=\"http:\/\/www.accorhotels.com\">www.accorhotels.com<\/a><\/td>\r\n    <td data-label=\"Adres\"                                                          >ul. Kazimierza Wielkiego 23, Pozna\u0144 61-683<\/td>\r\n    <td data-label=\"Odleg\u0142o\u015b\u0107 od centrum kongresowego [km]\"                         >1,7<\/td>\r\n    <td data-label=\"Cena za pok\u00f3j 1-osobowy [PLN]\"                                  >237<\/td>\r\n    <td data-label=\"Cena za pok\u00f3j 2-osobowy [PLN]\"                                  >267<\/td>\r\n    <td data-label=\"Liczba pokoi\"                                                   >40<\/td>\r\n<\/tr>\r\n\r\n<\/tbody>\r\n<\/table>\r\n\r\n<\/div>","protected":false},"excerpt":{"rendered":"","protected":false},"author":7,"featured_media":0,"parent":0,"menu_order":0,"comment_status":"closed","ping_status":"closed","template":"","meta":[],"_links":{"self":[{"href":"https:\/\/ichs2020poznan.pl\/pl\/wp-json\/wp\/v2\/pages\/4286"}],"collection":[{"href":"https:\/\/ichs2020poznan.pl\/pl\/wp-json\/wp\/v2\/pages"}],"about":[{"href":"https:\/\/ichs2020poznan.pl\/pl\/wp-json\/wp\/v2\/types\/page"}],"author":[{"embeddable":true,"href":"https:\/\/ichs2020poznan.pl\/pl\/wp-json\/wp\/v2\/users\/7"}],"replies":[{"embeddable":true,"href":"https:\/\/ichs2020poznan.pl\/pl\/wp-json\/wp\/v2\/comments?post=4286"}],"version-history":[{"count":3,"href":"https:\/\/ichs2020poznan.pl\/pl\/wp-json\/wp\/v2\/pages\/4286\/revisions"}],"predecessor-version":[{"id":4290,"href":"https:\/\/ichs2020poznan.pl\/pl\/wp-json\/wp\/v2\/pages\/4286\/revisions\/4290"}],"wp:attachment":[{"href":"https:\/\/ichs2020poznan.pl\/pl\/wp-json\/wp\/v2\/media?parent=4286"}],"curies":[{"name":"wp","href":"https:\/\/api.w.org\/{rel}","templated":true}]}}