{"id":3804,"date":"2019-10-28T12:44:43","date_gmt":"2019-10-28T11:44:43","guid":{"rendered":"https:\/\/ichs2020poznan.pl\/pl\/?page_id=3804"},"modified":"2022-08-16T16:40:34","modified_gmt":"2022-08-16T14:40:34","slug":"o-polsce-2-2","status":"publish","type":"page","link":"https:\/\/ichs2020poznan.pl\/pl\/wskazowki-praktyczne\/","title":{"rendered":"WSKAZ\u00d3WKI PRAKTYCZNE"},"content":{"rendered":"<p><\/p>\n<h4><span style=\"color: #101a9d;\"><strong>MIEJSCA KONGRESOWE<\/strong><\/span><\/h4>\n<p>Wi\u0119kszo\u015b\u0107 obiekt\u00f3w, w kt\u00f3rych odbywa\u0107 si\u0119 b\u0119dzie Kongres, zlokalizowana jest w samym centrum Poznania, w odleg\u0142o\u015bci kilku minut marszu od siebie. S\u0105 to zabytkowe gmachy, zbudowane w pocz\u0105tku XX wieku dla w\u0142adz i instytucji pruskich, rezyduj\u0105cych w\u00f3wczas w Poznaniu. Od odzyskania przez Polsk\u0119 niepodleg\u0142o\u015bci w 1918 r. s\u0142u\u017c\u0105 one Uniwersytetowi. W ostatnich latach zosta\u0142y starannie odrestaurowane.<img loading=\"lazy\" class=\"aligncenter wp-image-5952 size-full\" src=\"https:\/\/ichs2020poznan.pl\/wp-content\/uploads\/2022\/08\/congres-vanues.jpg\" alt=\"\" width=\"1200\" height=\"905\" srcset=\"https:\/\/ichs2020poznan.pl\/wp-content\/uploads\/2022\/08\/congres-vanues.jpg 1200w, https:\/\/ichs2020poznan.pl\/wp-content\/uploads\/2022\/08\/congres-vanues-300x226.jpg 300w, https:\/\/ichs2020poznan.pl\/wp-content\/uploads\/2022\/08\/congres-vanues-1024x772.jpg 1024w, https:\/\/ichs2020poznan.pl\/wp-content\/uploads\/2022\/08\/congres-vanues-768x579.jpg 768w\" sizes=\"(max-width: 1200px) 100vw, 1200px\" \/><\/p>\n<p>Najwa\u017cniejszym z obiekt\u00f3w wykorzystywanych podczas Kongresu b\u0119dzie<strong> CK Zamek<\/strong> (ul. \u015awi\u0119ty Marcin 80\/82, 61-809 Pozna\u0144), w kt\u00f3rym zlokalizowane b\u0119d\u0105<\/p>\n<ul>\n<li>Centrum Kongresowe (punkt rejestracji uczestnik\u00f3w, punkt informacyjny, strefa chill-out)<\/li>\n<li>Research Forum<\/li>\n<li>Mi\u0119dzynarodowe Targi Ksi\u0105\u017cki Historycznej<\/li>\n<li>Biuro Kongresowe<\/li>\n<\/ul>\n<p>Obok niego wykorzystywane b\u0119d\u0105 tak\u017ce<\/p>\n<ul>\n<li>Collegium Minus (ul. Wieniawskiego 1, 61-712 Pozna\u0144)<\/li>\n<li>Collegium Maius (ul. Fredry 10, 61-701 Pozna\u0144)<\/li>\n<li>Collegium Novum (al. Niepodleg\u0142o\u015bci 4, 61-874 Pozna\u0144)<\/li>\n<li>Collegium Historicum (ul. Uniwersytetu Pozna\u0144skiego 7, 61-614 Pozna\u0144)<\/li>\n<\/ul>\n<p><img loading=\"lazy\" class=\"aligncenter size-full wp-image-5953\" src=\"https:\/\/ichs2020poznan.pl\/wp-content\/uploads\/2022\/08\/mapa-lokalizacje-centrum.jpg\" alt=\"\" width=\"1200\" height=\"1200\" srcset=\"https:\/\/ichs2020poznan.pl\/wp-content\/uploads\/2022\/08\/mapa-lokalizacje-centrum.jpg 1200w, https:\/\/ichs2020poznan.pl\/wp-content\/uploads\/2022\/08\/mapa-lokalizacje-centrum-300x300.jpg 300w, https:\/\/ichs2020poznan.pl\/wp-content\/uploads\/2022\/08\/mapa-lokalizacje-centrum-1024x1024.jpg 1024w, https:\/\/ichs2020poznan.pl\/wp-content\/uploads\/2022\/08\/mapa-lokalizacje-centrum-150x150.jpg 150w, https:\/\/ichs2020poznan.pl\/wp-content\/uploads\/2022\/08\/mapa-lokalizacje-centrum-768x768.jpg 768w\" sizes=\"(max-width: 1200px) 100vw, 1200px\" \/><\/p>\n<h4><strong><span style=\"color: #101a9d;\">PORUSZANIE SI\u0118 PO POZNANIU<\/span><br \/>\n<\/strong><\/h4>\n<p>Centrum Poznania jest niewielkim obszarem o \u015brednicy oko\u0142o 2-3 km. Pokryte jest g\u0119st\u0105 sieci\u0105 linii tramwajowych i autobusowych.<\/p>\n<p><strong>Tramwaje i autobusy<\/strong><br \/>\nKorzystanie z komunikacji miejskiej jest proste i dla uczestnik\u00f3w Kongresu bezp\u0142atne (za okazaniem identyfikatora Kongresu).<br \/>\nNajwa\u017cniejszym w\u0119z\u0142em komunikacyjnym w centrum miasta jest <strong>Rondo Kaponiera<\/strong> z <strong>Mostem Teatralnym<\/strong>, gdzie krzy\u017cuje si\u0119\u00a0wi\u0119kszo\u015b\u0107 linii tramwajowych. Szczeg\u00f3\u0142y po\u0142\u0105cze\u0144 tramwajowych i autobusowych mo\u017cna znale\u017a\u0107 na stronach <a href=\"https:\/\/www.ztm.poznan.pl\/en\/\"><span style=\"color: #0000ff;\">https:\/\/www.ztm.poznan.pl\/en\/<\/span><\/a><\/p>\n<p><strong>Taks\u00f3wki<\/strong><br \/>\nPostoje taks\u00f3wek znajduj\u0105\u00a0si\u0119 przy lotnisku, dworcu kolejowym i w wielu miejscach w centrum miasta. Taks\u00f3wk\u0119 mo\u017cna tak\u017ce wezwa\u0107 telefonicznie lub za pomoc\u0105 powszechnie dost\u0119pnych aplikacji. Korzystanie z taks\u00f3wek jest bezpieczne, a op\u0142aty, w wypadku jazdy po centrum miasta, nie powinny przekroczy\u0107 15 z\u0142 (ok. 4 Euro). \u015arednia cena za zam\u00f3wienie taks\u00f3wki lub wej\u015bcie do pojazdu wynosi ok 1,5 Euro, \u015brednia cena za kilometr jazdy to 0,6 Euro. Po zako\u0144czeniu jazdy, kierowca ma obowi\u0105zek wyda\u0107 paragon z cen\u0105 za przejazd.<br \/>\nW Poznaniu aktywne s\u0105 tak\u017ce mi\u0119dzynarodowe firmy, obs\u0142uguj\u0105ce zam\u00f3wienia pojazd\u00f3w i op\u0142aty za przejazd pomoc\u0105 aplikacji mobilnych.<\/p>\n<p><strong>Rower<\/strong><br \/>\nSie\u0107 Pozna\u0144skiego Roweru Miejskiego obejmuje kilkaset stacji rowerowych i kilka tysi\u0119cy rower\u00f3w w ca\u0142ym mie\u015bcie. Mo\u017cna je wypo\u017cycza\u0107 za pomoc\u0105 aplikacji mobilnej. Szczeg\u00f3\u0142y znajduj\u0105 si\u0119\u00a0na stronie<a href=\"https:\/\/poznanskirower.pl\/en\/\"><span style=\"color: #0000ff;\"> https:\/\/poznanskirower.pl\/en\/<\/span><\/a>.<\/p>\n<p><strong>Hulajnogi<\/strong><br \/>\nW Poznaniu mo\u017cna korzysta\u0107 z nast\u0119puj\u0105cych mi\u0119dzynarodowych sieci hulajn\u00f3g:<\/p>\n<ul>\n<li><strong>Lime<\/strong> <a href=\"https:\/\/www.li.me\/en-us\/home\"><span style=\"color: #0000ff;\">https:\/\/www.li.me\/en-us\/home<\/span><\/a><\/li>\n<li><strong>Bird<\/strong> <a href=\"https:\/\/www.bird.co\/how\/\"><span style=\"color: #0000ff;\">https:\/\/www.bird.co\/how\/<\/span><\/a><\/li>\n<li><strong>Blinkee<\/strong> <span style=\"color: #0000ff;\"><a style=\"color: #0000ff;\" href=\"https:\/\/blinkee.city\/en\">https:\/\/blinkee.city\/en<\/a><\/span><\/li>\n<\/ul>\n<p><strong>Pieszo<\/strong><br \/>\nPoruszanie si\u0119 pieszo po \u015br\u00f3dmie\u015bciu Poznania najbardziej efektywnym sposobem pokonywania odleg\u0142o\u015bci. Odleg\u0142o\u015b\u0107 pomi\u0119dzy poszczeg\u00f3lnymi budynkami, w kt\u00f3rych b\u0119d\u0105\u00a0odbywa\u0107 si\u0119 obrady Kongresu, nie powinna przekroczy\u0107 10 minut marszu. Bardziej oddalone budynki b\u0119d\u0105 oznaczane na planach z podaniem informacji, jak do nich dojecha\u0107.<\/p>\n<p>&nbsp;<\/p>\n<h4><strong><span style=\"color: #101a9d;\"><img loading=\"lazy\" class=\"aligncenter wp-image-4360\" src=\"https:\/\/ichs2020poznan.pl\/wp-content\/uploads\/2020\/01\/hotel.jpg\" alt=\"\" width=\"120\" height=\"120\" srcset=\"https:\/\/ichs2020poznan.pl\/wp-content\/uploads\/2020\/01\/hotel.jpg 283w, https:\/\/ichs2020poznan.pl\/wp-content\/uploads\/2020\/01\/hotel-150x150.jpg 150w\" sizes=\"(max-width: 120px) 100vw, 120px\" \/><\/span><\/strong><\/h4>\n<h4><strong><span style=\"color: #101a9d;\">HOTELE, HOSTELE I POKOJE GO\u015aCINNE<\/span><br \/>\n<\/strong><\/h4>\n<p>Pozna\u0144 dysponuje du\u017c\u0105 liczb\u0105 miejsc noclegowych w ka\u017cdym standardzie i przedziale cenowym. Szczeg\u00f3\u0142y mo\u017cna znale\u017a\u0107 na stronie <strong>POZnan.travel<\/strong> <a href=\"http:\/\/poznan.travel\/en\/c\/gdzie-spac\"><span style=\"color: #0000ff;\">http:\/\/poznan.travel\/en\/c\/gdzie-spac<\/span><\/a><\/p>\n<p>W porozumieniu z Technicznym Operatorem Kongresu, czyli Mi\u0119dzynarodowymi Targami Pozna\u0144skimi, podajemy list\u0119 adres\u00f3w hoteli w Poznaniu, w kt\u00f3rych ustalono ceny dla go\u015bci Kongresu. Warunkiem skorzystania z oferty jest dokonanie rezerwacji za po\u015brednictwem Dzia\u0142u Zakwaterowania:<\/p>\n<p><strong>WORLD TRADE CENTER POZNA\u0143<\/strong><br \/>\nJoanna Ro\u015b (+48) 609 678 321<br \/>\nHanna Pokorska (+48) 691 033 627<br \/>\ne-mail: <a href=\"mailto:accommodation_ichs2020poznan@wtcpoznan.pl\"><span style=\"color: #0000ff;\">accommodation_ichs2020poznan@wtcpoznan.pl<\/span><\/a><\/p>\n<ul>\n<li>HOTEL SHERATON ***** <a href=\"http:\/\/www.sheraton.pl\/poznan\"><span style=\"color: #0000ff;\">www.sheraton.pl\/poznan<\/span> <\/a><\/li>\n<li>CITY PARK RESIDENCE ***** <a href=\"http:\/\/www.cityparkhotel.pl\"><span style=\"color: #0000ff;\">www.cityparkhotel.pl<\/span> <\/a><\/li>\n<li>IBB ANDERSIA HOTEL **** <a href=\"http:\/\/www.andersiahotel.pl\"><span style=\"color: #0000ff;\">www.andersiahotel.pl<\/span><\/a><\/li>\n<li>HOTEL NH **** <span style=\"color: #0000ff;\"><a style=\"color: #0000ff;\" href=\"http:\/\/www.nhpoznan.pl\">www.nhpoznan.pl <\/a><\/span><\/li>\n<li>HOTEL MERCURE POZNA\u0143 CENTRUM **** <a href=\"http:\/\/www.accorhotels.com\"><span style=\"color: #0000ff;\">www.accorhotels.com<\/span> <\/a><\/li>\n<li>HOTEL NOVOTEL CENTRUM POZNA\u0143 **** <span style=\"color: #0000ff;\"><a style=\"color: #0000ff;\" href=\"http:\/\/www.accorhotels.com\">www.accorhotels.com <\/a><\/span><\/li>\n<li>HOTEL PURO **** <a href=\"http:\/\/www.purohotel.pl\/poznan\"><span style=\"color: #0000ff;\">www.purohotel.pl\/poznan<\/span> <\/a><\/li>\n<li>HOTEL MODERNO **** <a href=\"http:\/\/www.hotelmoderno.pl\"><span style=\"color: #0000ff;\">www.hotelmoderno.pl<\/span> <\/a><\/li>\n<li>DON PRESTIGE **** <a href=\"http:\/\/www.donprestige.com\"><span style=\"color: #0000ff;\">www.donprestige.com<\/span> <\/a><\/li>\n<li>ALTUS *** <a href=\"http:\/\/www.hotelaltus.pl\"><span style=\"color: #0000ff;\">www.hotelaltus.pl<\/span> <\/a><\/li>\n<li>HAMPTON BY HILTON *** <a href=\"http:\/\/www.hiltonhotels.com\"><span style=\"color: #0000ff;\">www.hiltonhotels.com<\/span> <\/a><\/li>\n<li>FOCUS *** <a href=\"http:\/\/www.focushotels.pl\"><span style=\"color: #0000ff;\">www.focushotels.pl<\/span> <\/a><\/li>\n<li>HOTEL GAJA *** <a href=\"http:\/\/www.gaja-hotel.pl\"><span style=\"color: #0000ff;\">www.gaja-hotel.pl<\/span> <\/a><\/li>\n<li>HOTEL IKAR *** <a href=\"http:\/\/www.amwhotele.pl\"><span style=\"color: #0000ff;\">www.amwhotele.pl<\/span> <\/a><\/li>\n<li>IBIS POZNA\u0143 CENTRUM *** <a href=\"http:\/\/www.accorhotels.com\"><span style=\"color: #0000ff;\">www.accorhotels.com<\/span> <\/a><\/li>\n<li>IBIS POZNA\u0143 STARE MIASTO *** <a href=\"http:\/\/www.accorhotels.com\"><span style=\"color: #0000ff;\">www.accorhotels.com<\/span><\/a><\/li>\n<\/ul>\n<p>Mo\u017cliwe jest tak\u017ce skorzystanie z oferty ta\u0144szych miejsc noclegowych w Domu Studenckim \u201eJagienka\u201d i Domu Studenckim \u201eZbyszko\u201d.<\/p>\n<p>&nbsp;<\/p>\n<h4><span style=\"color: #101a9d;\"><strong><img loading=\"lazy\" class=\"aligncenter wp-image-4354\" src=\"https:\/\/ichs2020poznan.pl\/wp-content\/uploads\/2020\/01\/telephone.jpg\" alt=\"\" width=\"120\" height=\"120\" srcset=\"https:\/\/ichs2020poznan.pl\/wp-content\/uploads\/2020\/01\/telephone.jpg 283w, https:\/\/ichs2020poznan.pl\/wp-content\/uploads\/2020\/01\/telephone-150x150.jpg 150w\" sizes=\"(max-width: 120px) 100vw, 120px\" \/><\/strong><\/span><\/h4>\n<h4><span style=\"color: #101a9d;\"><strong>SIE\u0106 WiFi<\/strong><\/span><\/h4>\n<p>Powszechny dost\u0119p do sieci WiFi w Poznaniu jest standardem. Wszystkie budynki, w kt\u00f3rych b\u0119dzie si\u0119 odbywa\u0142 Kongres oraz wszystkie budynki Uniwersytetu im. Adama Mickiewicza obj\u0119te s\u0105 sieci\u0105 <strong>eduroam<\/strong>. Zach\u0119camy do za\u0142o\u017cenia i uaktywnienia po\u0142\u0105cze\u0144 na swoich urz\u0105dzeniach jeszcze przed przyjazdem do Poznania.<\/p>\n<p>&nbsp;<\/p>\n<h4><span style=\"color: #101a9d;\"><strong><img loading=\"lazy\" class=\"aligncenter wp-image-4363\" src=\"https:\/\/ichs2020poznan.pl\/wp-content\/uploads\/2020\/01\/acces.jpg\" alt=\"\" width=\"120\" height=\"120\" srcset=\"https:\/\/ichs2020poznan.pl\/wp-content\/uploads\/2020\/01\/acces.jpg 283w, https:\/\/ichs2020poznan.pl\/wp-content\/uploads\/2020\/01\/acces-150x150.jpg 150w\" sizes=\"(max-width: 120px) 100vw, 120px\" \/><\/strong><\/span><\/h4>\n<h4><span style=\"color: #101a9d;\"><strong>DOST\u0118PNO\u015a\u0106 DLA OS\u00d3B Z NIEPE\u0141NOSPRAWNO\u015aCIAMI<\/strong><\/span><\/h4>\n<p>Przestrze\u0144 publiczna, szczeg\u00f3lnie te jej fragmenty, kt\u00f3re by\u0142y budowane b\u0105d\u017a remontowane w ostatnich latach, s\u0105 \u0142atwo dost\u0119pne dla os\u00f3b z niepe\u0142nosprawno\u015bci\u0105 ruchow\u0105. Cz\u0119\u015b\u0107 restauracji i innych obiekt\u00f3w publicznych pozbawiona jest wind i podjazd\u00f3w. Niekt\u00f3re z sal konferencyjnych wyposa\u017cone s\u0105 w p\u0119tle indukcyjne u\u0142atwiaj\u0105ce zestrojenie urz\u0105dze\u0144 dla os\u00f3b s\u0142abo s\u0142ysz\u0105cych.<\/p>","protected":false},"excerpt":{"rendered":"<p>MIEJSCA KONGRESOWE Wi\u0119kszo\u015b\u0107 obiekt\u00f3w, w kt\u00f3rych odbywa\u0107 si\u0119 b\u0119dzie Kongres, zlokalizowana jest w samym centrum Poznania, w odleg\u0142o\u015bci kilku minut marszu od siebie. S\u0105 to zabytkowe gmachy, zbudowane w pocz\u0105tku XX wieku dla w\u0142adz i instytucji pruskich, rezyduj\u0105cych w\u00f3wczas w Poznaniu. Od odzyskania przez Polsk\u0119 niepodleg\u0142o\u015bci w 1918 r. s\u0142u\u017c\u0105 one Uniwersytetowi. W ostatnich latach zosta\u0142y starannie odrestaurowane. Najwa\u017cniejszym z obiekt\u00f3w wykorzystywanych podczas Kongresu b\u0119dzie CK Zamek (ul. \u015awi\u0119ty Marcin 80\/82, 61-809 Pozna\u0144), w kt\u00f3rym zlokalizowane b\u0119d\u0105 Centrum Kongresowe (punkt rejestracji uczestnik\u00f3w, punkt informacyjny, strefa chill-out) Research Forum Mi\u0119dzynarodowe Targi Ksi\u0105\u017cki Historycznej Biuro Kongresowe Obok niego wykorzystywane b\u0119d\u0105 tak\u017ce Collegium Minus (ul. Wieniawskiego 1, 61-712 Pozna\u0144) Collegium Maius (ul. Fredry 10, 61-701 Pozna\u0144) Collegium Novum (al. Niepodleg\u0142o\u015bci 4, 61-874 Pozna\u0144) Collegium Historicum (ul. Uniwersytetu Pozna\u0144skiego 7, 61-614 Pozna\u0144) PORUSZANIE SI\u0118 PO POZNANIU Centrum Poznania jest niewielkim obszarem o \u015brednicy oko\u0142o 2-3 km. Pokryte jest g\u0119st\u0105 sieci\u0105 linii tramwajowych i autobusowych. Tramwaje i autobusy Korzystanie z komunikacji miejskiej jest proste i dla uczestnik\u00f3w Kongresu bezp\u0142atne (za okazaniem identyfikatora Kongresu). Najwa\u017cniejszym w\u0119z\u0142em komunikacyjnym w centrum miasta jest Rondo Kaponiera z Mostem Teatralnym, gdzie krzy\u017cuje si\u0119\u00a0wi\u0119kszo\u015b\u0107 linii tramwajowych. Szczeg\u00f3\u0142y po\u0142\u0105cze\u0144 tramwajowych i autobusowych mo\u017cna znale\u017a\u0107 na stronach https:\/\/www.ztm.poznan.pl\/en\/ Taks\u00f3wki Postoje taks\u00f3wek znajduj\u0105\u00a0si\u0119 przy lotnisku, dworcu kolejowym i w wielu miejscach w centrum miasta. Taks\u00f3wk\u0119 mo\u017cna tak\u017ce wezwa\u0107 telefonicznie lub za pomoc\u0105 powszechnie dost\u0119pnych aplikacji. Korzystanie z taks\u00f3wek jest bezpieczne, a op\u0142aty, w wypadku jazdy po centrum miasta, nie powinny przekroczy\u0107 15 z\u0142 (ok. 4 Euro). \u015arednia cena za zam\u00f3wienie taks\u00f3wki lub wej\u015bcie do pojazdu wynosi ok 1,5 Euro, \u015brednia cena za kilometr jazdy to 0,6 Euro. Po zako\u0144czeniu jazdy, kierowca ma obowi\u0105zek wyda\u0107 paragon z cen\u0105 za przejazd. W Poznaniu aktywne s\u0105 tak\u017ce mi\u0119dzynarodowe firmy, obs\u0142uguj\u0105ce zam\u00f3wienia pojazd\u00f3w i op\u0142aty za przejazd pomoc\u0105 aplikacji mobilnych. Rower Sie\u0107 Pozna\u0144skiego Roweru Miejskiego obejmuje kilkaset stacji rowerowych i kilka tysi\u0119cy rower\u00f3w w ca\u0142ym mie\u015bcie. Mo\u017cna je wypo\u017cycza\u0107 za pomoc\u0105 aplikacji mobilnej. Szczeg\u00f3\u0142y znajduj\u0105 si\u0119\u00a0na stronie https:\/\/poznanskirower.pl\/en\/. Hulajnogi W Poznaniu mo\u017cna korzysta\u0107 z nast\u0119puj\u0105cych mi\u0119dzynarodowych sieci hulajn\u00f3g: Lime https:\/\/www.li.me\/en-us\/home Bird https:\/\/www.bird.co\/how\/ Blinkee https:\/\/blinkee.city\/en Pieszo Poruszanie si\u0119 pieszo po \u015br\u00f3dmie\u015bciu Poznania najbardziej efektywnym sposobem pokonywania odleg\u0142o\u015bci. Odleg\u0142o\u015b\u0107 pomi\u0119dzy poszczeg\u00f3lnymi budynkami, w kt\u00f3rych b\u0119d\u0105\u00a0odbywa\u0107 si\u0119 obrady Kongresu, nie powinna przekroczy\u0107 10 minut marszu. Bardziej oddalone budynki b\u0119d\u0105 oznaczane na planach z podaniem informacji, jak do nich dojecha\u0107. &nbsp; HOTELE, HOSTELE I POKOJE GO\u015aCINNE Pozna\u0144 dysponuje du\u017c\u0105 liczb\u0105 miejsc noclegowych w ka\u017cdym standardzie i przedziale cenowym. Szczeg\u00f3\u0142y mo\u017cna znale\u017a\u0107 na stronie POZnan.travel http:\/\/poznan.travel\/en\/c\/gdzie-spac W porozumieniu z Technicznym Operatorem Kongresu, czyli Mi\u0119dzynarodowymi Targami Pozna\u0144skimi, podajemy list\u0119 adres\u00f3w hoteli w Poznaniu, w kt\u00f3rych ustalono ceny dla go\u015bci Kongresu. Warunkiem skorzystania z oferty jest dokonanie rezerwacji za po\u015brednictwem Dzia\u0142u Zakwaterowania: WORLD TRADE CENTER POZNA\u0143 Joanna Ro\u015b (+48) 609 678 321 Hanna Pokorska (+48) 691 033 627 e-mail: accommodation_ichs2020poznan@wtcpoznan.pl HOTEL SHERATON ***** www.sheraton.pl\/poznan CITY PARK RESIDENCE ***** www.cityparkhotel.pl IBB ANDERSIA HOTEL **** www.andersiahotel.pl HOTEL NH **** www.nhpoznan.pl HOTEL MERCURE POZNA\u0143 CENTRUM **** www.accorhotels.com HOTEL NOVOTEL CENTRUM POZNA\u0143 **** www.accorhotels.com HOTEL PURO **** www.purohotel.pl\/poznan HOTEL MODERNO **** www.hotelmoderno.pl DON PRESTIGE **** www.donprestige.com ALTUS *** www.hotelaltus.pl HAMPTON BY HILTON *** www.hiltonhotels.com FOCUS *** www.focushotels.pl HOTEL GAJA *** www.gaja-hotel.pl HOTEL IKAR *** www.amwhotele.pl IBIS POZNA\u0143 CENTRUM *** www.accorhotels.com IBIS POZNA\u0143 STARE MIASTO *** www.accorhotels.com Mo\u017cliwe jest tak\u017ce skorzystanie z oferty ta\u0144szych miejsc noclegowych w Domu Studenckim \u201eJagienka\u201d i Domu Studenckim \u201eZbyszko\u201d. &nbsp; SIE\u0106 WiFi Powszechny dost\u0119p do sieci WiFi w Poznaniu jest standardem. Wszystkie budynki, w kt\u00f3rych b\u0119dzie si\u0119 odbywa\u0142 Kongres oraz wszystkie budynki Uniwersytetu im. Adama Mickiewicza obj\u0119te s\u0105 sieci\u0105 eduroam. Zach\u0119camy do za\u0142o\u017cenia i uaktywnienia po\u0142\u0105cze\u0144 na swoich urz\u0105dzeniach jeszcze przed przyjazdem do Poznania. &nbsp; DOST\u0118PNO\u015a\u0106 DLA OS\u00d3B Z NIEPE\u0141NOSPRAWNO\u015aCIAMI Przestrze\u0144 publiczna, szczeg\u00f3lnie te jej fragmenty, kt\u00f3re by\u0142y budowane b\u0105d\u017a remontowane w ostatnich latach, s\u0105 \u0142atwo dost\u0119pne dla os\u00f3b z niepe\u0142nosprawno\u015bci\u0105 ruchow\u0105. Cz\u0119\u015b\u0107 restauracji i innych obiekt\u00f3w publicznych pozbawiona jest wind i podjazd\u00f3w. Niekt\u00f3re z sal konferencyjnych wyposa\u017cone s\u0105 w p\u0119tle indukcyjne u\u0142atwiaj\u0105ce zestrojenie urz\u0105dze\u0144 dla os\u00f3b s\u0142abo s\u0142ysz\u0105cych.<\/p>\n","protected":false},"author":4,"featured_media":0,"parent":0,"menu_order":0,"comment_status":"closed","ping_status":"closed","template":"","meta":[],"_links":{"self":[{"href":"https:\/\/ichs2020poznan.pl\/pl\/wp-json\/wp\/v2\/pages\/3804"}],"collection":[{"href":"https:\/\/ichs2020poznan.pl\/pl\/wp-json\/wp\/v2\/pages"}],"about":[{"href":"https:\/\/ichs2020poznan.pl\/pl\/wp-json\/wp\/v2\/types\/page"}],"author":[{"embeddable":true,"href":"https:\/\/ichs2020poznan.pl\/pl\/wp-json\/wp\/v2\/users\/4"}],"replies":[{"embeddable":true,"href":"https:\/\/ichs2020poznan.pl\/pl\/wp-json\/wp\/v2\/comments?post=3804"}],"version-history":[{"count":101,"href":"https:\/\/ichs2020poznan.pl\/pl\/wp-json\/wp\/v2\/pages\/3804\/revisions"}],"predecessor-version":[{"id":5956,"href":"https:\/\/ichs2020poznan.pl\/pl\/wp-json\/wp\/v2\/pages\/3804\/revisions\/5956"}],"wp:attachment":[{"href":"https:\/\/ichs2020poznan.pl\/pl\/wp-json\/wp\/v2\/media?parent=3804"}],"curies":[{"name":"wp","href":"https:\/\/api.w.org\/{rel}","templated":true}]}}