{"id":3790,"date":"2019-10-28T12:11:53","date_gmt":"2019-10-28T11:11:53","guid":{"rendered":"https:\/\/ichs2020poznan.pl\/pl\/?page_id=3790"},"modified":"2022-04-01T17:46:14","modified_gmt":"2022-04-01T15:46:14","slug":"fundusz-solidarnosciowy-2-3","status":"publish","type":"page","link":"https:\/\/ichs2020poznan.pl\/pl\/o-kongresie\/","title":{"rendered":"O KONGRESIE"},"content":{"rendered":"<p><\/p>\n<h3 style=\"text-align: center;\"><strong><span style=\"color: #000080;\">XXIII Mi\u0119dzynarodowy Kongres Nauk Historycznych<\/span><\/strong><br \/>\n<strong><span style=\"color: #000080;\">21-27.08.2022, Pozna\u0144<\/span><\/strong><\/h3>\n<p style=\"text-align: center;\"><span style=\"color: #000080;\">Od 1900 r. historycy z ca\u0142ego \u015bwiata organizuj\u0105 swoje kongresy w celu przedyskutowania najbardziej pal\u0105cych temat\u00f3w, przedstawienia wynik\u00f3w swoich bada\u0144 i budowy sieci mi\u0119dzynarodowej wsp\u00f3\u0142pracy. W 1926 r. powo\u0142ali do \u017cycia <strong>Mi\u0119dzynarodowy Komitet Nauk Historycznych<\/strong> (ICHS), jako organizacj\u0119 pozarz\u0105dow\u0105, kt\u00f3r\u0105 tworz\u0105 komitety narodowe reprezentuj\u0105ce kraje cz\u0142onkowskie oraz komisje specjalistyczne zajmuj\u0105cych si\u0119 konkretnymi dziedzinami bada\u0144. G\u0142\u00f3wnym celem Komitetu jest promowanie nauk historycznych poprzez wsp\u00f3\u0142prac\u0119 mi\u0119dzynarodow\u0105. Komitetowi powierzono organizowanie co pi\u0119\u0107 lat kolejnych kongres\u00f3w, we wsp\u00f3\u0142pracy z historykami z kraju-gospodarza. W przesz\u0142o\u015bci kongres odby\u0142 si\u0119 w Polsce tylko raz, w 1933 r. w Warszawie.<\/span><\/p>\n<p>&nbsp;<\/p>\n<p style=\"text-align: center;\"><span style=\"color: #000080;\">Zgromadzenie Og\u00f3lne ICHS w dniu 29 sierpnia 2015 r. w Jinan (Chiny) zdecydowa\u0142o, \u017ce <strong>XXIII Mi\u0119dzynarodowy Kongres Nauk Historycznych odb\u0119dzie si\u0119 w Poznaniu<\/strong> w dniach 23-29 sierpnia 2020 r. Niestety, ze wzgl\u0119du na wybuch pandemii COVID-19 i niezadowalaj\u0105ce w wi\u0119kszo\u015bci kraj\u00f3w post\u0119py w jej zwalczaniu, organizatorzy byli zmuszeni ju\u017c dwukrotnie prze\u0142o\u017cy\u0107 Kongres. Ostatecznie, Zarz\u0105d ICHS zadecydowa\u0142, \u017ce XXIII Kongres odb\u0119dzie si\u0119 w dniach <strong>21-27 sierpnia 2022<\/strong> roku.<\/span><\/p>\n<p>&nbsp;<\/p>\n<p style=\"text-align: center;\"><span style=\"color: #000080;\">Polski Lokalny Komitet Organizacyjny zosta\u0142 utworzony przez <strong>Uniwersytet im. Adama Mickiewicza w Poznaniu<\/strong> (UAM) i <strong>Komitet Nauk Historycznych Polskiej Akademii Nauk <\/strong>(KNH PAN). Powo\u0142ano go do \u017cycia 5 listopada 2015 r. na podstawie umowy podpisanej przez prof. Bronis\u0142awa Marciniaka, w\u00f3wczas rektora UAM, oraz prof. Krzysztofa Mikulskiego, \u00f3wczesnego przewodnicz\u0105cego KNH PAN. Po zmianie w\u0142adz UAM i KNH PAN nowymi Przewodnicz\u0105cymi Komitetu zostali prof. Andrzej Lesicki (rektor UAM) i prof. Tomasz Schramm (przewodnicz\u0105cy KNH PAN). Komitet sk\u0142ada si\u0119 z czternastu os\u00f3b. Opr\u00f3cz wy\u017cej wymienionych Przewodnicz\u0105cych tworz\u0105 go przedstawiciele Wydzia\u0142u Historii UAM, KNH PAN, Polskiego Towarzystwa Historycznego i Muzeum Historii Polski w Warszawie, a tak\u017ce przedstawiciele w\u0142adz regionalnych i miejskich &#8211; Marek Wo\u017aniak, Marsza\u0142ek Wojew\u00f3dztwa Wielkopolskiego, oraz Mariusz Wi\u015bniewski, Wiceprezydent Miasta Poznania. <\/span><span style=\"color: #000080;\">Organizacja Kongresu zosta\u0142a powierzona Wydzia\u0142owi Wykonawczemu , kt\u00f3rego Przewodnicz\u0105cym jest prof. Krzysztof A. Makowski, a Sekretarzem Generalnym prof. Maciej Michalski. Cz\u0142onkowie Komitetu Wykonawczego reprezentuj\u0105 Wydzia\u0142 Historii UAM, administracj\u0119 uniwersyteck\u0105, w\u0142adze lokalne, a tak\u017ce Pozna\u0144skie Centrum Superkomputerowo-Sieciowe. Biuro Kongresu koordynuje wszystkie dzia\u0142ania Komitetu Organizacyjnego i Komitetu Wykonawczego. Przygotowanie Kongresu pod wzgl\u0119dem logistycznym zosta\u0142o powierzone <strong>Mi\u0119dzynarodowym Targom Pozna\u0144skim<\/strong>.<\/span><\/p>\n<p>&nbsp;<\/p>\n<p style=\"text-align: center;\"><span style=\"color: #000080;\"><strong>Program XXIII Kongresu<\/strong>, w por\u00f3wnaniu do poprzednich, zosta\u0142 nieco zmodyfikowany. Podczas Kongresu w Poznaniu odb\u0119dzie si\u0119 kilkadziesi\u0105t r\u00f3\u017cnych paneli. W\u015br\u00f3d nich najwa\u017cniejsze b\u0119d\u0105 tzw. wielkie tematy (Major Themes). Ponadto planowanych jest kilkana\u015bcie tzw. Joint Sessions, oko\u0142o 20 okr\u0105g\u0142ych sto\u0142\u00f3w (Round Tables), a tak\u017ce kilkadziesi\u0105t sesji specjalistycznych po\u015bwi\u0119conych r\u00f3\u017cnym zagadnieniom od staro\u017cytno\u015bci do wsp\u00f3\u0142czesno\u015bci. Ponadto odb\u0119d\u0105 si\u0119 3 sesje wieczorne. P\u00f3\u0142tora dnia przeznaczono na panele tematyczne organizowane przez specjalistyczne komisje afiliowane przy ICHS.<\/span><\/p>\n<p>&nbsp;<\/p>\n<p style=\"text-align: center;\"><span style=\"color: #000080;\">Planowana jest sesja posterowa dla student\u00f3w studi\u00f3w II i III stopnia. Najlepsze prace zostan\u0105 uhonorowane nagrod\u0105 <strong>ICHS-Shandong University Young Historian Award<\/strong> ustanowion\u0105 na XXII Mi\u0119dzynarodowym Kongresie w Jinanin w 2015 r. Nagroda mia\u0142a zach\u0119ci\u0107 m\u0142odych naukowc\u00f3w do uczestnictwa w Kongresie, podczas kt\u00f3rego mogli zaprezentowa\u0107 swoje aktualne osi\u0105gni\u0119cia naukowe. Uniwersytet Shandong i ICHS postanowi\u0142y przyzna\u0107 tak\u0105 nagrod\u0119 r\u00f3wnie\u017c podczas XXIII Mi\u0119dzynarodowego Kongresu Nauk Historycznych w Poznaniu w 2022 r. Nagroda w wysoko\u015bci 10 000 USD zostanie podzielona mi\u0119dzy pi\u0119ciu laureat\u00f3w.<\/span><\/p>\n<p>&nbsp;<\/p>\n<p style=\"text-align: center;\"><span style=\"color: #000080;\">Podczas Kongresu w Poznaniu po raz pierwszy odb\u0119dzie si\u0119 tak zwane <strong>Research Forum<\/strong>. Jest to nowa inicjatywa Zarz\u0105du ICHS. G\u0142\u00f3wnym celem Forum jest umo\u017cliwienie instytucjom badawczym przedstawienia uznanym uczonym i pocz\u0105tkuj\u0105cym badaczom realizowanych lub planowanych projekt\u00f3w. Powinno to stanowi\u0107 okazj\u0119 do nawi\u0105zywania wsp\u00f3\u0142pracy mi\u0119dzy instytucjami, a tak\u017ce do pozyskania w charakterze wsp\u00f3\u0142pracownik\u00f3w wysoko wykwalifikowanych naukowc\u00f3w. Inicjatywa ta w pe\u0142ni koresponduje z misj\u0105 ICHS, poniewa\u017c jednym z jej cel\u00f3w jest stymulowanie dialogu mi\u0119dzy m\u0142odymi naukowcami i r\u00f3\u017cnymi instytucjami badawczymi.<\/span><\/p>\n<p>&nbsp;<\/p>\n<p style=\"text-align: center;\"><span style=\"color: #000080;\">Podczas Kongresu w Poznaniu po raz trzeci zostanie przyznana <strong>International ICHS History Prize<\/strong>. Otrzymuje j\u0105 historyk, kt\u00f3ry wyr\u00f3\u017cni\u0142 si\u0119 w dziedzinie historii dzi\u0119ki swoim badaniom, publikacjom lub osi\u0105gni\u0119ciom dydaktycznym i wni\u00f3s\u0142 znaczny wk\u0142ad w rozw\u00f3j wiedzy historycznej. Tradycyjnie Kongresowi towarzyszy\u0107 b\u0119dzie r\u00f3wnie\u017c <strong>Mi\u0119dzynarodowe Targi Ksi\u0105\u017cki Historycznej<\/strong>.<\/span><\/p>\n<p>&nbsp;<\/p>\n<p style=\"text-align: center;\"><span style=\"color: #000080;\">Wszystkie obiekty kongresowe znajduj\u0105 si\u0119 w centrum miasta. <strong>Centrum Kongresowe<\/strong>, w tym punkty rejestracyjne i informacyjne, b\u0119dzie znajdowa\u0107 si\u0119 w Centrum Kultury Zamek. Ceremonia Otwarcia odb\u0119dzie si\u0119 w najwi\u0119kszej sali w Poznaniu, tj. w Sali Ziemi, zlokalizowanej na terenie Mi\u0119dzynarodowych Targ\u00f3w Pozna\u0144skich. Inne sesje kongresowe odb\u0119d\u0105 si\u0119 g\u0142\u00f3wnie w okaza\u0142ych salach pozna\u0144skiego Uniwersytetu. Mi\u0119dzy poszczeg\u00f3lnymi obiektami zostanie zorganizowany przejrzysty system komunikacji, a dystans mi\u0119dzy budynkami pokonywany pieszo nie przekroczy 15 minut. Wszystkie budynki s\u0105 dostosowane do potrzeb os\u00f3b z niepe\u0142nosprawno\u015bciami. We wszystkich salach kongresowych dost\u0119pna b\u0119dzie sie\u0107 Wi-fi eduroam .<\/span><\/p>\n<p>&nbsp;<\/p>\n<p style=\"text-align: center;\"><span style=\"color: #000080;\">W Kongresie mog\u0105 bra\u0107 udzia\u0142 pracownicy naukowi uniwersytet\u00f3w i innych instytucji naukowych, studenci (studi\u00f3w I, II i III stopnia), nauczyciele i inne osoby zawodowo zwi\u0105zane z tematyk\u0105 Kongresu.<\/span><\/p>\n<p>&nbsp;<\/p>\n<p style=\"text-align: center;\"><span style=\"color: #000080;\">Do <strong>30 kwietnia 2022<\/strong> r. mo\u017cliwa jest rejestracja po ni\u017cszej cenie.<\/span><\/p>\n<p><img loading=\"lazy\" class=\"wp-image-2808 aligncenter\" src=\"https:\/\/ichs2020poznan.pl\/wp-content\/uploads\/2022\/03\/fee2022.jpg\" width=\"753\" height=\"455\" \/><\/p>\n<p>&nbsp;<\/p>\n<p style=\"text-align: center;\"><span style=\"color: #000080;\">Op\u0142ata rejestracyjna obejmuje:<\/span><\/p>\n<p style=\"text-align: center;\"><span style=\"color: #000080;\">&#8211; spersonalizowany identyfikator<\/span><\/p>\n<p style=\"text-align: center;\"><span style=\"color: #000080;\">&#8211; wst\u0119p na wszystkie sesje<\/span><\/p>\n<p style=\"text-align: center;\"><span style=\"color: #000080;\">&#8211; udzia\u0142 w Ceremonii Otwarcia oraz w przyj\u0119ciu powitalnym<\/span><\/p>\n<p style=\"text-align: center;\"><span style=\"color: #000080;\">&#8211; udzia\u0142 w Ceremonii Zamkni\u0119cia oraz w po\u017cegnalnym lunchu<\/span><\/p>\n<p style=\"text-align: center;\"><span style=\"color: #000080;\">&#8211; uczestniczenie w wydarzeniach towarzysz\u0105cych Kongresowi<\/span><\/p>\n<p style=\"text-align: center;\"><span style=\"color: #000080;\">&#8211; przerwy kawowe<\/span><\/p>\n<p style=\"text-align: center;\"><span style=\"color: #000080;\">&#8211; materia\u0142y kongresowe<\/span><\/p>\n<p style=\"text-align: center;\"><span style=\"color: #000080;\">&#8211; bezp\u0142atny bilet na transport publiczny.<\/span><\/p>\n<p>&nbsp;<\/p>\n<p style=\"text-align: center;\"><span style=\"color: #000080;\">Wprowadzili\u015bmy r\u00f3wnie\u017c opcjonaln\u0105 op\u0142at\u0119 dla os\u00f3b towarzysz\u0105cych, kt\u00f3ra zapewni im takie same korzy\u015bci, jak innym uczestnikom Kongresu.<\/span><\/p>\n<h3><\/h3>\n<h3 style=\"text-align: center;\"><span style=\"color: #000080;\"><strong>DO ZOBACZENIA W POZNANIU!<\/strong><\/span><\/h3>\n<p><\/p>","protected":false},"excerpt":{"rendered":"<p>XXIII Mi\u0119dzynarodowy Kongres Nauk Historycznych 21-27.08.2022, Pozna\u0144 Od 1900 r. historycy z ca\u0142ego \u015bwiata organizuj\u0105 swoje kongresy w celu przedyskutowania najbardziej pal\u0105cych temat\u00f3w, przedstawienia wynik\u00f3w swoich bada\u0144 i budowy sieci mi\u0119dzynarodowej wsp\u00f3\u0142pracy. W 1926 r. powo\u0142ali do \u017cycia Mi\u0119dzynarodowy Komitet Nauk Historycznych (ICHS), jako organizacj\u0119 pozarz\u0105dow\u0105, kt\u00f3r\u0105 tworz\u0105 komitety narodowe reprezentuj\u0105ce kraje cz\u0142onkowskie oraz komisje specjalistyczne zajmuj\u0105cych si\u0119 konkretnymi dziedzinami bada\u0144. G\u0142\u00f3wnym celem Komitetu jest promowanie nauk historycznych poprzez wsp\u00f3\u0142prac\u0119 mi\u0119dzynarodow\u0105. Komitetowi powierzono organizowanie co pi\u0119\u0107 lat kolejnych kongres\u00f3w, we wsp\u00f3\u0142pracy z historykami z kraju-gospodarza. W przesz\u0142o\u015bci kongres odby\u0142 si\u0119 w Polsce tylko raz, w 1933 r. w Warszawie. &nbsp; Zgromadzenie Og\u00f3lne ICHS w dniu 29 sierpnia 2015 r. w Jinan (Chiny) zdecydowa\u0142o, \u017ce XXIII Mi\u0119dzynarodowy Kongres Nauk Historycznych odb\u0119dzie si\u0119 w Poznaniu w dniach 23-29 sierpnia 2020 r. Niestety, ze wzgl\u0119du na wybuch pandemii COVID-19 i niezadowalaj\u0105ce w wi\u0119kszo\u015bci kraj\u00f3w post\u0119py w jej zwalczaniu, organizatorzy byli zmuszeni ju\u017c dwukrotnie prze\u0142o\u017cy\u0107 Kongres. Ostatecznie, Zarz\u0105d ICHS zadecydowa\u0142, \u017ce XXIII Kongres odb\u0119dzie si\u0119 w dniach 21-27 sierpnia 2022 roku. &nbsp; Polski Lokalny Komitet Organizacyjny zosta\u0142 utworzony przez Uniwersytet im. Adama Mickiewicza w Poznaniu (UAM) i Komitet Nauk Historycznych Polskiej Akademii Nauk (KNH PAN). Powo\u0142ano go do \u017cycia 5 listopada 2015 r. na podstawie umowy podpisanej przez prof. Bronis\u0142awa Marciniaka, w\u00f3wczas rektora UAM, oraz prof. Krzysztofa Mikulskiego, \u00f3wczesnego przewodnicz\u0105cego KNH PAN. Po zmianie w\u0142adz UAM i KNH PAN nowymi Przewodnicz\u0105cymi Komitetu zostali prof. Andrzej Lesicki (rektor UAM) i prof. Tomasz Schramm (przewodnicz\u0105cy KNH PAN). Komitet sk\u0142ada si\u0119 z czternastu os\u00f3b. Opr\u00f3cz wy\u017cej wymienionych Przewodnicz\u0105cych tworz\u0105 go przedstawiciele Wydzia\u0142u Historii UAM, KNH PAN, Polskiego Towarzystwa Historycznego i Muzeum Historii Polski w Warszawie, a tak\u017ce przedstawiciele w\u0142adz regionalnych i miejskich &#8211; Marek Wo\u017aniak, Marsza\u0142ek Wojew\u00f3dztwa Wielkopolskiego, oraz Mariusz Wi\u015bniewski, Wiceprezydent Miasta Poznania. Organizacja Kongresu zosta\u0142a powierzona Wydzia\u0142owi Wykonawczemu , kt\u00f3rego Przewodnicz\u0105cym jest prof. Krzysztof A. Makowski, a Sekretarzem Generalnym prof. Maciej Michalski. Cz\u0142onkowie Komitetu Wykonawczego reprezentuj\u0105 Wydzia\u0142 Historii UAM, administracj\u0119 uniwersyteck\u0105, w\u0142adze lokalne, a tak\u017ce Pozna\u0144skie Centrum Superkomputerowo-Sieciowe. Biuro Kongresu koordynuje wszystkie dzia\u0142ania Komitetu Organizacyjnego i Komitetu Wykonawczego. Przygotowanie Kongresu pod wzgl\u0119dem logistycznym zosta\u0142o powierzone Mi\u0119dzynarodowym Targom Pozna\u0144skim. &nbsp; Program XXIII Kongresu, w por\u00f3wnaniu do poprzednich, zosta\u0142 nieco zmodyfikowany. Podczas Kongresu w Poznaniu odb\u0119dzie si\u0119 kilkadziesi\u0105t r\u00f3\u017cnych paneli. W\u015br\u00f3d nich najwa\u017cniejsze b\u0119d\u0105 tzw. wielkie tematy (Major Themes). Ponadto planowanych jest kilkana\u015bcie tzw. Joint Sessions, oko\u0142o 20 okr\u0105g\u0142ych sto\u0142\u00f3w (Round Tables), a tak\u017ce kilkadziesi\u0105t sesji specjalistycznych po\u015bwi\u0119conych r\u00f3\u017cnym zagadnieniom od staro\u017cytno\u015bci do wsp\u00f3\u0142czesno\u015bci. Ponadto odb\u0119d\u0105 si\u0119 3 sesje wieczorne. P\u00f3\u0142tora dnia przeznaczono na panele tematyczne organizowane przez specjalistyczne komisje afiliowane przy ICHS. &nbsp; Planowana jest sesja posterowa dla student\u00f3w studi\u00f3w II i III stopnia. Najlepsze prace zostan\u0105 uhonorowane nagrod\u0105 ICHS-Shandong University Young Historian Award ustanowion\u0105 na XXII Mi\u0119dzynarodowym Kongresie w Jinanin w 2015 r. Nagroda mia\u0142a zach\u0119ci\u0107 m\u0142odych naukowc\u00f3w do uczestnictwa w Kongresie, podczas kt\u00f3rego mogli zaprezentowa\u0107 swoje aktualne osi\u0105gni\u0119cia naukowe. Uniwersytet Shandong i ICHS postanowi\u0142y przyzna\u0107 tak\u0105 nagrod\u0119 r\u00f3wnie\u017c podczas XXIII Mi\u0119dzynarodowego Kongresu Nauk Historycznych w Poznaniu w 2022 r. Nagroda w wysoko\u015bci 10 000 USD zostanie podzielona mi\u0119dzy pi\u0119ciu laureat\u00f3w. &nbsp; Podczas Kongresu w Poznaniu po raz pierwszy odb\u0119dzie si\u0119 tak zwane Research Forum. Jest to nowa inicjatywa Zarz\u0105du ICHS. G\u0142\u00f3wnym celem Forum jest umo\u017cliwienie instytucjom badawczym przedstawienia uznanym uczonym i pocz\u0105tkuj\u0105cym badaczom realizowanych lub planowanych projekt\u00f3w. Powinno to stanowi\u0107 okazj\u0119 do nawi\u0105zywania wsp\u00f3\u0142pracy mi\u0119dzy instytucjami, a tak\u017ce do pozyskania w charakterze wsp\u00f3\u0142pracownik\u00f3w wysoko wykwalifikowanych naukowc\u00f3w. Inicjatywa ta w pe\u0142ni koresponduje z misj\u0105 ICHS, poniewa\u017c jednym z jej cel\u00f3w jest stymulowanie dialogu mi\u0119dzy m\u0142odymi naukowcami i r\u00f3\u017cnymi instytucjami badawczymi. &nbsp; Podczas Kongresu w Poznaniu po raz trzeci zostanie przyznana International ICHS History Prize. Otrzymuje j\u0105 historyk, kt\u00f3ry wyr\u00f3\u017cni\u0142 si\u0119 w dziedzinie historii dzi\u0119ki swoim badaniom, publikacjom lub osi\u0105gni\u0119ciom dydaktycznym i wni\u00f3s\u0142 znaczny wk\u0142ad w rozw\u00f3j wiedzy historycznej. Tradycyjnie Kongresowi towarzyszy\u0107 b\u0119dzie r\u00f3wnie\u017c Mi\u0119dzynarodowe Targi Ksi\u0105\u017cki Historycznej. &nbsp; Wszystkie obiekty kongresowe znajduj\u0105 si\u0119 w centrum miasta. Centrum Kongresowe, w tym punkty rejestracyjne i informacyjne, b\u0119dzie znajdowa\u0107 si\u0119 w Centrum Kultury Zamek. Ceremonia Otwarcia odb\u0119dzie si\u0119 w najwi\u0119kszej sali w Poznaniu, tj. w Sali Ziemi, zlokalizowanej na terenie Mi\u0119dzynarodowych Targ\u00f3w Pozna\u0144skich. Inne sesje kongresowe odb\u0119d\u0105 si\u0119 g\u0142\u00f3wnie w okaza\u0142ych salach pozna\u0144skiego Uniwersytetu. Mi\u0119dzy poszczeg\u00f3lnymi obiektami zostanie zorganizowany przejrzysty system komunikacji, a dystans mi\u0119dzy budynkami pokonywany pieszo nie przekroczy 15 minut. Wszystkie budynki s\u0105 dostosowane do potrzeb os\u00f3b z niepe\u0142nosprawno\u015bciami. We wszystkich salach kongresowych dost\u0119pna b\u0119dzie sie\u0107 Wi-fi eduroam . &nbsp; W Kongresie mog\u0105 bra\u0107 udzia\u0142 pracownicy naukowi uniwersytet\u00f3w i innych instytucji naukowych, studenci (studi\u00f3w I, II i III stopnia), nauczyciele i inne osoby zawodowo zwi\u0105zane z tematyk\u0105 Kongresu. &nbsp; Do 30 kwietnia 2022 r. mo\u017cliwa jest rejestracja po ni\u017cszej cenie. &nbsp; Op\u0142ata rejestracyjna obejmuje: &#8211; spersonalizowany identyfikator &#8211; wst\u0119p na wszystkie sesje &#8211; udzia\u0142 w Ceremonii Otwarcia oraz w przyj\u0119ciu powitalnym &#8211; udzia\u0142 w Ceremonii Zamkni\u0119cia oraz w po\u017cegnalnym lunchu &#8211; uczestniczenie w wydarzeniach towarzysz\u0105cych Kongresowi &#8211; przerwy kawowe &#8211; materia\u0142y kongresowe &#8211; bezp\u0142atny bilet na transport publiczny. &nbsp; Wprowadzili\u015bmy r\u00f3wnie\u017c opcjonaln\u0105 op\u0142at\u0119 dla os\u00f3b towarzysz\u0105cych, kt\u00f3ra zapewni im takie same korzy\u015bci, jak innym uczestnikom Kongresu. DO ZOBACZENIA W POZNANIU!<\/p>\n","protected":false},"author":4,"featured_media":0,"parent":0,"menu_order":0,"comment_status":"closed","ping_status":"closed","template":"","meta":[],"_links":{"self":[{"href":"https:\/\/ichs2020poznan.pl\/pl\/wp-json\/wp\/v2\/pages\/3790"}],"collection":[{"href":"https:\/\/ichs2020poznan.pl\/pl\/wp-json\/wp\/v2\/pages"}],"about":[{"href":"https:\/\/ichs2020poznan.pl\/pl\/wp-json\/wp\/v2\/types\/page"}],"author":[{"embeddable":true,"href":"https:\/\/ichs2020poznan.pl\/pl\/wp-json\/wp\/v2\/users\/4"}],"replies":[{"embeddable":true,"href":"https:\/\/ichs2020poznan.pl\/pl\/wp-json\/wp\/v2\/comments?post=3790"}],"version-history":[{"count":34,"href":"https:\/\/ichs2020poznan.pl\/pl\/wp-json\/wp\/v2\/pages\/3790\/revisions"}],"predecessor-version":[{"id":4558,"href":"https:\/\/ichs2020poznan.pl\/pl\/wp-json\/wp\/v2\/pages\/3790\/revisions\/4558"}],"wp:attachment":[{"href":"https:\/\/ichs2020poznan.pl\/pl\/wp-json\/wp\/v2\/media?parent=3790"}],"curies":[{"name":"wp","href":"https:\/\/api.w.org\/{rel}","templated":true}]}}