{"id":3752,"date":"2019-09-30T16:52:04","date_gmt":"2019-09-30T14:52:04","guid":{"rendered":"https:\/\/ichs2020poznan.pl\/pl\/?page_id=3752"},"modified":"2022-09-12T14:43:43","modified_gmt":"2022-09-12T12:43:43","slug":"fundusz-solidarnosciowy-2-2-2","status":"publish","type":"page","link":"https:\/\/ichs2020poznan.pl\/pl\/sesja-posterowa\/","title":{"rendered":"SESJA POSTEROWA"},"content":{"rendered":"<h2 style=\"text-align: center;\"><span style=\"color: #333399;\"><strong>ICHS-Shandong University Young Historian Award<\/strong><\/span><\/h2>\n<h2 style=\"text-align: center;\"><span style=\"color: #333399;\"><strong>XXIII International Congress of Historical Sciences Pozna\u0144 2020\/2022<\/strong><\/span><\/h2>\n<p>&nbsp;<\/p>\n<h2 style=\"text-align: center;\">The best posters were selected by the five-person jury:<\/h2>\n<p style=\"text-align: center;\">Gunl\u00f6g Fur (Linnaeus University)<br \/>\nAudrey Kichelewski (Universit\u00e9 de Strasbourg)<br \/>\nLiu Jiafeng (Shandong University)<br \/>\nEdoardo Tortarolo (Universit\u00e0 del Piemonte Orientale)<br \/>\nAgnieszka Jakuboszczak (Adam Mickiewicz University)<\/p>\n<p>&nbsp;<\/p>\n<p style=\"text-align: center;\">The $US 10,000 award was divided among five recipients:<\/p>\n<p style=\"text-align: center;\"><strong>1st place \u2013 $US 3,500<br \/>\n2nd place \u2013 $US 2,500<br \/>\n3rd place \u2013 $US 2,000<br \/>\nHonorable Mention \u2013 $US 1,000<br \/>\nSpecial Distinction ($US 1,000) for the author of the best poster dealing with the Chinese history<\/strong><\/p>\n<p>&nbsp;<\/p>\n<h2 style=\"text-align: center;\"><strong>OFFICIAL RESULTS<\/strong><\/h2>\n<p style=\"text-align: center;\"><strong>1st place Chenxi LIU ( Humboldt-Universit\u00e4t zu Berlin)<\/strong><br \/>\n<em>A Global \u201cRace War\u201d in the 1960s? Racist Discourse in Former Socialist Countries \u2013 A Case Study on Mao Zedong\u2019s Declaration of Supporting African Americans\u2019 Fight Against Racial Discrimination<\/em><\/p>\n<p style=\"text-align: center;\"><strong>2nd place Szymon Antosik (Doctoral School of Humanities Adam Mickiewicz University) and Helena Rzepczy\u0144ska (Doctoral School of Natural Sciences Adam Mickiewicz University)<\/strong><br \/>\n<em>Did Rich Families Favor Sons? Evidence from the 19th-Century City of Poznan<\/em><\/p>\n<p style=\"text-align: center;\"><strong>3rd place Fernanda Mendes Santos (Universidade Federal de Minas Gerais Brazil)<\/strong><br \/>\n<em>Indigenous Prisons During the Brazilian Military Dictatorship (1969-1979)<\/em><\/p>\n<p style=\"text-align: center;\"><strong>Honorable Mention Taynna Mendon\u00e7a Marino (Doctoral School of Humanities Adam Mickiewicz University)<\/strong><br \/>\n<em>The Role of Empathy in Contemporary Historical Thinking. A Transcultural and Transspecies Approach<\/em><\/p>\n<p style=\"text-align: center;\"><strong>Special Distinction for the author of the best poster dealing with the Chinese history<\/strong><br \/>\n<strong>Xiaona GUO (School of History and Culture, Shandong University)<\/strong><br \/>\n<em>Gentes, Shi Zu and Patrilineal Families in the Research Field of Ancient Chinese History in the 1930s and 1940s<\/em><\/p>\n","protected":false},"excerpt":{"rendered":"<p>ICHS-Shandong University Young Historian Award XXIII International Congress of Historical Sciences Pozna\u0144 2020\/2022 &nbsp; The best posters were selected by the five-person jury: Gunl\u00f6g Fur (Linnaeus University) Audrey Kichelewski (Universit\u00e9 de Strasbourg) Liu Jiafeng (Shandong University) Edoardo Tortarolo (Universit\u00e0 del Piemonte Orientale) Agnieszka Jakuboszczak (Adam Mickiewicz University) &nbsp; The $US 10,000 award was divided among five recipients: 1st place \u2013 $US 3,500 2nd place \u2013 $US 2,500 3rd place \u2013 $US 2,000 Honorable Mention \u2013 $US 1,000 Special Distinction ($US 1,000) for the author of the best poster dealing with the Chinese history &nbsp; OFFICIAL RESULTS 1st place Chenxi LIU ( Humboldt-Universit\u00e4t zu Berlin) A Global \u201cRace War\u201d in the 1960s? Racist Discourse in Former Socialist Countries \u2013 A Case Study on Mao Zedong\u2019s Declaration of Supporting African Americans\u2019 Fight Against Racial Discrimination 2nd place Szymon Antosik (Doctoral School of Humanities Adam Mickiewicz University) and Helena Rzepczy\u0144ska (Doctoral School of Natural Sciences Adam Mickiewicz University) Did Rich Families Favor Sons? Evidence from the 19th-Century City of Poznan 3rd place Fernanda Mendes Santos (Universidade Federal de Minas Gerais Brazil) Indigenous Prisons During the Brazilian Military Dictatorship (1969-1979) Honorable Mention Taynna Mendon\u00e7a Marino (Doctoral School of Humanities Adam Mickiewicz University) The Role of Empathy in Contemporary Historical Thinking. A Transcultural and Transspecies Approach Special Distinction for the author of the best poster dealing with the Chinese history Xiaona GUO (School of History and Culture, Shandong University) Gentes, Shi Zu and Patrilineal Families in the Research Field of Ancient Chinese History in the 1930s and 1940s<\/p>\n","protected":false},"author":4,"featured_media":0,"parent":0,"menu_order":0,"comment_status":"closed","ping_status":"closed","template":"","meta":[],"_links":{"self":[{"href":"https:\/\/ichs2020poznan.pl\/pl\/wp-json\/wp\/v2\/pages\/3752"}],"collection":[{"href":"https:\/\/ichs2020poznan.pl\/pl\/wp-json\/wp\/v2\/pages"}],"about":[{"href":"https:\/\/ichs2020poznan.pl\/pl\/wp-json\/wp\/v2\/types\/page"}],"author":[{"embeddable":true,"href":"https:\/\/ichs2020poznan.pl\/pl\/wp-json\/wp\/v2\/users\/4"}],"replies":[{"embeddable":true,"href":"https:\/\/ichs2020poznan.pl\/pl\/wp-json\/wp\/v2\/comments?post=3752"}],"version-history":[{"count":38,"href":"https:\/\/ichs2020poznan.pl\/pl\/wp-json\/wp\/v2\/pages\/3752\/revisions"}],"predecessor-version":[{"id":6081,"href":"https:\/\/ichs2020poznan.pl\/pl\/wp-json\/wp\/v2\/pages\/3752\/revisions\/6081"}],"wp:attachment":[{"href":"https:\/\/ichs2020poznan.pl\/pl\/wp-json\/wp\/v2\/media?parent=3752"}],"curies":[{"name":"wp","href":"https:\/\/api.w.org\/{rel}","templated":true}]}}