{"id":3175,"date":"2017-08-31T11:14:13","date_gmt":"2017-08-31T09:14:13","guid":{"rendered":"https:\/\/ichs2020poznan.pl\/pl\/?page_id=3175"},"modified":"2021-11-10T10:03:44","modified_gmt":"2021-11-10T09:03:44","slug":"uam-poznan-2","status":"publish","type":"page","link":"https:\/\/ichs2020poznan.pl\/pl\/miedzynarodowe-targi-poznanskie-2\/","title":{"rendered":"Grupa MTP"},"content":{"rendered":"<p><!-- start lewy kontener --><\/p>\n<div class=\"side-left\"><img loading=\"lazy\" class=\"alignnone wp-image-3169 size-medium\" src=\"https:\/\/ichs2020poznan.pl\/wp-content\/uploads\/2021\/11\/grupa_mtp_znak_RGB.png\" alt=\"\" width=\"300\" height=\"88\" \/><\/div>\n<div class=\"side-left\"><strong>Grupa MTP<\/strong><br \/>\nul. G\u0142ogowska 14<br \/>\n60-734 Pozna\u0144<br \/>\nT. +48 61 869 20 00<br \/>\n<a href=\"http:\/\/www.grupamtp.pl\">www.grupamtp.pl<\/a><br \/>\n<a href=\"http:\/\/www.pcc.mtp.pl\">www.pcc.mtp.pl<\/a><\/div>\n<p><!-- koniec lewy kontenerek plywajacy --><\/p>\n<p><strong>Grupa MTP &#8211; dobrze zaprojektowane wydarzenia<\/strong><br \/>\nGrupa MTP od blisko 100 lat zwi\u0105zana jest z organizacj\u0105 targ\u00f3w, a w 2021 roku obchodzi swoje 100-lecie. Dzi\u015b obszar dzia\u0142ania jest znacznie szerszy i obejmuje nie tylko targi, ale tak\u017ce mega eventy, koncerty, zawody sportowe, spotkania firmowe i wiele us\u0142ug uzupe\u0142niaj\u0105cych, kt\u00f3rych potrzebuj\u0105 firmy i uczestnicy, aby prowadzi\u0107 swoj\u0105 dzia\u0142alno\u015b\u0107, promowa\u0107 si\u0119 lub po prostu dobrze si\u0119 bawi\u0107. Aby obj\u0105\u0107 tak szeroki zakres dzia\u0142a\u0144, Zarz\u0105d wprowadzi\u0142 now\u0105 mark\u0119 korporacyjn\u0105 Grupa MTP.<br \/>\nDzi\u015b Grupa MTP to tak\u017ce us\u0142ugi marketingowe, budowa stoisk targowych, us\u0142ugi cateringowe, zarz\u0105dzanie miejscem oraz konglomerat takich marek, jak Pozna\u0144 Congress Center, IDEAEXPO.MTP, City Marketing GARDENcity, \u015bwiadcz\u0105ce komplementarne us\u0142ugi w bran\u017cy organizacji event\u00f3w.<br \/>\n<strong>Pozna\u0144 Congress Center \u2013 kongresy i konferencje<\/strong><br \/>\nGrupa MTP jest r\u00f3wnie\u017c oficjalnym Profesjonalnym Organizatorem Kongres\u00f3w (PCO), wyr\u00f3\u017cnionym certyfikatem Polskiej Organizacji Turystycznej. Pozna\u0144 Congress Center, nowoczesne centrum kongresowo-wystawienniczo-rozrywkowe, b\u0119d\u0105ce integraln\u0105 cz\u0119\u015bci\u0105 Grupy MTP, przeznaczone  jest do realizacji przedsi\u0119wzi\u0119\u0107 w sektorze MICE. PCC posiada ponad 70 sal konferencyjnych, 16 pawilon\u00f3w wystawienniczych, otwart\u0105 przestrze\u0144 oraz parking na 2000 samochod\u00f3w. Zr\u00f3\u017cnicowane architektonicznie wn\u0119trza umo\u017cliwiaj\u0105 organizacj\u0119 r\u00f3\u017cnego rodzaju wydarze\u0144, od spotka\u0144 biznesowych dla kilkunastu os\u00f3b po imprezy dla ponad 11 000 uczestnik\u00f3w. Pozna\u0144 Congress Center organizuje co roku 260 wydarze\u0144. Do najwa\u017cniejszych w ostatnich latach nale\u017ca\u0142y XIII Kongres Polskiego Towarzystwa Nefrologicznego, 28 \u015arodkowoeuropejska Wystawa Stomatologiczna, \u015awiatowy Kongres FDI, 24 Mi\u0119dzynarodowy Kongres Nauk Politycznych.<br \/>\nIndywidualna oferta Grupy MTP obejmuje: biuro organizatora konferencji, produkcj\u0119 event\u00f3w, obs\u0142ug\u0119 pomocnicz\u0105, catering, poligrafi\u0119, transport, noclegi, wycieczki po mie\u015bcie i imprezy towarzysz\u0105ce, projektowanie i budow\u0119 stoisk, wynajem i aran\u017cacj\u0119 sal konferencyjnych oraz przygotowanie i dystrybucj\u0119 materia\u0142\u00f3w promocyjnych. Doskona\u0142a lokalizacja (blisko\u015b\u0107 lotniska i dworca kolejowego) sprawia, \u017ce jest to idealne miejsce na profesjonalne konferencje, kongresy, targi, a tak\u017ce imprezy sportowe i kulturalne.<\/p>\n<p><img src=\"https:\/\/ichs2020poznan.pl\/wp-content\/uploads\/2021\/11\/MTP-100-lecie_MTP-100-horiz-ENG.png\" alt=\"https:\/\/ichs2020poznan.pl\/wp-content\/uploads\/2021\/11\/MTP-100-lecie_MTP-100-horiz-ENG.png\" \/><\/p>\n<p>&nbsp;<\/p>","protected":false},"excerpt":{"rendered":"<p>Grupa MTP ul. G\u0142ogowska 14 60-734 Pozna\u0144 T. +48 61 869 20 00 www.grupamtp.pl www.pcc.mtp.pl Grupa MTP &#8211; dobrze zaprojektowane wydarzenia Grupa MTP od blisko 100 lat zwi\u0105zana jest z organizacj\u0105 targ\u00f3w, a w 2021 roku obchodzi swoje 100-lecie. Dzi\u015b obszar dzia\u0142ania jest znacznie szerszy i obejmuje nie tylko targi, ale tak\u017ce mega eventy, koncerty, zawody sportowe, spotkania firmowe i wiele us\u0142ug uzupe\u0142niaj\u0105cych, kt\u00f3rych potrzebuj\u0105 firmy i uczestnicy, aby prowadzi\u0107 swoj\u0105 dzia\u0142alno\u015b\u0107, promowa\u0107 si\u0119 lub po prostu dobrze si\u0119 bawi\u0107. Aby obj\u0105\u0107 tak szeroki zakres dzia\u0142a\u0144, Zarz\u0105d wprowadzi\u0142 now\u0105 mark\u0119 korporacyjn\u0105 Grupa MTP. Dzi\u015b Grupa MTP to tak\u017ce us\u0142ugi marketingowe, budowa stoisk targowych, us\u0142ugi cateringowe, zarz\u0105dzanie miejscem oraz konglomerat takich marek, jak Pozna\u0144 Congress Center, IDEAEXPO.MTP, City Marketing GARDENcity, \u015bwiadcz\u0105ce komplementarne us\u0142ugi w bran\u017cy organizacji event\u00f3w. Pozna\u0144 Congress Center \u2013 kongresy i konferencje Grupa MTP jest r\u00f3wnie\u017c oficjalnym Profesjonalnym Organizatorem Kongres\u00f3w (PCO), wyr\u00f3\u017cnionym certyfikatem Polskiej Organizacji Turystycznej. Pozna\u0144 Congress Center, nowoczesne centrum kongresowo-wystawienniczo-rozrywkowe, b\u0119d\u0105ce integraln\u0105 cz\u0119\u015bci\u0105 Grupy MTP, przeznaczone jest do realizacji przedsi\u0119wzi\u0119\u0107 w sektorze MICE. PCC posiada ponad 70 sal konferencyjnych, 16 pawilon\u00f3w wystawienniczych, otwart\u0105 przestrze\u0144 oraz parking na 2000 samochod\u00f3w. Zr\u00f3\u017cnicowane architektonicznie wn\u0119trza umo\u017cliwiaj\u0105 organizacj\u0119 r\u00f3\u017cnego rodzaju wydarze\u0144, od spotka\u0144 biznesowych dla kilkunastu os\u00f3b po imprezy dla ponad 11 000 uczestnik\u00f3w. Pozna\u0144 Congress Center organizuje co roku 260 wydarze\u0144. Do najwa\u017cniejszych w ostatnich latach nale\u017ca\u0142y XIII Kongres Polskiego Towarzystwa Nefrologicznego, 28 \u015arodkowoeuropejska Wystawa Stomatologiczna, \u015awiatowy Kongres FDI, 24 Mi\u0119dzynarodowy Kongres Nauk Politycznych. Indywidualna oferta Grupy MTP obejmuje: biuro organizatora konferencji, produkcj\u0119 event\u00f3w, obs\u0142ug\u0119 pomocnicz\u0105, catering, poligrafi\u0119, transport, noclegi, wycieczki po mie\u015bcie i imprezy towarzysz\u0105ce, projektowanie i budow\u0119 stoisk, wynajem i aran\u017cacj\u0119 sal konferencyjnych oraz przygotowanie i dystrybucj\u0119 materia\u0142\u00f3w promocyjnych. Doskona\u0142a lokalizacja (blisko\u015b\u0107 lotniska i dworca kolejowego) sprawia, \u017ce jest to idealne miejsce na profesjonalne konferencje, kongresy, targi, a tak\u017ce imprezy sportowe i kulturalne. &nbsp;<\/p>\n","protected":false},"author":4,"featured_media":0,"parent":0,"menu_order":0,"comment_status":"closed","ping_status":"closed","template":"","meta":[],"_links":{"self":[{"href":"https:\/\/ichs2020poznan.pl\/pl\/wp-json\/wp\/v2\/pages\/3175"}],"collection":[{"href":"https:\/\/ichs2020poznan.pl\/pl\/wp-json\/wp\/v2\/pages"}],"about":[{"href":"https:\/\/ichs2020poznan.pl\/pl\/wp-json\/wp\/v2\/types\/page"}],"author":[{"embeddable":true,"href":"https:\/\/ichs2020poznan.pl\/pl\/wp-json\/wp\/v2\/users\/4"}],"replies":[{"embeddable":true,"href":"https:\/\/ichs2020poznan.pl\/pl\/wp-json\/wp\/v2\/comments?post=3175"}],"version-history":[{"count":17,"href":"https:\/\/ichs2020poznan.pl\/pl\/wp-json\/wp\/v2\/pages\/3175\/revisions"}],"predecessor-version":[{"id":4715,"href":"https:\/\/ichs2020poznan.pl\/pl\/wp-json\/wp\/v2\/pages\/3175\/revisions\/4715"}],"wp:attachment":[{"href":"https:\/\/ichs2020poznan.pl\/pl\/wp-json\/wp\/v2\/media?parent=3175"}],"curies":[{"name":"wp","href":"https:\/\/api.w.org\/{rel}","templated":true}]}}