{"id":3155,"date":"2017-06-26T12:14:26","date_gmt":"2017-06-26T10:14:26","guid":{"rendered":"https:\/\/ichs2020poznan.pl\/pl\/?page_id=3155"},"modified":"2021-09-15T18:33:09","modified_gmt":"2021-09-15T16:33:09","slug":"miedzynarodowe-targi-poznanskie-2","status":"publish","type":"page","link":"https:\/\/ichs2020poznan.pl\/pl\/miedzynarodowy-komitet-nauk-historycznych\/","title":{"rendered":"CISH"},"content":{"rendered":"<p><!-- start lewy kontener --><\/p>\n<div class=\"side-left\"><img loading=\"lazy\" class=\"alignnone wp-image-3187 size-full\" src=\"https:\/\/ichs2020poznan.pl\/wp-content\/uploads\/2017\/06\/logo_cish.jpg\" alt=\"\" width=\"382\" height=\"150\" srcset=\"https:\/\/ichs2020poznan.pl\/wp-content\/uploads\/2017\/06\/logo_cish.jpg 382w, https:\/\/ichs2020poznan.pl\/wp-content\/uploads\/2017\/06\/logo_cish-300x118.jpg 300w\" sizes=\"(max-width: 382px) 100vw, 382px\" \/><\/div>\n<div class=\"side-left\"><strong>Mi\u0119dzynarodowy Komitet Nauk Historycznych<\/strong><br \/>\n<a href=\"http:\/\/www.cish.org\/index.php\/en\/\">www.cish.org<\/a><\/div>\n<p><!-- koniec lewy kontenerek plywajacy --><\/p>\n<p>Mi\u0119dzynarodowy Komitet Nauk Historycznych (MKNH) to stowarzyszenie zrzeszaj\u0105ce historyk\u00f3w z ca\u0142ego \u015bwiata. Powsta\u0142o jako organizacja pozarz\u0105dowa w Genewie w 1926 roku. Sk\u0142ada si\u0119 z narodowych komitet\u00f3w historycznych (obecnie 54), mi\u0119dzynarodowych organizacji zajmuj\u0105cych si\u0119 ro\u017cnymi dziedzinami historii (obecnie 31) oraz 8 komisji afiliowanych.<\/p>\n<p>G\u0142\u00f3wnym zadaniem Komitetu jest organizowanie co pi\u0119\u0107 lat w r\u00f3\u017cnych cz\u0119\u015bciach \u015bwiata Mi\u0119dzynarodowych Kongres\u00f3w Nauk Historycznych. Dnia 29 sierpnia 2015 roku na XXII Mi\u0119dzynarodowym Kongresie Nauk Historycznych w Jinan (Chiny) Zgromadzenie Og\u00f3lne MKNH na miasto-gospodarza XXIII Kongresu w 2020 roku wybra\u0142o Pozna\u0144. Jak dot\u0105d, w Polsce kongres odby\u0142 si\u0119 tylko raz, w 1933 roku w Warszawie.<\/p>\n<p>Na czele Komitetu stoi Zarz\u0105d koordynuj\u0105cy jego bie\u017c\u0105c\u0105 dzia\u0142alno\u015b\u0107. Obecnie sk\u0142ada si\u0119 z 11 os\u00f3b:<br \/>\n<strong>Prezydent<\/strong> \u2013 Catherine Horel (Francja)<br \/>\n<strong>Wiceprezydent<\/strong> \u2013 Eliana Dutra (Brazylia)<br \/>\n<strong>Wiceprezydent<\/strong> \u2013 Krzysztof A. Makowski (Polska)<br \/>\n<strong>Sekretarz Generalny<\/strong> \u2013 Edoardo Tortarolo (W\u0142ochy)<br \/>\n<strong>Skarbnik<\/strong> \u2013 Sacha Zala (Szwajcaria)<br \/>\n<strong>Cz\u0142onkowie:<\/strong> Gunl\u00f6g Fur (Szwecja); Joel Harrington (USA); Matthias Middell (Niemcy); Nuno Gon\u00e7alo Monteiro (Portugalia); Katalin Szende (W\u0119gry); Hirotaka Watanabe (Japonia).<\/p>\n<p><strong>Honorowy Prezydent<\/strong> \u2013 Andrea Giardina (W\u0142ochy)<\/p>\n<p>W latach 1980-1985 funkcj\u0119 prezydenta Komitetu pe\u0142ni\u0142 prof. Aleksander Gieysztor. Przed wojn\u0105 w Zarz\u0105dzie zasiada\u0142o dw\u00f3ch reprezentant\u00f3w Polski \u2013 w latach 1926-1938 prof. Bronis\u0142aw Dembi\u0144ski (od 1928 jako wiceprezydent), a od 1938 r. prof. Marceli Handelsman.<\/p>\n<p>Najwa\u017cniejsze decyzje podejmuje Zgromadzenie Og\u00f3lne MKNH sk\u0142adaj\u0105ce si\u0119 z reprezentant\u00f3w wszystkich komitet\u00f3w narodowych oraz organizacji i komisji zrzeszonych w MKNH.<\/p>","protected":false},"excerpt":{"rendered":"<p>Mi\u0119dzynarodowy Komitet Nauk Historycznych www.cish.org Mi\u0119dzynarodowy Komitet Nauk Historycznych (MKNH) to stowarzyszenie zrzeszaj\u0105ce historyk\u00f3w z ca\u0142ego \u015bwiata. Powsta\u0142o jako organizacja pozarz\u0105dowa w Genewie w 1926 roku. Sk\u0142ada si\u0119 z narodowych komitet\u00f3w historycznych (obecnie 54), mi\u0119dzynarodowych organizacji zajmuj\u0105cych si\u0119 ro\u017cnymi dziedzinami historii (obecnie 31) oraz 8 komisji afiliowanych. G\u0142\u00f3wnym zadaniem Komitetu jest organizowanie co pi\u0119\u0107 lat w r\u00f3\u017cnych cz\u0119\u015bciach \u015bwiata Mi\u0119dzynarodowych Kongres\u00f3w Nauk Historycznych. Dnia 29 sierpnia 2015 roku na XXII Mi\u0119dzynarodowym Kongresie Nauk Historycznych w Jinan (Chiny) Zgromadzenie Og\u00f3lne MKNH na miasto-gospodarza XXIII Kongresu w 2020 roku wybra\u0142o Pozna\u0144. Jak dot\u0105d, w Polsce kongres odby\u0142 si\u0119 tylko raz, w 1933 roku w Warszawie. Na czele Komitetu stoi Zarz\u0105d koordynuj\u0105cy jego bie\u017c\u0105c\u0105 dzia\u0142alno\u015b\u0107. Obecnie sk\u0142ada si\u0119 z 11 os\u00f3b: Prezydent \u2013 Catherine Horel (Francja) Wiceprezydent \u2013 Eliana Dutra (Brazylia) Wiceprezydent \u2013 Krzysztof A. Makowski (Polska) Sekretarz Generalny \u2013 Edoardo Tortarolo (W\u0142ochy) Skarbnik \u2013 Sacha Zala (Szwajcaria) Cz\u0142onkowie: Gunl\u00f6g Fur (Szwecja); Joel Harrington (USA); Matthias Middell (Niemcy); Nuno Gon\u00e7alo Monteiro (Portugalia); Katalin Szende (W\u0119gry); Hirotaka Watanabe (Japonia). Honorowy Prezydent \u2013 Andrea Giardina (W\u0142ochy) W latach 1980-1985 funkcj\u0119 prezydenta Komitetu pe\u0142ni\u0142 prof. Aleksander Gieysztor. Przed wojn\u0105 w Zarz\u0105dzie zasiada\u0142o dw\u00f3ch reprezentant\u00f3w Polski \u2013 w latach 1926-1938 prof. Bronis\u0142aw Dembi\u0144ski (od 1928 jako wiceprezydent), a od 1938 r. prof. Marceli Handelsman. Najwa\u017cniejsze decyzje podejmuje Zgromadzenie Og\u00f3lne MKNH sk\u0142adaj\u0105ce si\u0119 z reprezentant\u00f3w wszystkich komitet\u00f3w narodowych oraz organizacji i komisji zrzeszonych w MKNH.<\/p>\n","protected":false},"author":4,"featured_media":0,"parent":0,"menu_order":0,"comment_status":"closed","ping_status":"closed","template":"","meta":[],"_links":{"self":[{"href":"https:\/\/ichs2020poznan.pl\/pl\/wp-json\/wp\/v2\/pages\/3155"}],"collection":[{"href":"https:\/\/ichs2020poznan.pl\/pl\/wp-json\/wp\/v2\/pages"}],"about":[{"href":"https:\/\/ichs2020poznan.pl\/pl\/wp-json\/wp\/v2\/types\/page"}],"author":[{"embeddable":true,"href":"https:\/\/ichs2020poznan.pl\/pl\/wp-json\/wp\/v2\/users\/4"}],"replies":[{"embeddable":true,"href":"https:\/\/ichs2020poznan.pl\/pl\/wp-json\/wp\/v2\/comments?post=3155"}],"version-history":[{"count":23,"href":"https:\/\/ichs2020poznan.pl\/pl\/wp-json\/wp\/v2\/pages\/3155\/revisions"}],"predecessor-version":[{"id":4668,"href":"https:\/\/ichs2020poznan.pl\/pl\/wp-json\/wp\/v2\/pages\/3155\/revisions\/4668"}],"wp:attachment":[{"href":"https:\/\/ichs2020poznan.pl\/pl\/wp-json\/wp\/v2\/media?parent=3155"}],"curies":[{"name":"wp","href":"https:\/\/api.w.org\/{rel}","templated":true}]}}