{"id":3113,"date":"2017-03-30T13:15:47","date_gmt":"2017-03-30T11:15:47","guid":{"rendered":"https:\/\/ichs2020poznan.pl\/pl\/?page_id=3113"},"modified":"2017-03-30T13:36:18","modified_gmt":"2017-03-30T11:36:18","slug":"eksperymenty","status":"publish","type":"page","link":"https:\/\/ichs2020poznan.pl\/pl\/eksperymenty\/","title":{"rendered":"eksperymenty"},"content":{"rendered":"<p><\/p>\n<div class=\"main_element_test_wrapper\">\n<div class=\"main_element_test\">\n<div class=\"main_element_test_image\"><img src=\"https:\/\/ichs2020poznan.pl\/wp-content\/uploads\/2016\/06\/PAN-logo-1.png\" \/><\/div>\n<div class=\"main_element_test_text\">Komitet Nauk Historycznych Polskiej Akademii Nauk jest og\u00f3lnopolsk\u0105 reprezentacj\u0105 historyk\u00f3w, kt\u00f3ra istnieje od lat pi\u0119\u0107dziesi\u0105tych ubieg\u0142ego wieku. Skupia najbardziej uznanych i aktywnych badaczy wszystkich dyscyplin historycznych, dzia\u0142aj\u0105cych w uniwersytetach i instytutach Polskiej Akademii Nauk.<\/p>\n<div class=\"main_element_test_bottom\">\n<h5 class=\"title blue\">wi\u0119cej<\/h5>\n<\/div>\n<\/div>\n<\/div>\n<div class=\"main_element_test\">\n<div class=\"main_element_test_image\"><img src=\"https:\/\/ichs2020poznan.pl\/wp-content\/uploads\/2016\/06\/PAN-logo-1.png\" \/><\/div>\n<div class=\"main_element_test_text\">Komitet Nauk Historycznych Polskiej Akademii Nauk jest og\u00f3lnopolsk\u0105 reprezentacj\u0105 historyk\u00f3w, kt\u00f3ra istnieje od lat pi\u0119\u0107dziesi\u0105tych ubieg\u0142ego wieku. Skupia najbardziej uznanych i aktywnych badaczy wszystkich dyscyplin historycznych, dzia\u0142aj\u0105cych w uniwersytetach i instytutach Polskiej Akademii Nauk.<\/p>\n<div class=\"main_element_test_bottom\">\n<h5 class=\"title blue\">wi\u0119cej<\/h5>\n<\/div>\n<\/div>\n<\/div>\n<div class=\"main_element_test\">\n<div class=\"main_element_test_image\"><img src=\"https:\/\/ichs2020poznan.pl\/wp-content\/uploads\/2016\/06\/UAM-logo-1.png\" \/><\/div>\n<div class=\"main_element_test_text\">Tradycje akademickie Poznania si\u0119gaj\u0105 pocz\u0105tk\u00f3w XVI wieku. Obecny Uniwersytet powo\u0142ano do \u017cycia w 1919 roku, po odzyskaniu przez Polsk\u0119 niepodleg\u0142o\u015bci. Dzi\u015b Uniwersytet im. Adama Mickiewicza w Poznaniu \u2013 obok Uniwersytetu Warszawskiego i Uniwersytetu Jagiello\u0144skiego w Krakowie \u2013 nale\u017cy do najwi\u0119kszych i najlepszych uczelni akademickich w Polsce.<\/p>\n<div class=\"main_element_test_bottom\">\n<h5 class=\"title blue\">wi\u0119cej<\/h5>\n<\/div>\n<\/div>\n<\/div>\n<\/div>\n<p><\/p>","protected":false},"excerpt":{"rendered":"<p>Komitet Nauk Historycznych Polskiej Akademii Nauk jest og\u00f3lnopolsk\u0105 reprezentacj\u0105 historyk\u00f3w, kt\u00f3ra istnieje od lat pi\u0119\u0107dziesi\u0105tych ubieg\u0142ego wieku. Skupia najbardziej uznanych i aktywnych badaczy wszystkich dyscyplin historycznych, dzia\u0142aj\u0105cych w uniwersytetach i instytutach Polskiej Akademii Nauk. wi\u0119cej Komitet Nauk Historycznych Polskiej Akademii Nauk jest og\u00f3lnopolsk\u0105 reprezentacj\u0105 historyk\u00f3w, kt\u00f3ra istnieje od lat pi\u0119\u0107dziesi\u0105tych ubieg\u0142ego wieku. Skupia najbardziej uznanych i aktywnych badaczy wszystkich dyscyplin historycznych, dzia\u0142aj\u0105cych w uniwersytetach i instytutach Polskiej Akademii Nauk. wi\u0119cej Tradycje akademickie Poznania si\u0119gaj\u0105 pocz\u0105tk\u00f3w XVI wieku. Obecny Uniwersytet powo\u0142ano do \u017cycia w 1919 roku, po odzyskaniu przez Polsk\u0119 niepodleg\u0142o\u015bci. Dzi\u015b Uniwersytet im. Adama Mickiewicza w Poznaniu \u2013 obok Uniwersytetu Warszawskiego i Uniwersytetu Jagiello\u0144skiego w Krakowie \u2013 nale\u017cy do najwi\u0119kszych i najlepszych uczelni akademickich w Polsce. wi\u0119cej<\/p>\n","protected":false},"author":7,"featured_media":0,"parent":0,"menu_order":0,"comment_status":"closed","ping_status":"closed","template":"","meta":[],"_links":{"self":[{"href":"https:\/\/ichs2020poznan.pl\/pl\/wp-json\/wp\/v2\/pages\/3113"}],"collection":[{"href":"https:\/\/ichs2020poznan.pl\/pl\/wp-json\/wp\/v2\/pages"}],"about":[{"href":"https:\/\/ichs2020poznan.pl\/pl\/wp-json\/wp\/v2\/types\/page"}],"author":[{"embeddable":true,"href":"https:\/\/ichs2020poznan.pl\/pl\/wp-json\/wp\/v2\/users\/7"}],"replies":[{"embeddable":true,"href":"https:\/\/ichs2020poznan.pl\/pl\/wp-json\/wp\/v2\/comments?post=3113"}],"version-history":[{"count":7,"href":"https:\/\/ichs2020poznan.pl\/pl\/wp-json\/wp\/v2\/pages\/3113\/revisions"}],"predecessor-version":[{"id":3154,"href":"https:\/\/ichs2020poznan.pl\/pl\/wp-json\/wp\/v2\/pages\/3113\/revisions\/3154"}],"wp:attachment":[{"href":"https:\/\/ichs2020poznan.pl\/pl\/wp-json\/wp\/v2\/media?parent=3113"}],"curies":[{"name":"wp","href":"https:\/\/api.w.org\/{rel}","templated":true}]}}