{"id":3091,"date":"2017-03-30T10:41:18","date_gmt":"2017-03-30T08:41:18","guid":{"rendered":"https:\/\/ichs2020poznan.pl\/pl\/?page_id=3091"},"modified":"2017-08-31T11:05:10","modified_gmt":"2017-08-31T09:05:10","slug":"miedzynarodowe-targi-poznanskie","status":"publish","type":"page","link":"https:\/\/ichs2020poznan.pl\/pl\/organizatorzy\/miedzynarodowe-targi-poznanskie\/","title":{"rendered":"Miedzynarodowe Targi Poznanskie"},"content":{"rendered":"<p><!-- start lewy kontener --><\/p>\n<div class=\"side-left\"><a href=\"http:\/\/www.mtp.pl\"><img loading=\"lazy\" class=\"alignnone wp-image-3169\" src=\"https:\/\/ichs2020poznan.pl\/wp-content\/uploads\/2017\/03\/mtp_logo_boczne.jpg\" alt=\"\" width=\"274\" height=\"81\" srcset=\"https:\/\/ichs2020poznan.pl\/wp-content\/uploads\/2017\/03\/mtp_logo_boczne.jpg 730w, https:\/\/ichs2020poznan.pl\/wp-content\/uploads\/2017\/03\/mtp_logo_boczne-300x88.jpg 300w\" sizes=\"(max-width: 274px) 100vw, 274px\" \/><\/a><\/div>\n<div class=\"side-left\"><strong>Mi\u0119dzynarodowe Targi Pozna\u0144skie<\/strong><br \/>\nul. G\u0142ogowska 14<br \/>\n60-734 Pozna\u0144<br \/>\nT. +48 61 869 20 00<br \/>\n<a href=\"http:\/\/mtp.pl\">www.mpt.pl<\/a><\/div>\n<p><!-- koniec lewy kontenerek plywajacy --><\/p>\n<p>Mi\u0119dzynarodowe Targi Pozna\u0144skie (MTP) s\u0105 liderem polskiego przemys\u0142u targowego. Maj\u0105 mniej wi\u0119cej po\u0142ow\u0119 udzia\u0142u w rynku targowym w Polsce. Nale\u017c\u0105 te\u017c do \u015bwiatowych lider\u00f3w w tej bran\u017cy (s\u0105 pierwszym organizatorem targ\u00f3w w Europie \u015arodkowo-Wschodniej).<\/p>\n<p>W portfolio produkt\u00f3w MTP znajduje si\u0119 ponad 100 targ\u00f3w organizowanych w cyklach rocznych lub dwuletnich. W roku 2016 w 63 wydarzeniach targowych organizowanych przez pozna\u0144skie Targi wzi\u0119\u0142o udzia\u0142 ponad 10,5 tys. wystawc\u00f3w, w tym oko\u0142o 2.500 pochodz\u0105cych z 56 kraj\u00f3w \u015bwiata, a odwiedzi\u0142o je prawie 700 tys. zwiedzaj\u0105cych. Do tego grona doliczy\u0107 nale\u017cy uczestnik\u00f3w kongres\u00f3w, konferencji oraz wydarze\u0144 kulturalnych i sportowych. \u0141\u0105cznie MTP na swym terenie goszcz\u0105 rocznie ponad 1.100.000 os\u00f3b.<\/p>\n<p>MTP wspieraj\u0105 promocj\u0119 polskiej gospodarki za granic\u0105. Wsp\u00f3\u0142pracuj\u0105 z rz\u0105dem, Polsk\u0105 Agencj\u0105 Rozwoju Przedsi\u0119biorczo\u015bci, stowarzyszeniami i izbami gospodarczymi. S\u0105 organizatorem wystaw narodowych na najwi\u0119kszych \u015bwiatowych targach.<\/p>\n<p>Pozna\u0144 Congress Center (PCC) to nowoczesne centrum kongresowe, wystawiennicze i widowiskowo-sportowe dzia\u0142aj\u0105ce w strukturze MTP, dysponuj\u0105ce wszystkimi ich obiektami. Oferuje ponad 70 sal konferencyjnych, 16 pawilon\u00f3w wystawienniczych, otwart\u0105 przestrze\u0144 oraz parking dla 2.000 samochod\u00f3w. Zr\u00f3\u017cnicowane architektonicznie wn\u0119trza umo\u017cliwiaj\u0105 organizacj\u0119 wydarze\u0144 o r\u00f3\u017cnorodnym charakterze, od spotka\u0144 biznesowych dla kilkunastu os\u00f3b, a\u017c po eventy dla ponad 11.000 uczestnik\u00f3w. Znakomite po\u0142o\u017cenie (blisko\u015b\u0107 lotniska i dworca kolejowego) sprawia, \u017ce jest to idealna lokalizacja dla profesjonalnych konferencji, kongres\u00f3w, targ\u00f3w, wydarze\u0144 sportowych i kulturalnych.<\/p>","protected":false},"excerpt":{"rendered":"<p>Mi\u0119dzynarodowe Targi Pozna\u0144skie ul. G\u0142ogowska 14 60-734 Pozna\u0144 T. +48 61 869 20 00 www.mpt.pl Mi\u0119dzynarodowe Targi Pozna\u0144skie (MTP) s\u0105 liderem polskiego przemys\u0142u targowego. Maj\u0105 mniej wi\u0119cej po\u0142ow\u0119 udzia\u0142u w rynku targowym w Polsce. Nale\u017c\u0105 te\u017c do \u015bwiatowych lider\u00f3w w tej bran\u017cy (s\u0105 pierwszym organizatorem targ\u00f3w w Europie \u015arodkowo-Wschodniej). W portfolio produkt\u00f3w MTP znajduje si\u0119 ponad 100 targ\u00f3w organizowanych w cyklach rocznych lub dwuletnich. W roku 2016 w 63 wydarzeniach targowych organizowanych przez pozna\u0144skie Targi wzi\u0119\u0142o udzia\u0142 ponad 10,5 tys. wystawc\u00f3w, w tym oko\u0142o 2.500 pochodz\u0105cych z 56 kraj\u00f3w \u015bwiata, a odwiedzi\u0142o je prawie 700 tys. zwiedzaj\u0105cych. Do tego grona doliczy\u0107 nale\u017cy uczestnik\u00f3w kongres\u00f3w, konferencji oraz wydarze\u0144 kulturalnych i sportowych. \u0141\u0105cznie MTP na swym terenie goszcz\u0105 rocznie ponad 1.100.000 os\u00f3b. MTP wspieraj\u0105 promocj\u0119 polskiej gospodarki za granic\u0105. Wsp\u00f3\u0142pracuj\u0105 z rz\u0105dem, Polsk\u0105 Agencj\u0105 Rozwoju Przedsi\u0119biorczo\u015bci, stowarzyszeniami i izbami gospodarczymi. S\u0105 organizatorem wystaw narodowych na najwi\u0119kszych \u015bwiatowych targach. Pozna\u0144 Congress Center (PCC) to nowoczesne centrum kongresowe, wystawiennicze i widowiskowo-sportowe dzia\u0142aj\u0105ce w strukturze MTP, dysponuj\u0105ce wszystkimi ich obiektami. Oferuje ponad 70 sal konferencyjnych, 16 pawilon\u00f3w wystawienniczych, otwart\u0105 przestrze\u0144 oraz parking dla 2.000 samochod\u00f3w. Zr\u00f3\u017cnicowane architektonicznie wn\u0119trza umo\u017cliwiaj\u0105 organizacj\u0119 wydarze\u0144 o r\u00f3\u017cnorodnym charakterze, od spotka\u0144 biznesowych dla kilkunastu os\u00f3b, a\u017c po eventy dla ponad 11.000 uczestnik\u00f3w. Znakomite po\u0142o\u017cenie (blisko\u015b\u0107 lotniska i dworca kolejowego) sprawia, \u017ce jest to idealna lokalizacja dla profesjonalnych konferencji, kongres\u00f3w, targ\u00f3w, wydarze\u0144 sportowych i kulturalnych.<\/p>\n","protected":false},"author":9,"featured_media":0,"parent":105,"menu_order":0,"comment_status":"closed","ping_status":"closed","template":"","meta":[],"_links":{"self":[{"href":"https:\/\/ichs2020poznan.pl\/pl\/wp-json\/wp\/v2\/pages\/3091"}],"collection":[{"href":"https:\/\/ichs2020poznan.pl\/pl\/wp-json\/wp\/v2\/pages"}],"about":[{"href":"https:\/\/ichs2020poznan.pl\/pl\/wp-json\/wp\/v2\/types\/page"}],"author":[{"embeddable":true,"href":"https:\/\/ichs2020poznan.pl\/pl\/wp-json\/wp\/v2\/users\/9"}],"replies":[{"embeddable":true,"href":"https:\/\/ichs2020poznan.pl\/pl\/wp-json\/wp\/v2\/comments?post=3091"}],"version-history":[{"count":23,"href":"https:\/\/ichs2020poznan.pl\/pl\/wp-json\/wp\/v2\/pages\/3091\/revisions"}],"predecessor-version":[{"id":3174,"href":"https:\/\/ichs2020poznan.pl\/pl\/wp-json\/wp\/v2\/pages\/3091\/revisions\/3174"}],"up":[{"embeddable":true,"href":"https:\/\/ichs2020poznan.pl\/pl\/wp-json\/wp\/v2\/pages\/105"}],"wp:attachment":[{"href":"https:\/\/ichs2020poznan.pl\/pl\/wp-json\/wp\/v2\/media?parent=3091"}],"curies":[{"name":"wp","href":"https:\/\/api.w.org\/{rel}","templated":true}]}}