{"id":271,"date":"2016-06-23T11:57:57","date_gmt":"2016-06-23T09:57:57","guid":{"rendered":"http:\/\/www.ichs2020poznan.pl\/?page_id=271"},"modified":"2021-09-07T13:25:05","modified_gmt":"2021-09-07T11:25:05","slug":"uam-poznan","status":"publish","type":"page","link":"https:\/\/ichs2020poznan.pl\/pl\/uniwersytet-im-adama-mickiewicza-w-poznaniu\/","title":{"rendered":"UNIWERSYTET IM. ADAMA MICKIEWICZA W POZNANIU"},"content":{"rendered":"<p><!-- start lewy kontener --><\/p>\n<div class=\"side-left\"><img src=\"https:\/\/ichs2020poznan.pl\/wp-content\/uploads\/2016\/06\/UAM-logo-1.png\" alt=\"\" \/><\/div>\n<div class=\"side-left\"><strong>UNIWERSYTET<br \/>\nIM. ADAMA MICKIEWICZA<br \/>\nW POZNANIU <\/strong><br \/>\nul. Wieniawskiego 1<br \/>\n61-712 Pozna\u0144<br \/>\nT. +48 61 829 43 08<br \/>\n<a href=\"http:\/\/www.amu.edu.pl\">www.amu.edu.pl<\/a><\/div>\n<p><!-- koniec lewy kontenerek plywajacy --><\/p>\n<p>Tradycje akademickie Poznania si\u0119gaj\u0105 pocz\u0105tk\u00f3w XVI wieku. Obecny Uniwersytet powo\u0142ano do \u017cycia w 1919 roku, po odzyskaniu przez Polsk\u0119 niepodleg\u0142o\u015bci. Dzi\u015b Uniwersytet im. Adama Mickiewicza w Poznaniu \u2013 obok Uniwersytetu Warszawskiego i Uniwersytetu Jagiello\u0144skiego w Krakowie \u2013 nale\u017cy do najwi\u0119kszych i najlepszych uczelni akademickich w Polsce.<br \/>\nSpo\u0142eczno\u015b\u0107 akademicka Uczelni sk\u0142ada si\u0119 z ponad 50 tys. os\u00f3b, w tym 3 tys. pracownik\u00f3w naukowych. W ramach Uniwersytetu dzia\u0142a obecnie 15 wydzia\u0142\u00f3w. Studia pierwszego i drugiego stopnia, jednolite studia magisterskie oraz studia doktoranckie prowadzone s\u0105 w formie stacjonarnej i niestacjonarnej na blisko 280 kierunkach i specjalno\u015bciach studi\u00f3w z obszaru nauk humanistycznych, spo\u0142ecznych, \u015bcis\u0142ych, przyrodniczych, technicznych, nauk o zdrowiu oraz nauk z obszaru sztuki.<\/p>\n<p>Integraln\u0105 cz\u0119\u015bci\u0105 Uniwersytetu jest Biblioteka Uniwersytecka. Tworzy ona przestrze\u0144 wiedzy prezentowanej zar\u00f3wno w tradycyjnej papierowej formie, jak i za pomoc\u0105 nowoczesnych \u017ar\u00f3de\u0142 informacji. Biblioteka wspiera prac\u0119 dydaktyczn\u0105 i naukow\u0105 wszystkich wydzia\u0142\u00f3w, a tak\u017ce dzia\u0142a na rzecz mieszka\u0144c\u00f3w Poznania. Jej zbiory, wraz ze zbiorami sieci bibliotek wydzia\u0142owych, licz\u0105 oko\u0142o pi\u0119ciu milion\u00f3w egzemplarzy ksi\u0105\u017cek i czasopism.<\/p>\n<p>Bardzo wa\u017cne miejsce w strukturze Uniwersytetu zajmuje Wydzia\u0142 Historii, kt\u00f3ry nale\u017cy do najlepszych w Polsce. Wydzia\u0142 Historii UAM w Poznaniu ma charakter wielodyscyplinarny; odznacza si\u0119 du\u017cym potencja\u0142em naukowym. Wydzia\u0142 zatrudnia obecnie przesz\u0142o 100 pracownik\u00f3w naukowo-dydaktycznych, kt\u00f3rzy prowadz\u0105 badania w Polsce oraz w Europie, Azji \u015arodkowej, Indiach i na Syberii oraz w Ameryce Po\u0142udniowej, Afryce i na Oceanii.<\/p>\n<div class=\"flex-numbers-wrapper\"><\/p>","protected":false},"excerpt":{"rendered":"<p>UNIWERSYTET IM. ADAMA MICKIEWICZA W POZNANIU ul. Wieniawskiego 1 61-712 Pozna\u0144 T. +48 61 829 43 08 www.amu.edu.pl Tradycje akademickie Poznania si\u0119gaj\u0105 pocz\u0105tk\u00f3w XVI wieku. Obecny Uniwersytet powo\u0142ano do \u017cycia w 1919 roku, po odzyskaniu przez Polsk\u0119 niepodleg\u0142o\u015bci. Dzi\u015b Uniwersytet im. Adama Mickiewicza w Poznaniu \u2013 obok Uniwersytetu Warszawskiego i Uniwersytetu Jagiello\u0144skiego w Krakowie \u2013 nale\u017cy do najwi\u0119kszych i najlepszych uczelni akademickich w Polsce. Spo\u0142eczno\u015b\u0107 akademicka Uczelni sk\u0142ada si\u0119 z ponad 50 tys. os\u00f3b, w tym 3 tys. pracownik\u00f3w naukowych. W ramach Uniwersytetu dzia\u0142a obecnie 15 wydzia\u0142\u00f3w. Studia pierwszego i drugiego stopnia, jednolite studia magisterskie oraz studia doktoranckie prowadzone s\u0105 w formie stacjonarnej i niestacjonarnej na blisko 280 kierunkach i specjalno\u015bciach studi\u00f3w z obszaru nauk humanistycznych, spo\u0142ecznych, \u015bcis\u0142ych, przyrodniczych, technicznych, nauk o zdrowiu oraz nauk z obszaru sztuki. Integraln\u0105 cz\u0119\u015bci\u0105 Uniwersytetu jest Biblioteka Uniwersytecka. Tworzy ona przestrze\u0144 wiedzy prezentowanej zar\u00f3wno w tradycyjnej papierowej formie, jak i za pomoc\u0105 nowoczesnych \u017ar\u00f3de\u0142 informacji. Biblioteka wspiera prac\u0119 dydaktyczn\u0105 i naukow\u0105 wszystkich wydzia\u0142\u00f3w, a tak\u017ce dzia\u0142a na rzecz mieszka\u0144c\u00f3w Poznania. Jej zbiory, wraz ze zbiorami sieci bibliotek wydzia\u0142owych, licz\u0105 oko\u0142o pi\u0119ciu milion\u00f3w egzemplarzy ksi\u0105\u017cek i czasopism. Bardzo wa\u017cne miejsce w strukturze Uniwersytetu zajmuje Wydzia\u0142 Historii, kt\u00f3ry nale\u017cy do najlepszych w Polsce. Wydzia\u0142 Historii UAM w Poznaniu ma charakter wielodyscyplinarny; odznacza si\u0119 du\u017cym potencja\u0142em naukowym. Wydzia\u0142 zatrudnia obecnie przesz\u0142o 100 pracownik\u00f3w naukowo-dydaktycznych, kt\u00f3rzy prowadz\u0105 badania w Polsce oraz w Europie, Azji \u015arodkowej, Indiach i na Syberii oraz w Ameryce Po\u0142udniowej, Afryce i na Oceanii.<\/p>\n","protected":false},"author":1,"featured_media":0,"parent":0,"menu_order":0,"comment_status":"closed","ping_status":"closed","template":"","meta":[],"_links":{"self":[{"href":"https:\/\/ichs2020poznan.pl\/pl\/wp-json\/wp\/v2\/pages\/271"}],"collection":[{"href":"https:\/\/ichs2020poznan.pl\/pl\/wp-json\/wp\/v2\/pages"}],"about":[{"href":"https:\/\/ichs2020poznan.pl\/pl\/wp-json\/wp\/v2\/types\/page"}],"author":[{"embeddable":true,"href":"https:\/\/ichs2020poznan.pl\/pl\/wp-json\/wp\/v2\/users\/1"}],"replies":[{"embeddable":true,"href":"https:\/\/ichs2020poznan.pl\/pl\/wp-json\/wp\/v2\/comments?post=271"}],"version-history":[{"count":52,"href":"https:\/\/ichs2020poznan.pl\/pl\/wp-json\/wp\/v2\/pages\/271\/revisions"}],"predecessor-version":[{"id":4669,"href":"https:\/\/ichs2020poznan.pl\/pl\/wp-json\/wp\/v2\/pages\/271\/revisions\/4669"}],"wp:attachment":[{"href":"https:\/\/ichs2020poznan.pl\/pl\/wp-json\/wp\/v2\/media?parent=271"}],"curies":[{"name":"wp","href":"https:\/\/api.w.org\/{rel}","templated":true}]}}