{"id":1924,"date":"2016-11-10T10:05:28","date_gmt":"2016-11-10T09:05:28","guid":{"rendered":"https:\/\/ichs2020poznan.pl\/pl\/?page_id=1924"},"modified":"2021-03-16T10:51:40","modified_gmt":"2021-03-16T09:51:40","slug":"tradycja","status":"publish","type":"page","link":"https:\/\/ichs2020poznan.pl\/pl\/tradycja\/","title":{"rendered":"TRADYCJA"},"content":{"rendered":"<p>W zak\u0142adce \u201eTradycja\u201d postanowili\u015bmy zaprezentowa\u0107 w pigu\u0142ce histori\u0119 \u015bwiatowych kongres\u00f3w historyk\u00f3w. \u201ePlatforma\u201d ta powsta\u0142a dzi\u0119ki wsp\u00f3lnej inicjatywie Zarz\u0105du Mi\u0119dzynarodowego Komitetu Nauk Historycznych i Komitetu Organizacyjnego XXIII MKNH Pozna\u0144 2020\/2022. W folderach na osi chronologicznej znajduj\u0105 si\u0119 r\u00f3\u017cnej d\u0142ugo\u015bci teksty na temat kolejnych kongres\u00f3w (od pierwszego w Pary\u017cu, do ostatniego w Jinan). Na og\u00f3\u0142 zosta\u0142y wzbogacone bibliografi\u0105, a czasem tak\u017ce ikonografi\u0105.<\/p>\n<p>Zamieszczone tu teksty s\u0105 efektem wsp\u00f3lnej pracy grona kole\u017canek i koleg\u00f3w z r\u00f3\u017cnych kraj\u00f3w. Niekt\u00f3re maj\u0105 <em>stricte<\/em> autorski charakter, tzn. zosta\u0142y w ca\u0142o\u015bci przygotowane przez jednego autora. W takim wypadku jej\/jego nazwisko figuruje pod notk\u0105. Pozosta\u0142e teksty zredagowane zosta\u0142y przez ni\u017cej podpisanych, przewa\u017cnie na podstawie \u201esurowca\u201d przes\u0142anego przez kole\u017canki i koleg\u00f3w z kraj\u00f3w, w kt\u00f3rych odbywa\u0142y si\u0119 kongresy, niekiedy wst\u0119pnie ju\u017c opracowanego. Poni\u017cej prezentujemy list\u0119 os\u00f3b w to zaanga\u017cowanych, z nadziej\u0105, \u017ce nikogo nie pomin\u0119li\u015bmy: Stefan Ekl\u00f6f Amirell, Nora Birkeland, W. (Pim) den Boer, Susan Carr, Nadezhda Chesnokova, Michel Duquet, Bogus\u0142aw Dyba\u015b, Margot Finn, Miguel \u00c1ngel Ladero Quesada, Liu Jiafeng, Martyn Lyons, Agata \u0141ysakowska-Trzoss, Anna Magdzi\u0144ska, Kristina Matron, Asunci\u00f3n Miralles, Paulina Misiewicz, Maciej Moszy\u0144ski, Karen M. Offen, Ioan-Aurel Pop, Ma\u0142gorzata Praczyk, Jean-Claude Robert, Sacha Zala. Za wsp\u00f3\u0142prac\u0119 przy tworzeniu tego \u201earchiwum\u201d pragniemy im w tym miejscu raz jeszcze serdecznie podzi\u0119kowa\u0107.<\/p>\n<p>Do wsp\u00f3\u0142pracy zapraszamy tak\u017ce innych historyk\u00f3w, kt\u00f3rzy zechc\u0105 uzupe\u0142ni\u0107 w jaki\u015b spos\u00f3b nasz\u0105 baz\u0119, zw\u0142aszcza w warstwie ikonograficznej, skorygowa\u0107 pewne informacje, wskaza\u0107 usterki czy po prostu podzieli\u0107 si\u0119 swoimi uwagami.<\/p>\n<p>Po XXIII MKNH ca\u0142y zebrany tu materia\u0142 zostanie przeniesiony na stron\u0119 internetow\u0105 Mi\u0119dzynarodowego Komitetu Nauk Historycznych, gdzie b\u0119dzie dalej udost\u0119pniany i, miejmy nadziej\u0119, sukcesywnie uzupe\u0142niany.<\/p>\n<p>(Karolina Filipowska, Krzysztof A. Makowski)<\/p>","protected":false},"excerpt":{"rendered":"<p>W zak\u0142adce \u201eTradycja\u201d postanowili\u015bmy zaprezentowa\u0107 w pigu\u0142ce histori\u0119 \u015bwiatowych kongres\u00f3w historyk\u00f3w. \u201ePlatforma\u201d ta powsta\u0142a dzi\u0119ki wsp\u00f3lnej inicjatywie Zarz\u0105du Mi\u0119dzynarodowego Komitetu Nauk Historycznych i Komitetu Organizacyjnego XXIII MKNH Pozna\u0144 2020\/2022. W folderach na osi chronologicznej znajduj\u0105 si\u0119 r\u00f3\u017cnej d\u0142ugo\u015bci teksty na temat kolejnych kongres\u00f3w (od pierwszego w Pary\u017cu, do ostatniego w Jinan). Na og\u00f3\u0142 zosta\u0142y wzbogacone bibliografi\u0105, a czasem tak\u017ce ikonografi\u0105. Zamieszczone tu teksty s\u0105 efektem wsp\u00f3lnej pracy grona kole\u017canek i koleg\u00f3w z r\u00f3\u017cnych kraj\u00f3w. Niekt\u00f3re maj\u0105 stricte autorski charakter, tzn. zosta\u0142y w ca\u0142o\u015bci przygotowane przez jednego autora. W takim wypadku jej\/jego nazwisko figuruje pod notk\u0105. Pozosta\u0142e teksty zredagowane zosta\u0142y przez ni\u017cej podpisanych, przewa\u017cnie na podstawie \u201esurowca\u201d przes\u0142anego przez kole\u017canki i koleg\u00f3w z kraj\u00f3w, w kt\u00f3rych odbywa\u0142y si\u0119 kongresy, niekiedy wst\u0119pnie ju\u017c opracowanego. Poni\u017cej prezentujemy list\u0119 os\u00f3b w to zaanga\u017cowanych, z nadziej\u0105, \u017ce nikogo nie pomin\u0119li\u015bmy: Stefan Ekl\u00f6f Amirell, Nora Birkeland, W. (Pim) den Boer, Susan Carr, Nadezhda Chesnokova, Michel Duquet, Bogus\u0142aw Dyba\u015b, Margot Finn, Miguel \u00c1ngel Ladero Quesada, Liu Jiafeng, Martyn Lyons, Agata \u0141ysakowska-Trzoss, Anna Magdzi\u0144ska, Kristina Matron, Asunci\u00f3n Miralles, Paulina Misiewicz, Maciej Moszy\u0144ski, Karen M. Offen, Ioan-Aurel Pop, Ma\u0142gorzata Praczyk, Jean-Claude Robert, Sacha Zala. Za wsp\u00f3\u0142prac\u0119 przy tworzeniu tego \u201earchiwum\u201d pragniemy im w tym miejscu raz jeszcze serdecznie podzi\u0119kowa\u0107. Do wsp\u00f3\u0142pracy zapraszamy tak\u017ce innych historyk\u00f3w, kt\u00f3rzy zechc\u0105 uzupe\u0142ni\u0107 w jaki\u015b spos\u00f3b nasz\u0105 baz\u0119, zw\u0142aszcza w warstwie ikonograficznej, skorygowa\u0107 pewne informacje, wskaza\u0107 usterki czy po prostu podzieli\u0107 si\u0119 swoimi uwagami. Po XXIII MKNH ca\u0142y zebrany tu materia\u0142 zostanie przeniesiony na stron\u0119 internetow\u0105 Mi\u0119dzynarodowego Komitetu Nauk Historycznych, gdzie b\u0119dzie dalej udost\u0119pniany i, miejmy nadziej\u0119, sukcesywnie uzupe\u0142niany. (Karolina Filipowska, Krzysztof A. Makowski)<\/p>\n","protected":false},"author":7,"featured_media":0,"parent":0,"menu_order":0,"comment_status":"closed","ping_status":"closed","template":"","meta":[],"_links":{"self":[{"href":"https:\/\/ichs2020poznan.pl\/pl\/wp-json\/wp\/v2\/pages\/1924"}],"collection":[{"href":"https:\/\/ichs2020poznan.pl\/pl\/wp-json\/wp\/v2\/pages"}],"about":[{"href":"https:\/\/ichs2020poznan.pl\/pl\/wp-json\/wp\/v2\/types\/page"}],"author":[{"embeddable":true,"href":"https:\/\/ichs2020poznan.pl\/pl\/wp-json\/wp\/v2\/users\/7"}],"replies":[{"embeddable":true,"href":"https:\/\/ichs2020poznan.pl\/pl\/wp-json\/wp\/v2\/comments?post=1924"}],"version-history":[{"count":20,"href":"https:\/\/ichs2020poznan.pl\/pl\/wp-json\/wp\/v2\/pages\/1924\/revisions"}],"predecessor-version":[{"id":4533,"href":"https:\/\/ichs2020poznan.pl\/pl\/wp-json\/wp\/v2\/pages\/1924\/revisions\/4533"}],"wp:attachment":[{"href":"https:\/\/ichs2020poznan.pl\/pl\/wp-json\/wp\/v2\/media?parent=1924"}],"curies":[{"name":"wp","href":"https:\/\/api.w.org\/{rel}","templated":true}]}}