{"id":1792,"date":"2016-11-04T16:19:48","date_gmt":"2016-11-04T15:19:48","guid":{"rendered":"https:\/\/ichs2020poznan.pl\/pl\/?page_id=1792"},"modified":"2022-08-23T11:01:47","modified_gmt":"2022-08-23T09:01:47","slug":"partnerzy-2","status":"publish","type":"page","link":"https:\/\/ichs2020poznan.pl\/pl\/partnerzy\/","title":{"rendered":"PARTNERZY"},"content":{"rendered":"<p><\/p>\n<div class=\"side-content\"><a href=\"http:\/\/www.mkidn.gov.pl\/\" target=\"_blank\" rel=\"noopener noreferrer\"><img loading=\"lazy\" class=\"alignnone wp-image-2289\" src=\"https:\/\/ichs2020poznan.pl\/wp-content\/uploads\/2016\/11\/mkidn.jpg\" alt=\"mkidn\" width=\"191\" height=\"115\" \/><\/a><a href=\"https:\/\/www.umww.pl\/\" target=\"_blank\" rel=\"noopener noreferrer\"><img loading=\"lazy\" class=\"alignnone wp-image-2287\" src=\"https:\/\/ichs2020poznan.pl\/wp-content\/uploads\/2022\/08\/logo_herb_pion_sww_kolor-e1659863520848.jpg\" alt=\"marsza\u0142ek\" width=\"200\" height=\"75\" \/><\/a><a href=\"http:\/\/www.poznan.pl\/\" target=\"_blank\" rel=\"noopener noreferrer\"><img loading=\"lazy\" class=\"alignnone wp-image-2285\" src=\"https:\/\/ichs2020poznan.pl\/wp-content\/uploads\/2016\/11\/poznan.jpg\" alt=\"poznan\" width=\"220\" height=\"115\" \/><\/a><a href=\"http:\/\/ckzamek.pl\/\" target=\"_blank\" rel=\"noopener noreferrer\"><img loading=\"lazy\" class=\"alignnone size-full wp-image-3072\" src=\"https:\/\/ichs2020poznan.pl\/wp-content\/uploads\/2016\/11\/ckz-partner-e1659865051611.jpg\" alt=\"ck zamek\" width=\"164\" height=\"80\" \/><\/a><a href=\"https:\/\/www.archiwa.gov.pl\/\" target=\"_blank\" rel=\"noopener noreferrer\"><img loading=\"lazy\" class=\"alignnone wp-image-3731 size-full\" src=\"https:\/\/ichs2020poznan.pl\/wp-content\/uploads\/2022\/07\/logo-AP-PL-pion-CMYK-kolor.jpg\" alt=\"\" width=\"150\" height=\"120\" \/><\/a><a href=\"http:\/\/muzhp.pl\/pl\/\" target=\"_blank\" rel=\"noopener noreferrer\"><img loading=\"lazy\" class=\"alignnone wp-image-3221 size-full\" src=\"https:\/\/ichs2020poznan.pl\/wp-content\/uploads\/2016\/11\/MHP-pl-partner-2.jpg\" alt=\"muzeum\" width=\"150\" height=\"120\" \/><\/a><a href=\"http:\/\/www.man.poznan.pl\" target=\"_blank\" rel=\"noopener noreferrer\"><img loading=\"lazy\" class=\"alignnone wp-image-3059 size-full\" src=\"https:\/\/ichs2020poznan.pl\/wp-content\/uploads\/2016\/11\/pcss-partner.jpg\" alt=\"pcss\" width=\"247\" height=\"120\" \/><\/a><a href=\"https:\/\/clickmeeting.com\/pl\/\" target=\"_blank\" rel=\"noopener noreferrer\"><img loading=\"lazy\" class=\"alignnone wp-image-3731 size-full\" src=\"https:\/\/ichs2020poznan.pl\/wp-content\/uploads\/2022\/08\/cm_logo_200x63px_white.png\" width=\"200\" height=\"63\" \/><\/a><a href=\"http:\/\/www.bosch-stiftung.de\/en\/\" target=\"_blank\" rel=\"noopener noreferrer\"><img loading=\"lazy\" class=\"alignnone wp-image-2289\" src=\"https:\/\/ichs2020poznan.pl\/wp-content\/uploads\/2021\/02\/pobrane.png\" alt=\"mkidn\" width=\"150\" height=\"150\" \/><\/a><a href=\"https:\/\/www.fnp.org.pl\" target=\"_blank\" rel=\"noopener noreferrer\"><img loading=\"lazy\" class=\"alignnone wp-image-3497 size-full\" src=\"https:\/\/ichs2020poznan.pl\/wp-content\/uploads\/2016\/11\/FnRNP-partner.png\" alt=\"fundacja\" width=\"247\" height=\"120\" \/><\/a><a href=\"http:\/\/www.tres.org.pl\/\" target=\"_blank\" rel=\"noopener noreferrer\"><img loading=\"lazy\" class=\"alignnone wp-image-3731 size-full\" src=\"https:\/\/ichs2020poznan.pl\/wp-content\/uploads\/2016\/11\/fundacja-tres-partner-3.jpg\" alt=\"\" width=\"150\" height=\"120\" \/><\/a><a href=\"http:\/\/www.poznan.pl\/mim\/wm\/\" target=\"_blank\" rel=\"noopener noreferrer\"><img loading=\"lazy\" class=\"alignnone wp-image-2288\" src=\"https:\/\/ichs2020poznan.pl\/wp-content\/uploads\/2016\/11\/wydawnictwo-posnania.jpg\" alt=\"wydawnictwo-posnania\" width=\"226\" height=\"115\" \/><\/a><a href=\"http:\/\/historia.uw.edu.pl\/\" target=\"_blank\" rel=\"noopener noreferrer\"><img loading=\"lazy\" class=\"alignnone wp-image-3498 size-full\" src=\"https:\/\/ichs2020poznan.pl\/wp-content\/uploads\/2022\/08\/RGB_LOGO_WHistorii_UW_pion-basic-e1660200940396.png\" alt=\"\" width=\"180\" height=\"137\" \/><\/a><a href=\"http:\/\/www.hist-soc.uwb.edu.pl\/\" target=\"_blank\" rel=\"noopener noreferrer\"><img loading=\"lazy\" class=\"alignnone wp-image-3728 size-full\" title=\"logo uniwersytet Bialostocki\" src=\"https:\/\/ichs2020poznan.pl\/wp-content\/uploads\/2016\/11\/uniwersytet-bialystok.jpg\" alt=\"\" width=\"230\" height=\"120\" \/><\/a><a href=\"<a href=\"ttps:\/\/www.astra.com.pl\" target=\"_blank\" rel=\"noopener noreferrer\"><img loading=\"lazy\" class=\"alignnone wp-image-2287\" src=\"https:\/\/ichs2020poznan.pl\/wp-content\/uploads\/2022\/08\/logo-astra-e1660741812602.png\" alt=\"\" width=\"224\" height=\"94a\"\/><\/a> \/><\/a><\/div>\n<p><img class=\"aligncenter\" src=\"https:\/\/ichs2020poznan.pl\/wp-content\/uploads\/2022\/07\/Logo_Ministerstwa_Spraw_Zagranicznych.svg_-e1658297466790.png\" alt=\"null\" \/><img class=\"aligncenter\" src=\"https:\/\/ichs2020poznan.pl\/wp-content\/uploads\/2022\/08\/znaki_strona_www-1-e1659456404668.png\" alt=\"\" \/>Zadanie publiczne \u201dXXIII Mi\u0119dzynarodowy Kongres Nauk Historycznych Pozna\u0144 2020\/2022\u201d finansowane przez Ministerstwo Spraw Zagranicznych RP w konkursie \u201eDyplomacja publiczna 2022\u201d. Wysoko\u015b\u0107 dofinansowania: 66 000 z\u0142.<\/p>\n<div class=\"side-content\">\n<p><a href=\"https:\/\/www.gov.pl\/web\/edukacja-i-nauka\" target=\"_blank\" rel=\"noopener noreferrer\"><img loading=\"lazy\" class=\"wp-image-2289 aligncenter\" src=\"https:\/\/ichs2020poznan.pl\/wp-content\/uploads\/2022\/03\/Logo_ministerstwo_poziom_PL-scaled.jpg\" alt=\"minister\" width=\"191\" height=\"115\" \/><\/a>Dofinansowano z programu &#8222;Doskona\u0142a nauka&#8221; Ministra Nauki i Szkolnictwa Wy\u017cszego.<\/p>\n<\/div>\n<p><\/p>","protected":false},"excerpt":{"rendered":"","protected":false},"author":1,"featured_media":0,"parent":0,"menu_order":0,"comment_status":"closed","ping_status":"closed","template":"","meta":[],"_links":{"self":[{"href":"https:\/\/ichs2020poznan.pl\/pl\/wp-json\/wp\/v2\/pages\/1792"}],"collection":[{"href":"https:\/\/ichs2020poznan.pl\/pl\/wp-json\/wp\/v2\/pages"}],"about":[{"href":"https:\/\/ichs2020poznan.pl\/pl\/wp-json\/wp\/v2\/types\/page"}],"author":[{"embeddable":true,"href":"https:\/\/ichs2020poznan.pl\/pl\/wp-json\/wp\/v2\/users\/1"}],"replies":[{"embeddable":true,"href":"https:\/\/ichs2020poznan.pl\/pl\/wp-json\/wp\/v2\/comments?post=1792"}],"version-history":[{"count":162,"href":"https:\/\/ichs2020poznan.pl\/pl\/wp-json\/wp\/v2\/pages\/1792\/revisions"}],"predecessor-version":[{"id":6043,"href":"https:\/\/ichs2020poznan.pl\/pl\/wp-json\/wp\/v2\/pages\/1792\/revisions\/6043"}],"wp:attachment":[{"href":"https:\/\/ichs2020poznan.pl\/pl\/wp-json\/wp\/v2\/media?parent=1792"}],"curies":[{"name":"wp","href":"https:\/\/api.w.org\/{rel}","templated":true}]}}