{"id":178,"date":"2016-06-21T22:26:32","date_gmt":"2016-06-21T20:26:32","guid":{"rendered":"http:\/\/www.ichs2020poznan.pl\/?page_id=178"},"modified":"2022-05-08T09:41:47","modified_gmt":"2022-05-08T07:41:47","slug":"harmonogram-na-2016-2020-2","status":"publish","type":"page","link":"https:\/\/ichs2020poznan.pl\/pl\/harmonogram\/","title":{"rendered":"HARMONOGRAM"},"content":{"rendered":"<p><\/p>\n<div class=\"ichs_list\">\n<h3>2021<\/h3>\n<ul>\n<li>1 lipca \u2013 ostateczny termin potwierdzenia przez organizator\u00f3w organizacji paneli (w tym przez komisje afiliowane)<\/li>\n<li>1 sierpnia \u2013 ostateczny termin zg\u0142aszania propozycji nowych paneli<\/li>\n<li>25 wrze\u015bnia \u2013 koniec naboru aplikacji na Research Forum<\/li>\n<li>30 wrze\u015bnia \u2013 og\u0142oszenie listy dodatkowych paneli i instytucji zakwalifikowanych na Research Forum<\/li>\n<li>31 grudnia \u2013 ostateczny termin przes\u0142ania program\u00f3w paneli przez ich organizator\u00f3w<\/li>\n<\/ul>\n<\/div>\n<div class=\"ichs_list\">\n<h3>2022<\/h3>\n<ul>\n<li>15 stycznia \u2013 koniec naboru aplikacji na sesj\u0119 posterow\u0105<\/li>\n<li>31 stycznia \u2013 koniec naboru wniosk\u00f3w o wsparcie z Funduszu Solidarno\u015bciowego<\/li>\n<li>1 marca \u2013 og\u0142oszenie listy beneficjent\u00f3w Funduszu Solidarno\u015bciowego i uczestnik\u00f3w sesji posterowej<\/li>\n<li>30 kwietnia \u2013 koniec wczesnej rejestracji (Early Bird)<\/li>\n<li>30 czerwca \u2013 ostateczny termin nadsy\u0142ania zakwalifikowanych poster\u00f3w<\/li>\n<\/ul>\n<\/div>\n<p><\/p>","protected":false},"excerpt":{"rendered":"<p>2021 1 lipca \u2013 ostateczny termin potwierdzenia przez organizator\u00f3w organizacji paneli (w tym przez komisje afiliowane) 1 sierpnia \u2013 ostateczny termin zg\u0142aszania propozycji nowych paneli 25 wrze\u015bnia \u2013 koniec naboru aplikacji na Research Forum 30 wrze\u015bnia \u2013 og\u0142oszenie listy dodatkowych paneli i instytucji zakwalifikowanych na Research Forum 31 grudnia \u2013 ostateczny termin przes\u0142ania program\u00f3w paneli przez ich organizator\u00f3w 2022 15 stycznia \u2013 koniec naboru aplikacji na sesj\u0119 posterow\u0105 31 stycznia \u2013 koniec naboru wniosk\u00f3w o wsparcie z Funduszu Solidarno\u015bciowego 1 marca \u2013 og\u0142oszenie listy beneficjent\u00f3w Funduszu Solidarno\u015bciowego i uczestnik\u00f3w sesji posterowej 30 kwietnia \u2013 koniec wczesnej rejestracji (Early Bird) 30 czerwca \u2013 ostateczny termin nadsy\u0142ania zakwalifikowanych poster\u00f3w<\/p>\n","protected":false},"author":1,"featured_media":0,"parent":0,"menu_order":0,"comment_status":"closed","ping_status":"closed","template":"","meta":[],"_links":{"self":[{"href":"https:\/\/ichs2020poznan.pl\/pl\/wp-json\/wp\/v2\/pages\/178"}],"collection":[{"href":"https:\/\/ichs2020poznan.pl\/pl\/wp-json\/wp\/v2\/pages"}],"about":[{"href":"https:\/\/ichs2020poznan.pl\/pl\/wp-json\/wp\/v2\/types\/page"}],"author":[{"embeddable":true,"href":"https:\/\/ichs2020poznan.pl\/pl\/wp-json\/wp\/v2\/users\/1"}],"replies":[{"embeddable":true,"href":"https:\/\/ichs2020poznan.pl\/pl\/wp-json\/wp\/v2\/comments?post=178"}],"version-history":[{"count":51,"href":"https:\/\/ichs2020poznan.pl\/pl\/wp-json\/wp\/v2\/pages\/178\/revisions"}],"predecessor-version":[{"id":5592,"href":"https:\/\/ichs2020poznan.pl\/pl\/wp-json\/wp\/v2\/pages\/178\/revisions\/5592"}],"wp:attachment":[{"href":"https:\/\/ichs2020poznan.pl\/pl\/wp-json\/wp\/v2\/media?parent=178"}],"curies":[{"name":"wp","href":"https:\/\/api.w.org\/{rel}","templated":true}]}}