{"id":1749,"date":"2016-11-03T13:13:03","date_gmt":"2016-11-03T12:13:03","guid":{"rendered":"https:\/\/ichs2020poznan.pl\/pl\/?page_id=1749"},"modified":"2022-09-15T20:05:16","modified_gmt":"2022-09-15T18:05:16","slug":"xxiii-kongres","status":"publish","type":"page","link":"https:\/\/ichs2020poznan.pl\/pl\/","title":{"rendered":"XXIII KONGRES"},"content":{"rendered":"<p><\/p>\n<div class=\"new_main_element_wrapper\">\n<div class=\"new_main_element\">\n<div class=\"new_main_element_text\">\n<div class=\"new_main_bar\"><\/div>\n<h2 class=\"blueborder\">Pozna\u0144, 21-27.08.2022<\/h2>\n<h2><strong>Dnia 27 sierpnia 2022 r. na uroczystej ceremonii w Auli Uniwersyteckiej prof. Tomasz Schramm, wsp\u00f3\u0142przewodnicz\u0105cy Komitetu Organizacyjnego XXIII Mi\u0119dzynarodowego Kongresu Nauk Historycznych Pozna\u0144 2020\/2022 dokona\u0142 oficjalnie zamkni\u0119cia obrad. Podczas Kongresu odby\u0142o si\u0119 ponad 100 sesji, wyg\u0142oszono ponad 550 referat\u00f3w ze wszystkich epok i wszystkich dziedzin historiografii. Kongres w Poznaniu ostatecznie zgromadzi\u0142 oko\u0142o 1000 uczestnik\u00f3w ze wszystkich kontynent\u00f3w. Mniej wi\u0119cej 60% z nich uczestniczy\u0142o osobi\u015bcie, pozostali skorzystali z mo\u017cliwo\u015bci uczestnictwa online (opr\u00f3cz Polski pochodzili g\u0142\u00f3wnie z Chin, W\u0142och i Stan\u00f3w Zjednoczonych).<\/strong><\/h2>\n<h1>&#8212;&#8212;<\/h1>\n<h1><strong><span style=\"color: #ec0b00;\">OBEJRZYJ!<\/span><\/strong><\/h1>\n<h2><strong><span style=\"color: #ec0b00;\"> OPENING CEREMONY<\/span><\/strong><\/h2>\n<h3><span style=\"color: #0000ff;\"><a style=\"color: #0000ff;\" href=\"https:\/\/youtu.be\/e78n5AKbCis\">KLIKNIJ, ABY OBEJRZE\u0106 TRANSMISJ\u0118<\/a><\/span><\/h3>\n<h2><strong><span style=\"color: #ec0b00;\"> THE ICHS INTERNATIONAL PRIZE OF HISTORY &#8211; AWARD CEREMONY<\/span><\/strong><\/h2>\n<h3><span style=\"color: #0000ff;\"><a style=\"color: #0000ff;\" href=\"https:\/\/youtu.be\/SKxvWMO0f9Q\">KLIKNIJ, ABY OBEJRZE\u0106 TRANSMISJ\u0118<\/a><\/span><\/h3>\n<h2><strong><span style=\"color: #ec0b00;\"> CLOSING CEREMONY<\/span><\/strong><\/h2>\n<h3><span style=\"color: #0000ff;\"><a style=\"color: #0000ff;\" href=\"https:\/\/youtu.be\/bqKzl22DAQc\">KLIKNIJ, ABY OBEJRZE\u0106 TRANSMISJ\u0118<\/a><\/span><\/h3>\n<h1>&#8212;&#8212;<\/h1>\n<\/div>\n<\/div>\n<\/div>\n<p><\/p>","protected":false},"excerpt":{"rendered":"<p>Pozna\u0144, 21-27.08.2022 Dnia 27 sierpnia 2022 r. na uroczystej ceremonii w Auli Uniwersyteckiej prof. Tomasz Schramm, wsp\u00f3\u0142przewodnicz\u0105cy Komitetu Organizacyjnego XXIII Mi\u0119dzynarodowego Kongresu Nauk Historycznych Pozna\u0144 2020\/2022 dokona\u0142 oficjalnie zamkni\u0119cia obrad. Podczas Kongresu odby\u0142o si\u0119 ponad 100 sesji, wyg\u0142oszono ponad 550 referat\u00f3w ze wszystkich epok i wszystkich dziedzin historiografii. Kongres w Poznaniu ostatecznie zgromadzi\u0142 oko\u0142o 1000 uczestnik\u00f3w ze wszystkich kontynent\u00f3w. Mniej wi\u0119cej 60% z nich uczestniczy\u0142o osobi\u015bcie, pozostali skorzystali z mo\u017cliwo\u015bci uczestnictwa online (opr\u00f3cz Polski pochodzili g\u0142\u00f3wnie z Chin, W\u0142och i Stan\u00f3w Zjednoczonych). &#8212;&#8212; OBEJRZYJ! OPENING CEREMONY KLIKNIJ, ABY OBEJRZE\u0106 TRANSMISJ\u0118 THE ICHS INTERNATIONAL PRIZE OF HISTORY &#8211; AWARD CEREMONY KLIKNIJ, ABY OBEJRZE\u0106 TRANSMISJ\u0118 CLOSING CEREMONY KLIKNIJ, ABY OBEJRZE\u0106 TRANSMISJ\u0118 &#8212;&#8212;<\/p>\n","protected":false},"author":7,"featured_media":0,"parent":0,"menu_order":0,"comment_status":"closed","ping_status":"closed","template":"","meta":[],"_links":{"self":[{"href":"https:\/\/ichs2020poznan.pl\/pl\/wp-json\/wp\/v2\/pages\/1749"}],"collection":[{"href":"https:\/\/ichs2020poznan.pl\/pl\/wp-json\/wp\/v2\/pages"}],"about":[{"href":"https:\/\/ichs2020poznan.pl\/pl\/wp-json\/wp\/v2\/types\/page"}],"author":[{"embeddable":true,"href":"https:\/\/ichs2020poznan.pl\/pl\/wp-json\/wp\/v2\/users\/7"}],"replies":[{"embeddable":true,"href":"https:\/\/ichs2020poznan.pl\/pl\/wp-json\/wp\/v2\/comments?post=1749"}],"version-history":[{"count":184,"href":"https:\/\/ichs2020poznan.pl\/pl\/wp-json\/wp\/v2\/pages\/1749\/revisions"}],"predecessor-version":[{"id":6082,"href":"https:\/\/ichs2020poznan.pl\/pl\/wp-json\/wp\/v2\/pages\/1749\/revisions\/6082"}],"wp:attachment":[{"href":"https:\/\/ichs2020poznan.pl\/pl\/wp-json\/wp\/v2\/media?parent=1749"}],"curies":[{"name":"wp","href":"https:\/\/api.w.org\/{rel}","templated":true}]}}