{"id":1687,"date":"2016-11-10T11:18:01","date_gmt":"2016-11-10T10:18:01","guid":{"rendered":"https:\/\/ichs2020poznan.pl\/?page_id=1687"},"modified":"2022-06-11T17:47:57","modified_gmt":"2022-06-11T15:47:57","slug":"wolontariat","status":"publish","type":"page","link":"https:\/\/ichs2020poznan.pl\/pl\/wolontariat\/","title":{"rendered":"WOLONTARIAT"},"content":{"rendered":"<p><\/p>\n<h3><span style=\"color: #000080;\">Drogie Doktorantki i Studentki! Drodzy Doktoranci i Studenci!<\/span><\/h3>\n<h4><span style=\"color: #333399;\">Chcesz zaanga\u017cowa\u0107 si\u0119 w jedno z najwi\u0119kszych wydarze\u0144 naukowych, kt\u00f3re b\u0119dzie mia\u0142o miejsce w Poznaniu w sierpniu 2022 roku?<\/span><\/h4>\n<h4><span style=\"color: #333399;\">Zapraszamy do wsp\u00f3\u0142pracy w ramach wolontariatu przy organizacji <strong>XXIII Mi\u0119dzynarodowego Kongresu Nauk Historycznych Pozna\u0144 2020\/2022<\/strong>.<\/span><\/h4>\n<h4><span style=\"color: #333399;\">Osoby zainteresowane zach\u0119camy do sk\u0142adania aplikacji. Stosowny kwestionariusz dost\u0119pny jest w za\u0142\u0105czniku poni\u017cej. Wype\u0142niony, nale\u017cy przes\u0142a\u0107 w formie skanu na adres mailowy:<\/span> <span style=\"color: #0000ff;\"><a style=\"color: #0000ff;\" href=\"mailto:bernadetta.manys@amu.edu.pl\">bernadetta.manys@amu.edu.pl<\/a><\/span> <span style=\"color: #333399;\">do <strong>09.06.2022<\/strong><strong> r.<\/strong><\/span><\/h4>\n<h3><span style=\"color: #000080;\">Zach\u0119camy, zapraszamy!!!<\/span><\/h3>\n<h3><a href=\"https:\/\/ichs2020poznan.pl\/wp-content\/uploads\/2022\/05\/kwestionariusz_wolontariat_XXIII-Kongres.docx\"><span style=\"color: #000000;\"><strong><img loading=\"lazy\" class=\"wp-image-3543 alignleft\" src=\"https:\/\/ichs2020poznan.pl\/wp-content\/uploads\/2019\/05\/formularz-research-forum.png\" alt=\"\" width=\"70\" height=\"79\" \/><\/strong><\/span><\/a><\/h3>\n<p>&nbsp;<\/p>\n<p><img src=\"https:\/\/ichs2020poznan.pl\/wp-content\/uploads\/2022\/06\/post.png\" alt=\"PLAKAT\" \/><\/p>","protected":false},"excerpt":{"rendered":"<p>Drogie Doktorantki i Studentki! Drodzy Doktoranci i Studenci! Chcesz zaanga\u017cowa\u0107 si\u0119 w jedno z najwi\u0119kszych wydarze\u0144 naukowych, kt\u00f3re b\u0119dzie mia\u0142o miejsce w Poznaniu w sierpniu 2022 roku? Zapraszamy do wsp\u00f3\u0142pracy w ramach wolontariatu przy organizacji XXIII Mi\u0119dzynarodowego Kongresu Nauk Historycznych Pozna\u0144 2020\/2022. Osoby zainteresowane zach\u0119camy do sk\u0142adania aplikacji. Stosowny kwestionariusz dost\u0119pny jest w za\u0142\u0105czniku poni\u017cej. Wype\u0142niony, nale\u017cy przes\u0142a\u0107 w formie skanu na adres mailowy: bernadetta.manys@amu.edu.pl do 09.06.2022 r. Zach\u0119camy, zapraszamy!!! &nbsp;<\/p>\n","protected":false},"author":1,"featured_media":0,"parent":0,"menu_order":0,"comment_status":"closed","ping_status":"closed","template":"","meta":[],"_links":{"self":[{"href":"https:\/\/ichs2020poznan.pl\/pl\/wp-json\/wp\/v2\/pages\/1687"}],"collection":[{"href":"https:\/\/ichs2020poznan.pl\/pl\/wp-json\/wp\/v2\/pages"}],"about":[{"href":"https:\/\/ichs2020poznan.pl\/pl\/wp-json\/wp\/v2\/types\/page"}],"author":[{"embeddable":true,"href":"https:\/\/ichs2020poznan.pl\/pl\/wp-json\/wp\/v2\/users\/1"}],"replies":[{"embeddable":true,"href":"https:\/\/ichs2020poznan.pl\/pl\/wp-json\/wp\/v2\/comments?post=1687"}],"version-history":[{"count":59,"href":"https:\/\/ichs2020poznan.pl\/pl\/wp-json\/wp\/v2\/pages\/1687\/revisions"}],"predecessor-version":[{"id":5634,"href":"https:\/\/ichs2020poznan.pl\/pl\/wp-json\/wp\/v2\/pages\/1687\/revisions\/5634"}],"wp:attachment":[{"href":"https:\/\/ichs2020poznan.pl\/pl\/wp-json\/wp\/v2\/media?parent=1687"}],"curies":[{"name":"wp","href":"https:\/\/api.w.org\/{rel}","templated":true}]}}