{"id":5922,"date":"2022-08-09T09:26:37","date_gmt":"2022-08-09T07:26:37","guid":{"rendered":"https:\/\/ichs2020poznan.pl\/pl\/?page_id=5922"},"modified":"2022-08-09T09:39:18","modified_gmt":"2022-08-09T07:39:18","slug":"samorzad-wojewodztwa-wielkopolskiego-wspiera-xxiii-miedzynarodowy-kongres-nauk-historycznych","status":"publish","type":"page","link":"https:\/\/ichs2020poznan.pl\/fr\/the-marshal-of-the-wielkopolska-region-supports-the-xxiii-international-congress-of-historical-sciences\/","title":{"rendered":"The Marshal of the Wielkopolska Region supports the XXIII International Congress of Historical Sciences"},"content":{"rendered":"<p><\/p>\n<h2 style=\"text-align: center;\"><span style=\"color: #333399;\">The Marshal of the Wielkopolska Region supports the XXIII International Congress of Historical Sciences<\/span><\/h2>\n<p><img class=\"alignright\" src=\"https:\/\/ichs2020poznan.pl\/wp-content\/uploads\/2022\/08\/IMG_0259-1_Marszalek_WW-e1660030652943.png\" alt=\"\" \/><br \/>\nStatement: After almost 90 years, the International Congress of Historical Sciences will come to Poland again. This time the place will be hosted by the capital of our region. On July 13, the Marshal of the Wielkopolska Province, Marek Wo\u017aniak, signed a subsidy agreement, thanks to which the University of Adam Mickiewicz in Pozna\u0144 will receive 100,000. PLN for the organization of the XXIII International Congress of Historical Sciences.<br \/>\nPozna\u0144 will host this event on August 21-27, 2022. The Congress was scheduled to take place in 2020, but due to the pandemic, its date was postponed twice.<br \/>\nThe International Congress of Historical Sciences is one of the most important world meetings of historians. The first edition took place in Paris in 1900. The next ones were held every 5 years (with a break during World War I and II). The Congress has been organized by the International Committee of Historical Sciences (CISH &#8211; Comite International des Sciences Historiques, www.cish.org) since 1926. Poland hosted the VII Congress for the last time in 1933.<br \/>\nSince 1950, post-war congresses have gathered from one thousand to several thousand participants depending on the place of the event. Since 2015, the CISH Prize has been awarded during the Congresses, known as the \u00ab\u00a0historic Nobel Prize\u00a0\u00bb. Such a ceremony will also take place in the Wielkopolska Region.<br \/>\nThe previous edition of the Congress was held in Jinan, China in 2015. Pozna\u0144 was also chosen as the venue for the next meeting. The local government of the Wielkopolska Region also contributed to the success of the Polish application. On February 23, 2015, the Assembly of WW adopted a Resolution supporting the candidacy of Pozna\u0144 as the host city of the XXIII International Congress of Historical Sciences in 2020, in which it promised to support the organization of the event with the amount of PLN 100,000. zloty. The next edition of the Congress is planned in Jerusalem.<\/p>","protected":false},"excerpt":{"rendered":"<p>The Marshal of the Wielkopolska Region supports the XXIII International Congress of Historical Sciences Statement: After almost 90 years, the International Congress of Historical Sciences will come to Poland again. This time the place will be hosted by the capital of our region. On July 13, the Marshal of the Wielkopolska Province, Marek Wo\u017aniak, signed a subsidy agreement, thanks to which the University of Adam Mickiewicz in Pozna\u0144 will receive 100,000. PLN for the organization of the XXIII International Congress of Historical Sciences. Pozna\u0144 will host this event on August 21-27, 2022. The Congress was scheduled to take place in 2020, but due to the pandemic, its date was postponed twice. The International Congress of Historical Sciences is one of the most important world meetings of historians. The first edition took place in Paris in 1900. The next ones were held every 5 years (with a break during World War I and II). The Congress has been organized by the International Committee of Historical Sciences (CISH &#8211; Comite International des Sciences Historiques, www.cish.org) since 1926. Poland hosted the VII Congress for the last time in 1933. Since 1950, post-war congresses have gathered from one thousand to several thousand participants depending on the place of the event. Since 2015, the CISH Prize has been awarded during the Congresses, known as the \u00ab\u00a0historic Nobel Prize\u00a0\u00bb. Such a ceremony will also take place in the Wielkopolska Region. The previous edition of the Congress was held in Jinan, China in 2015. Pozna\u0144 was also chosen as the venue for the next meeting. The local government of the Wielkopolska Region also contributed to the success of the Polish application. On February 23, 2015, the Assembly of WW adopted a Resolution supporting the candidacy of Pozna\u0144 as the host city of the XXIII International Congress of Historical Sciences in 2020, in which it promised to support the organization of the event with the amount of PLN 100,000. zloty. The next edition of the Congress is planned in Jerusalem.<\/p>\n","protected":false},"author":4,"featured_media":0,"parent":0,"menu_order":0,"comment_status":"closed","ping_status":"closed","template":"","meta":[],"_links":{"self":[{"href":"https:\/\/ichs2020poznan.pl\/fr\/wp-json\/wp\/v2\/pages\/5922"}],"collection":[{"href":"https:\/\/ichs2020poznan.pl\/fr\/wp-json\/wp\/v2\/pages"}],"about":[{"href":"https:\/\/ichs2020poznan.pl\/fr\/wp-json\/wp\/v2\/types\/page"}],"author":[{"embeddable":true,"href":"https:\/\/ichs2020poznan.pl\/fr\/wp-json\/wp\/v2\/users\/4"}],"replies":[{"embeddable":true,"href":"https:\/\/ichs2020poznan.pl\/fr\/wp-json\/wp\/v2\/comments?post=5922"}],"version-history":[{"count":6,"href":"https:\/\/ichs2020poznan.pl\/fr\/wp-json\/wp\/v2\/pages\/5922\/revisions"}],"predecessor-version":[{"id":5931,"href":"https:\/\/ichs2020poznan.pl\/fr\/wp-json\/wp\/v2\/pages\/5922\/revisions\/5931"}],"wp:attachment":[{"href":"https:\/\/ichs2020poznan.pl\/fr\/wp-json\/wp\/v2\/media?parent=5922"}],"curies":[{"name":"wp","href":"https:\/\/api.w.org\/{rel}","templated":true}]}}