{"id":430,"date":"2016-06-29T16:43:12","date_gmt":"2016-06-29T14:43:12","guid":{"rendered":"http:\/\/www.ichs2020poznan.pl\/?page_id=430"},"modified":"2021-10-25T19:57:49","modified_gmt":"2021-10-25T17:57:49","slug":"knh-pan-2","status":"publish","type":"page","link":"https:\/\/ichs2020poznan.pl\/fr\/comite-des-sciences-historiques-de-lacademie-polonaise-des-sciences\/","title":{"rendered":"COMIT\u00c9 des SCIENCES HISTORIQUES de l\u2019ACADEMIE POLONAISE des SCIENCES"},"content":{"rendered":"<p><!-- plywajacy bok start --><\/p>\n<div class=\"side-left\"><img src=\"https:\/\/ichs2020poznan.pl\/wp-content\/uploads\/2016\/06\/PAN-logo-1.png\" \/><\/div>\n<div class=\"side-left\"><strong>POLSKA AKADEMIA NAUK<\/strong><br \/>\npl.\u00a0Defilad 1<br \/>\n00\u2013901\u00a0Warszawa<br \/>\nT.+48\u00a022\u00a0182 60 00<br \/>\nwww.pan.pl<\/div>\n<p><!-- plywajacy bok koniec --><\/p>\n<p>Le Comit\u00e9 des Sciences Historiques de l\u2019Acad\u00e9mie Polonaise des Sciences, existant depuis les ann\u00e9es cinquante du vingti\u00e8me si\u00e8cle, est une repr\u00e9sentation nationale des historiens. Il regroupe les chercheurs les plus reconnus et les plus actifs dans tous les domaines historiques, travaillant dans les universit\u00e9s et d&rsquo;autres instituts de recherche. Dans le pass\u00e9 le Comit\u00e9 a \u00e9t\u00e9 pr\u00e9sid\u00e9 par les scientifiques tels que Stefan Kieniewicz, Jerzy Topolski, Marian Biskup et Janusz \u017barnowski. Actuellement la pr\u00e9sidence du Comit\u00e9 des Sciences Historiques de l\u2019Acad\u00e9mie Polonaise des Sciences est assur\u00e9e par M. Tomasz Schramm, professeur \u00e0 l&rsquo;Universit\u00e9 Adam Mickiewicz de Pozna\u0144.<\/p>\n<p>Le Comit\u00e9 des Sciences Historiques de l\u2019Acad\u00e9mie Polonaise des Sciences s\u2019exprime au nom du milieu historique de Pologne. Il aborde des questions g\u00e9n\u00e9rales concernant les recherches historiques, la vulgarisation de l\u2019histoire, le statut social et professionnel des historiens ainsi qu\u2019il intervient dans toutes les questions essentielles pour le milieu des historiens.<\/p>\n<p>Dans le cadre du Comit\u00e9 il y a des commissions scientifiques, repr\u00e9sentant un large \u00e9ventail des sp\u00e9cialit\u00e9s historiques et des \u00e9poques historiques, qui int\u00e8grent les historiens autour des importantes questions scientifiques.<\/p>\n<p>Le Comit\u00e9 repr\u00e9sente la Pologne dans les organisations historiques internationales et avant tout \u2013 en tant que Comit\u00e9 National Polonais &#8211; dans le Comit\u00e9 International des Sciences Historiques (CISH). Son r\u00f4le consiste aussi \u00e0 coordonner et \u00e0 soutenir la participation des historiens polonais dans les commissions historiques internationales affili\u00e9es aupr\u00e8s du CISH.<\/p>","protected":false},"excerpt":{"rendered":"<p>POLSKA AKADEMIA NAUK pl.\u00a0Defilad 1 00\u2013901\u00a0Warszawa T.+48\u00a022\u00a0182 60 00 www.pan.pl Le Comit\u00e9 des Sciences Historiques de l\u2019Acad\u00e9mie Polonaise des Sciences, existant depuis les ann\u00e9es cinquante du vingti\u00e8me si\u00e8cle, est une repr\u00e9sentation nationale des historiens. Il regroupe les chercheurs les plus reconnus et les plus actifs dans tous les domaines historiques, travaillant dans les universit\u00e9s et d&rsquo;autres instituts de recherche. Dans le pass\u00e9 le Comit\u00e9 a \u00e9t\u00e9 pr\u00e9sid\u00e9 par les scientifiques tels que Stefan Kieniewicz, Jerzy Topolski, Marian Biskup et Janusz \u017barnowski. Actuellement la pr\u00e9sidence du Comit\u00e9 des Sciences Historiques de l\u2019Acad\u00e9mie Polonaise des Sciences est assur\u00e9e par M. Tomasz Schramm, professeur \u00e0 l&rsquo;Universit\u00e9 Adam Mickiewicz de Pozna\u0144. Le Comit\u00e9 des Sciences Historiques de l\u2019Acad\u00e9mie Polonaise des Sciences s\u2019exprime au nom du milieu historique de Pologne. Il aborde des questions g\u00e9n\u00e9rales concernant les recherches historiques, la vulgarisation de l\u2019histoire, le statut social et professionnel des historiens ainsi qu\u2019il intervient dans toutes les questions essentielles pour le milieu des historiens. Dans le cadre du Comit\u00e9 il y a des commissions scientifiques, repr\u00e9sentant un large \u00e9ventail des sp\u00e9cialit\u00e9s historiques et des \u00e9poques historiques, qui int\u00e8grent les historiens autour des importantes questions scientifiques. Le Comit\u00e9 repr\u00e9sente la Pologne dans les organisations historiques internationales et avant tout \u2013 en tant que Comit\u00e9 National Polonais &#8211; dans le Comit\u00e9 International des Sciences Historiques (CISH). Son r\u00f4le consiste aussi \u00e0 coordonner et \u00e0 soutenir la participation des historiens polonais dans les commissions historiques internationales affili\u00e9es aupr\u00e8s du CISH.<\/p>\n","protected":false},"author":1,"featured_media":0,"parent":0,"menu_order":0,"comment_status":"closed","ping_status":"closed","template":"","meta":[],"_links":{"self":[{"href":"https:\/\/ichs2020poznan.pl\/fr\/wp-json\/wp\/v2\/pages\/430"}],"collection":[{"href":"https:\/\/ichs2020poznan.pl\/fr\/wp-json\/wp\/v2\/pages"}],"about":[{"href":"https:\/\/ichs2020poznan.pl\/fr\/wp-json\/wp\/v2\/types\/page"}],"author":[{"embeddable":true,"href":"https:\/\/ichs2020poznan.pl\/fr\/wp-json\/wp\/v2\/users\/1"}],"replies":[{"embeddable":true,"href":"https:\/\/ichs2020poznan.pl\/fr\/wp-json\/wp\/v2\/comments?post=430"}],"version-history":[{"count":35,"href":"https:\/\/ichs2020poznan.pl\/fr\/wp-json\/wp\/v2\/pages\/430\/revisions"}],"predecessor-version":[{"id":4682,"href":"https:\/\/ichs2020poznan.pl\/fr\/wp-json\/wp\/v2\/pages\/430\/revisions\/4682"}],"wp:attachment":[{"href":"https:\/\/ichs2020poznan.pl\/fr\/wp-json\/wp\/v2\/media?parent=430"}],"curies":[{"name":"wp","href":"https:\/\/api.w.org\/{rel}","templated":true}]}}