{"id":3790,"date":"2019-10-28T12:11:53","date_gmt":"2019-10-28T11:11:53","guid":{"rendered":"https:\/\/ichs2020poznan.pl\/pl\/?page_id=3790"},"modified":"2022-04-01T17:46:14","modified_gmt":"2022-04-01T15:46:14","slug":"fundusz-solidarnosciowy-2-3","status":"publish","type":"page","link":"https:\/\/ichs2020poznan.pl\/fr\/a-propos-du-congres\/","title":{"rendered":"\u00c0 PROPOS DU CONGR\u00c8S"},"content":{"rendered":"<p><\/p>\n<h3 style=\"text-align: center;\"><span style=\"color: #000080;\"><strong>XXIII\u00e8me Congr\u00e8s International des Sciences Historiques<br \/>\n21-27.08.2022, Pozna\u0144<\/strong><\/span><\/h3>\n<p style=\"text-align: center;\"><span style=\"color: #000080;\">Depuis 1990 les historiens organisent ses congr\u00e8s pour discuter des sujets les plus urgents, pr\u00e9senter les r\u00e9sultats de ses recherches et cr\u00e9er le r\u00e9seau de la collaboration internationale. En 1926 ils \u00e9tablirent le <strong>Comit\u00e9 international des Sciences Historiques<\/strong> en tant qu\u2019une association non-gouvernementale, compos\u00e9e des comit\u00e9s nationaux, repr\u00e9sentant les \u00c9tats-membres et les commissions sp\u00e9ciales s\u2019occupant des champs de recherches d\u00e9finis. Le but principal du Comit\u00e9 est de promouvoir les sciences historiques par la coop\u00e9ration internationale. Au Comit\u00e9 il fut confi\u00e9 la mission d\u2019organiser \u2013 en collaboration avec des historiens de l\u2019\u00c9tat h\u00f4te \u2013 des congr\u00e8s tous les cinq ans. Dans le pass\u00e9, le congr\u00e8s n\u2019eut lieu en Pologne qu\u2019une seule fois, en 1933 \u00e0 Varsovie.<\/span><\/p>\n<p>&nbsp;<\/p>\n<p style=\"text-align: center;\"><span style=\"color: #000080;\">Le 29 ao\u00fbt 2015 \u00e0 Jinan (Chine), l\u2019Assembl\u00e9e G\u00e9n\u00e9rale du CISH prit la d\u00e9cision, que le <strong>XXIII\u00e8me Congr\u00e8s International des Sciences Historiques<\/strong> se d\u00e9roulerait \u00e0 Pozna\u0144, du 23 au 29 ao\u00fbt 2020. Malheureusement, en raison de l\u2019\u00e9closion de la pand\u00e9mie du COVID-19 et des progr\u00e8s insatisfaisants dans la lutte contre celle-ci dans la plupart des pays, les organisateurs ont \u00e9t\u00e9 contraints de reporter le Congr\u00e8s \u00e0 deux reprises. En fin de compte, le conseil d\u2019administration du CISH a d\u00e9cid\u00e9 que le XXIIIe Congr\u00e8s se tiendra du <strong>21 au 27 ao\u00fbt 2022<\/strong>.<\/span><\/p>\n<p>&nbsp;<\/p>\n<p style=\"text-align: center;\"><span style=\"color: #000080;\">Le Comit\u00e9 d&rsquo;organisation polonais form\u00e9 sur place a \u00e9t\u00e9 constitu\u00e9 par <strong>l&rsquo;Universit\u00e9 Adam Mickiewicz de Pozna\u0144<\/strong> (UAM) et le <strong>Comit\u00e9 des Sciences Historiques de l&rsquo;Acad\u00e9mie Polonaise des Sciences<\/strong> (KNH PAN). Il a \u00e9t\u00e9 cr\u00e9\u00e9 le 5 novembre 2015 sur la base de l&rsquo;accord sign\u00e9 par le prof. Bronis\u0142aw Marciniak, alors recteur de l&rsquo;UAM et le prof. Krzysztof Mikulski, alors pr\u00e9sident du KNH PAN. Apr\u00e8s le changement des responsables de l&rsquo;UAM et du KNH PAN, ce furent les prof. Andrzej Lesicki ( recteur de l&rsquo;UAM) et Tomasz Schramm (pr\u00e9sident du KNH PAN) qui devinrent les nouveaux pr\u00e9sidents du Comit\u00e9 local, compos\u00e9 de quatorze personnes. Au c\u00f4t\u00e9 des pr\u00e9sidents ci-dessus mentionn\u00e9s si\u00e8gent les d\u00e9l\u00e9gu\u00e9s de la Facult\u00e9 d\u2019Histoire de l&rsquo;UAM, du KNH PAN, de la Soci\u00e9t\u00e9 Historique polonaise et du Mus\u00e9e d&rsquo;Histoire de la Pologne \u00e0 Varsovie, ainsi que les repr\u00e9sentants des autorit\u00e9s municipales et r\u00e9gionales : Marek Wo\u017aniak, mar\u00e9chal de la vo\u00efvodie de Grande-Pologne et Mariusz Wi\u015bniewski, maire adjoint de la ville de Pozna\u0144. L&rsquo;organisation du Congr\u00e8s a \u00e9t\u00e9 confi\u00e9e au D\u00e9partement ex\u00e9cutif, dont le pr\u00e9sident est le prof. Krzysztof A. Makowski, et le secr\u00e9taire g\u00e9n\u00e9ral le prof. Maciej Michalski. Les membres du D\u00e9partement ex\u00e9cutif repr\u00e9sentent la Facult\u00e9 d\u2019Histoire  de l&rsquo;UAM, l&rsquo;administration de l&rsquo;Universit\u00e9, les autorit\u00e9s locales, ainsi que le Centre de calcul et de mise en r\u00e9seau de Pozna\u0144. Le Bureau du Congr\u00e8s coordonne toutes les activit\u00e9s du Comit\u00e9 d&rsquo;organisation et du D\u00e9partement ex\u00e9cutif   La logistique [du Congr\u00e8s] a \u00e9t\u00e9 confi\u00e9e \u00e0 la Foire Internationale de Pozna\u0144.<\/span><\/p>\n<p>&nbsp;<\/p>\n<p style=\"text-align: center;\"><span style=\"color: #000080;\">Par rapport aux congr\u00e8s pr\u00e9c\u00e9dents le <strong>programme du XXIII\u00e8me Congr\u00e8s<\/strong> fut un peu modifi\u00e9. SPlusieurs dizaines de panels diff\u00e9rents auront lieu pendant le Congr\u00e8s \u00e0 Pozna\u0144. Parmi eux, les plus importants seront les soi-disant th\u00e8mes majeurs. En outre, une dizaine de s\u00e9ances dites conjointes, une vingtaine de tables rondes, ainsi que plusieurs dizaines de sessions sp\u00e9cialis\u00e9es consacr\u00e9es \u00e0 diverses questions de l&rsquo;Antiquit\u00e9 \u00e0 nos jours. De plus, il y aura 3 sessions en soir\u00e9e. Un jour et demi fut d\u00e9di\u00e9 aux sessions th\u00e9matiques, organis\u00e9es par les commissions sp\u00e9ciales affili\u00e9es an CISH.<\/span><\/p>\n<p>&nbsp;<\/p>\n<p style=\"text-align: center;\"><span style=\"color: #000080;\">La session poster pour les \u00e9tudiants de Master et les doctorants est aussi pr\u00e9vue. Les meilleurs travaux seront honor\u00e9s par le prix <strong>CISH-Shandong University Young Historian Award<\/strong>, \u00e9tablit pendant le XXII\u00e8me Congr\u00e8s International \u00e0 Jinanin en 2015. Le prix avait pour but d\u2019encourager les jeunes chercheurs \u00e0 participer au Congr\u00e8s, pendant lequel ils pouvaient pr\u00e9senter ses r\u00e9alisations scientifiques actuelles. L\u2019Universit\u00e9 de Shandong et CISH prirent la d\u00e9cision de d\u00e9cerner le prix aussi pendant XXIII\u00e8me Congr\u00e8s International des Sciences Historiques \u00e0 Pozna\u0144 en 2022. Le prix d\u2019un montant de 10 000 USD sera redistribu\u00e9 parmi cinq laur\u00e9ats.<\/span><\/p>\n<p>&nbsp;<\/p>\n<p style=\"text-align: center;\"><span style=\"color: #000080;\">Pendant le Congr\u00e8s \u00e0 Pozna\u0144 le soi-disant <strong>Research Forum<\/strong> se passera pour la premi\u00e8re fois. C\u2019est une nouvelle initiative de la Bureau du CISH. Le but principal de Forum consiste \u00e0 permettre aux institutions scientifiques de pr\u00e9senter aux chercheurs exp\u00e9riment\u00e9s et d\u00e9butants ses projets r\u00e9alis\u00e9s ou planifi\u00e9s, ce que doit constituer une occasion \u00e0 entrer en coop\u00e9ration entre les institutions, ainsi qu\u2019\u00e0 gagner en tant que des collaborateurs les savants hautement qualifi\u00e9s. Cette initiative correspond parfaitement \u00e0 la mission du CISH, dont l\u2019un de ses buts principaux est de stimuler le dialogue entre les jeunes chercheurs et les diff\u00e9rentes institutions scientifiques.<\/span><\/p>\n<p>&nbsp;<\/p>\n<p style=\"text-align: center;\"><span style=\"color: #000080;\">Pendant le Congr\u00e8s \u00e0 Pozna\u0144 <strong>l\u2019International ICHS History Prize<\/strong> sera attribu\u00e9 pour la troisi\u00e8me fois. Il est d\u00e9cern\u00e9 \u00e0 un historien qui \u2013 gr\u00e2ce \u00e0 ses recherches, ses publications et r\u00e9alisations didactiques \u2013 se d\u00e9marqua dans le domaine d\u2019histoire et qui fit une contribution importante au d\u00e9veloppement du savoir historique. Le Congr\u00e8s sera traditionnellement accompagn\u00e9 par l\u2019Exposition Internationale des Livres Historiques.<\/span><\/p>\n<p>&nbsp;<\/p>\n<p style=\"text-align: center;\"><span style=\"color: #000080;\">Tous les lieux de Congr\u00e8s sont situ\u00e9s dans le centre-ville. Le <strong>Centre de Congr\u00e8s<\/strong>, avec les points d\u2019inscription et d\u2019information, se trouvera dans le Centrum Kultury Zamek. La C\u00e9remonie d\u2019Ouverture se d\u00e9roulera dans le plus grand auditorium \u00e0 Pozna\u0144, c\u2019est-\u00e0-dire dans la Sala Ziemi (Salle de Terre), situ\u00e9 dans le complexe de Mi\u0119dzynarodowe Targi Pozna\u0144skie. Les autres sessions de Congr\u00e8s en grande majorit\u00e9 auront lieux dans les salles majestueuses de l\u2019Universit\u00e9 posnanien. Un clair syst\u00e8me de communication entre les lieux particuliers sera \u00e9tabli, et le distance entre les b\u00e2timents ne prendra pas plus de 15 minutes \u00e0 pied. Tous les b\u00e2timents sont adapt\u00e9s aux besoins des personnes handicap\u00e9es. Dans toutes les salles le Wi-fi eduroam est disponible.<\/span><\/p>\n<p>&nbsp;<\/p>\n<p style=\"text-align: center;\"><span style=\"color: #000080;\">Tous les scientifiques des universit\u00e9s et des autres institutions scientifiques, les \u00e9tudiants (de licence, de master et les doctorants), les enseignants et les autres personnes professionnellement li\u00e9es \u00e0 la th\u00e9matique du Congr\u00e8s peuvent y participer.<\/span><\/p>\n<p>&nbsp;<\/p>\n<p style=\"text-align: center;\"><span style=\"color: #000080;\">Jusqu\u2019au <strong>3 avril 2022<\/strong> l\u2019enregistrement est possible \u00e0 un prix inf\u00e9rieur..<\/span><\/p>\n<p>&nbsp;<\/p>\n<p><img loading=\"lazy\" class=\"wp-image-2808 size-full aligncenter\" src=\"https:\/\/ichs2020poznan.pl\/wp-content\/uploads\/2022\/03\/fee2022.jpg\" width=\"770\" height=\"465\" \/><\/p>\n<p>&nbsp;<\/p>\n<p style=\"text-align: center;\"><span style=\"color: #000080;\">Frais d\u2019inscription inclut:<\/span><\/p>\n<p style=\"text-align: center;\"><span style=\"color: #000080;\">-le badge personnalis\u00e9<\/span><\/p>\n<p style=\"text-align: center;\"><span style=\"color: #000080;\">-l\u2019acc\u00e8s \u00e0 toutes les sessions<\/span><\/p>\n<p style=\"text-align: center;\"><span style=\"color: #000080;\">-la participation \u00e0 la C\u00e9r\u00e9monie d\u2019Ouverture et la r\u00e9ception de bienvenue<\/span><\/p>\n<p style=\"text-align: center;\"><span style=\"color: #000080;\">-la participation \u00e0 la C\u00e9r\u00e9monie de Fermeture et au d\u00e9jeuner d\u2019adieu<\/span><\/p>\n<p style=\"text-align: center;\"><span style=\"color: #000080;\">-la participation aux \u00e9v\u00e9nements accompagnant le Congr\u00e8s<\/span><\/p>\n<p style=\"text-align: center;\"><span style=\"color: #000080;\">-les pause-caf\u00e9s<\/span><\/p>\n<p style=\"text-align: center;\"><span style=\"color: #000080;\">-les mat\u00e9riaux du Congr\u00e8s<\/span><\/p>\n<p style=\"text-align: center;\"><span style=\"color: #000080;\">-le ticket gratuit pour le transport en commun.<\/span><\/p>\n<p>&nbsp;<\/p>\n<p style=\"text-align: center;\"><span style=\"color: #000080;\">On introduisit aussi un frais optionnel pour les suivants, qui leur assurera les m\u00eames profits comme aux participants du Congr\u00e8s.<br \/>\n<\/span><\/p>\n<p>&nbsp;<\/p>\n<h3 style=\"text-align: center;\"><span style=\"color: #000080;\"><strong>\u00c0 BIENT\u00d4T \u00c0 POZNA\u0143!<\/strong><\/span><\/h3>\n<p><\/p>","protected":false},"excerpt":{"rendered":"<p>XXIII\u00e8me Congr\u00e8s International des Sciences Historiques 21-27.08.2022, Pozna\u0144 Depuis 1990 les historiens organisent ses congr\u00e8s pour discuter des sujets les plus urgents, pr\u00e9senter les r\u00e9sultats de ses recherches et cr\u00e9er le r\u00e9seau de la collaboration internationale. En 1926 ils \u00e9tablirent le Comit\u00e9 international des Sciences Historiques en tant qu\u2019une association non-gouvernementale, compos\u00e9e des comit\u00e9s nationaux, repr\u00e9sentant les \u00c9tats-membres et les commissions sp\u00e9ciales s\u2019occupant des champs de recherches d\u00e9finis. Le but principal du Comit\u00e9 est de promouvoir les sciences historiques par la coop\u00e9ration internationale. Au Comit\u00e9 il fut confi\u00e9 la mission d\u2019organiser \u2013 en collaboration avec des historiens de l\u2019\u00c9tat h\u00f4te \u2013 des congr\u00e8s tous les cinq ans. Dans le pass\u00e9, le congr\u00e8s n\u2019eut lieu en Pologne qu\u2019une seule fois, en 1933 \u00e0 Varsovie. &nbsp; Le 29 ao\u00fbt 2015 \u00e0 Jinan (Chine), l\u2019Assembl\u00e9e G\u00e9n\u00e9rale du CISH prit la d\u00e9cision, que le XXIII\u00e8me Congr\u00e8s International des Sciences Historiques se d\u00e9roulerait \u00e0 Pozna\u0144, du 23 au 29 ao\u00fbt 2020. Malheureusement, en raison de l\u2019\u00e9closion de la pand\u00e9mie du COVID-19 et des progr\u00e8s insatisfaisants dans la lutte contre celle-ci dans la plupart des pays, les organisateurs ont \u00e9t\u00e9 contraints de reporter le Congr\u00e8s \u00e0 deux reprises. En fin de compte, le conseil d\u2019administration du CISH a d\u00e9cid\u00e9 que le XXIIIe Congr\u00e8s se tiendra du 21 au 27 ao\u00fbt 2022. &nbsp; Le Comit\u00e9 d&rsquo;organisation polonais form\u00e9 sur place a \u00e9t\u00e9 constitu\u00e9 par l&rsquo;Universit\u00e9 Adam Mickiewicz de Pozna\u0144 (UAM) et le Comit\u00e9 des Sciences Historiques de l&rsquo;Acad\u00e9mie Polonaise des Sciences (KNH PAN). Il a \u00e9t\u00e9 cr\u00e9\u00e9 le 5 novembre 2015 sur la base de l&rsquo;accord sign\u00e9 par le prof. Bronis\u0142aw Marciniak, alors recteur de l&rsquo;UAM et le prof. Krzysztof Mikulski, alors pr\u00e9sident du KNH PAN. Apr\u00e8s le changement des responsables de l&rsquo;UAM et du KNH PAN, ce furent les prof. Andrzej Lesicki ( recteur de l&rsquo;UAM) et Tomasz Schramm (pr\u00e9sident du KNH PAN) qui devinrent les nouveaux pr\u00e9sidents du Comit\u00e9 local, compos\u00e9 de quatorze personnes. Au c\u00f4t\u00e9 des pr\u00e9sidents ci-dessus mentionn\u00e9s si\u00e8gent les d\u00e9l\u00e9gu\u00e9s de la Facult\u00e9 d\u2019Histoire de l&rsquo;UAM, du KNH PAN, de la Soci\u00e9t\u00e9 Historique polonaise et du Mus\u00e9e d&rsquo;Histoire de la Pologne \u00e0 Varsovie, ainsi que les repr\u00e9sentants des autorit\u00e9s municipales et r\u00e9gionales : Marek Wo\u017aniak, mar\u00e9chal de la vo\u00efvodie de Grande-Pologne et Mariusz Wi\u015bniewski, maire adjoint de la ville de Pozna\u0144. L&rsquo;organisation du Congr\u00e8s a \u00e9t\u00e9 confi\u00e9e au D\u00e9partement ex\u00e9cutif, dont le pr\u00e9sident est le prof. Krzysztof A. Makowski, et le secr\u00e9taire g\u00e9n\u00e9ral le prof. Maciej Michalski. Les membres du D\u00e9partement ex\u00e9cutif repr\u00e9sentent la Facult\u00e9 d\u2019Histoire de l&rsquo;UAM, l&rsquo;administration de l&rsquo;Universit\u00e9, les autorit\u00e9s locales, ainsi que le Centre de calcul et de mise en r\u00e9seau de Pozna\u0144. Le Bureau du Congr\u00e8s coordonne toutes les activit\u00e9s du Comit\u00e9 d&rsquo;organisation et du D\u00e9partement ex\u00e9cutif La logistique [du Congr\u00e8s] a \u00e9t\u00e9 confi\u00e9e \u00e0 la Foire Internationale de Pozna\u0144. &nbsp; Par rapport aux congr\u00e8s pr\u00e9c\u00e9dents le programme du XXIII\u00e8me Congr\u00e8s fut un peu modifi\u00e9. SPlusieurs dizaines de panels diff\u00e9rents auront lieu pendant le Congr\u00e8s \u00e0 Pozna\u0144. Parmi eux, les plus importants seront les soi-disant th\u00e8mes majeurs. En outre, une dizaine de s\u00e9ances dites conjointes, une vingtaine de tables rondes, ainsi que plusieurs dizaines de sessions sp\u00e9cialis\u00e9es consacr\u00e9es \u00e0 diverses questions de l&rsquo;Antiquit\u00e9 \u00e0 nos jours. De plus, il y aura 3 sessions en soir\u00e9e. Un jour et demi fut d\u00e9di\u00e9 aux sessions th\u00e9matiques, organis\u00e9es par les commissions sp\u00e9ciales affili\u00e9es an CISH. &nbsp; La session poster pour les \u00e9tudiants de Master et les doctorants est aussi pr\u00e9vue. Les meilleurs travaux seront honor\u00e9s par le prix CISH-Shandong University Young Historian Award, \u00e9tablit pendant le XXII\u00e8me Congr\u00e8s International \u00e0 Jinanin en 2015. Le prix avait pour but d\u2019encourager les jeunes chercheurs \u00e0 participer au Congr\u00e8s, pendant lequel ils pouvaient pr\u00e9senter ses r\u00e9alisations scientifiques actuelles. L\u2019Universit\u00e9 de Shandong et CISH prirent la d\u00e9cision de d\u00e9cerner le prix aussi pendant XXIII\u00e8me Congr\u00e8s International des Sciences Historiques \u00e0 Pozna\u0144 en 2022. Le prix d\u2019un montant de 10 000 USD sera redistribu\u00e9 parmi cinq laur\u00e9ats. &nbsp; Pendant le Congr\u00e8s \u00e0 Pozna\u0144 le soi-disant Research Forum se passera pour la premi\u00e8re fois. C\u2019est une nouvelle initiative de la Bureau du CISH. Le but principal de Forum consiste \u00e0 permettre aux institutions scientifiques de pr\u00e9senter aux chercheurs exp\u00e9riment\u00e9s et d\u00e9butants ses projets r\u00e9alis\u00e9s ou planifi\u00e9s, ce que doit constituer une occasion \u00e0 entrer en coop\u00e9ration entre les institutions, ainsi qu\u2019\u00e0 gagner en tant que des collaborateurs les savants hautement qualifi\u00e9s. Cette initiative correspond parfaitement \u00e0 la mission du CISH, dont l\u2019un de ses buts principaux est de stimuler le dialogue entre les jeunes chercheurs et les diff\u00e9rentes institutions scientifiques. &nbsp; Pendant le Congr\u00e8s \u00e0 Pozna\u0144 l\u2019International ICHS History Prize sera attribu\u00e9 pour la troisi\u00e8me fois. Il est d\u00e9cern\u00e9 \u00e0 un historien qui \u2013 gr\u00e2ce \u00e0 ses recherches, ses publications et r\u00e9alisations didactiques \u2013 se d\u00e9marqua dans le domaine d\u2019histoire et qui fit une contribution importante au d\u00e9veloppement du savoir historique. Le Congr\u00e8s sera traditionnellement accompagn\u00e9 par l\u2019Exposition Internationale des Livres Historiques. &nbsp; Tous les lieux de Congr\u00e8s sont situ\u00e9s dans le centre-ville. Le Centre de Congr\u00e8s, avec les points d\u2019inscription et d\u2019information, se trouvera dans le Centrum Kultury Zamek. La C\u00e9remonie d\u2019Ouverture se d\u00e9roulera dans le plus grand auditorium \u00e0 Pozna\u0144, c\u2019est-\u00e0-dire dans la Sala Ziemi (Salle de Terre), situ\u00e9 dans le complexe de Mi\u0119dzynarodowe Targi Pozna\u0144skie. Les autres sessions de Congr\u00e8s en grande majorit\u00e9 auront lieux dans les salles majestueuses de l\u2019Universit\u00e9 posnanien. Un clair syst\u00e8me de communication entre les lieux particuliers sera \u00e9tabli, et le distance entre les b\u00e2timents ne prendra pas plus de 15 minutes \u00e0 pied. Tous les b\u00e2timents sont adapt\u00e9s aux besoins des personnes handicap\u00e9es. Dans toutes les salles le Wi-fi eduroam est disponible. &nbsp; Tous les scientifiques des universit\u00e9s et des autres institutions scientifiques, les \u00e9tudiants (de licence, de master et les doctorants), les enseignants et les autres personnes professionnellement li\u00e9es \u00e0 la th\u00e9matique du Congr\u00e8s peuvent y participer. &nbsp; Jusqu\u2019au 3 avril 2022 l\u2019enregistrement est possible \u00e0 un prix inf\u00e9rieur.. &nbsp; &nbsp; Frais d\u2019inscription inclut: -le badge personnalis\u00e9 -l\u2019acc\u00e8s \u00e0 toutes les sessions -la participation \u00e0 la C\u00e9r\u00e9monie d\u2019Ouverture et la r\u00e9ception de bienvenue -la participation \u00e0 la C\u00e9r\u00e9monie de Fermeture et au d\u00e9jeuner d\u2019adieu -la participation aux \u00e9v\u00e9nements accompagnant le Congr\u00e8s -les pause-caf\u00e9s -les mat\u00e9riaux du Congr\u00e8s -le ticket gratuit pour le transport en commun. &nbsp; On introduisit aussi un frais optionnel pour les suivants, qui leur assurera les m\u00eames profits comme aux participants du Congr\u00e8s. &nbsp; \u00c0 BIENT\u00d4T \u00c0 POZNA\u0143!<\/p>\n","protected":false},"author":4,"featured_media":0,"parent":0,"menu_order":0,"comment_status":"closed","ping_status":"closed","template":"","meta":[],"_links":{"self":[{"href":"https:\/\/ichs2020poznan.pl\/fr\/wp-json\/wp\/v2\/pages\/3790"}],"collection":[{"href":"https:\/\/ichs2020poznan.pl\/fr\/wp-json\/wp\/v2\/pages"}],"about":[{"href":"https:\/\/ichs2020poznan.pl\/fr\/wp-json\/wp\/v2\/types\/page"}],"author":[{"embeddable":true,"href":"https:\/\/ichs2020poznan.pl\/fr\/wp-json\/wp\/v2\/users\/4"}],"replies":[{"embeddable":true,"href":"https:\/\/ichs2020poznan.pl\/fr\/wp-json\/wp\/v2\/comments?post=3790"}],"version-history":[{"count":34,"href":"https:\/\/ichs2020poznan.pl\/fr\/wp-json\/wp\/v2\/pages\/3790\/revisions"}],"predecessor-version":[{"id":4558,"href":"https:\/\/ichs2020poznan.pl\/fr\/wp-json\/wp\/v2\/pages\/3790\/revisions\/4558"}],"wp:attachment":[{"href":"https:\/\/ichs2020poznan.pl\/fr\/wp-json\/wp\/v2\/media?parent=3790"}],"curies":[{"name":"wp","href":"https:\/\/api.w.org\/{rel}","templated":true}]}}