{"id":3175,"date":"2017-08-31T11:14:13","date_gmt":"2017-08-31T09:14:13","guid":{"rendered":"https:\/\/ichs2020poznan.pl\/pl\/?page_id=3175"},"modified":"2021-11-10T10:03:44","modified_gmt":"2021-11-10T09:03:44","slug":"uam-poznan-2","status":"publish","type":"page","link":"https:\/\/ichs2020poznan.pl\/fr\/la-foire-internationale-de-poznan\/","title":{"rendered":"Grupa MTP"},"content":{"rendered":"<p><!-- start lewy kontener --><\/p>\n<div class=\"side-left\"><a href=\"http:\/\/www.mtp.pl\"><img loading=\"lazy\" class=\"alignnone wp-image-3169\" src=\"https:\/\/ichs2020poznan.pl\/wp-content\/uploads\/2021\/11\/grupa_mtp_znak_RGB.png\" alt=\"\" width=\"274\" height=\"81\" \/><\/a><\/div>\n<div class=\"side-left\"><strong>Grupa MTP<\/strong><br \/>\nul. G\u0142ogowska 14<br \/>\n60-734 Pozna\u0144<br \/>\nT. +48 61 869 20 00<br \/>\n<a href=\"http:\/\/www.grupamtp.pl\">www.grupamtp.pl<\/a><br \/>\n<a href=\"http:\/\/www.pcc.mtp.pl\">www.pcc.mtp.pl<\/a><\/div>\n<p><!-- koniec lewy kontenerek plywajacy --><\/p>\n<p><strong>Grupa MTP &#8211; des \u00e9v\u00e9nements bien con\u00e7us<\/strong><br \/>\nGrupa MTP est associ\u00e9 \u00e0 l&rsquo;organisation de salons professionnels depuis pr\u00e8s de 100 ans et il c\u00e9l\u00e8bre le 100e anniversaire en 2021. Aujourd&rsquo;hui, son champ d&rsquo;activit\u00e9 est beaucoup plus large qu&rsquo;auparavant et comprend non seulement des foires, mais aussi des m\u00e9ga-\u00e9v\u00e9nements, des concerts, comp\u00e9titions sportives, r\u00e9unions d&rsquo;entreprise et de nombreux services compl\u00e9mentaires dont les entreprises et les participants ont besoin pour g\u00e9rer leur entreprise, se promouvoir ou simplement s&rsquo;amuser. Afin de couvrir un si vaste \u00e9ventail d&rsquo;activit\u00e9s, le Conseil d&rsquo;administration a lanc\u00e9 une nouvelle marque d&rsquo;entreprise, Grupa MTP.<br \/>\nAujourd&rsquo;hui, Grupa MTP signifie \u00e9galement services de marketing, construction de stands de foire, services de restauration, gestion de sites et un conglom\u00e9rat de marques telles que Pozna\u0144 Congress Center, IDEAEXPO.MTP, City Marketing of GARDENcity, fournissant des services compl\u00e9mentaires dans le secteur de l&rsquo;organisation d&rsquo;\u00e9v\u00e9nements.<\/p>\n<p><strong>Pozna\u0144 Congress Center (PCC) &#8211; congr\u00e8s et conf\u00e9rences<\/strong><br \/>\nGrupa MTP, \u00e9galement organisateur professionnel officiel de congr\u00e8s (PCO), a obtenu le certificat de l&rsquo;organisation touristique polonaise. PCC, un centre de congr\u00e8s, d&rsquo;exposition et de divertissement moderne, partie int\u00e9grante de Grupa MTP, est d\u00e9di\u00e9 \u00e0 la r\u00e9alisation du secteur MICE. Le PCC compte plus de 70 salles de conf\u00e9rence, 16 pavillons d&rsquo;exposition, un espace ouvert et un parking pour 2 000 voitures. Des int\u00e9rieurs \u00e0 l&rsquo;architecture vari\u00e9e permettent l&rsquo;organisation de divers types d&rsquo;\u00e9v\u00e9nements, des r\u00e9unions d&rsquo;affaires pour une dizaine de personnes aux \u00e9v\u00e9nements pour plus de 11 000 participants. Chaque ann\u00e9e, le centre des congr\u00e8s de Pozna\u0144 organise 260 \u00e9v\u00e9nements. Parmi les plus importants de ces derni\u00e8res ann\u00e9es figurent le 13e Congr\u00e8s de la Soci\u00e9t\u00e9 polonaise de n\u00e9phrologie, le 28e Salon dentaire d&rsquo;Europe centrale, le Congr\u00e8s mondial de la FDI, le 24e Congr\u00e8s international de science politique.<br \/>\nL&rsquo;offre personnalis\u00e9e de Grupa MTP comprend : le bureau des organisateurs de conf\u00e9rences, la production d&rsquo;\u00e9v\u00e9nements, le personnel auxiliaire, la restauration, les impressions, le transport, l&rsquo;h\u00e9bergement, les visites de la ville et les \u00e9v\u00e9nements d&rsquo;accompagnement, la conception et la construction de stands, la location et l&rsquo;am\u00e9nagement de salles de conf\u00e9rence ainsi que la pr\u00e9paration et la distribution de mat\u00e9riel promotionnel. Son excellente situation (proximit\u00e9 de l&rsquo;a\u00e9roport et de la gare) en font un lieu id\u00e9al pour les conf\u00e9rences professionnelles, les congr\u00e8s, les foires, ainsi que les \u00e9v\u00e9nements sportifs et culturels.<br \/>\n<img src=\"https:\/\/ichs2020poznan.pl\/wp-content\/uploads\/2021\/11\/MTP-100-lecie_MTP-100-horiz-ENG.png\" alt=\"https:\/\/ichs2020poznan.pl\/wp-content\/uploads\/2021\/11\/MTP-100-lecie_MTP-100-horiz-ENG.png\" \/><\/p>\n<p>&nbsp;<\/p>","protected":false},"excerpt":{"rendered":"<p>Grupa MTP ul. G\u0142ogowska 14 60-734 Pozna\u0144 T. +48 61 869 20 00 www.grupamtp.pl www.pcc.mtp.pl Grupa MTP &#8211; des \u00e9v\u00e9nements bien con\u00e7us Grupa MTP est associ\u00e9 \u00e0 l&rsquo;organisation de salons professionnels depuis pr\u00e8s de 100 ans et il c\u00e9l\u00e8bre le 100e anniversaire en 2021. Aujourd&rsquo;hui, son champ d&rsquo;activit\u00e9 est beaucoup plus large qu&rsquo;auparavant et comprend non seulement des foires, mais aussi des m\u00e9ga-\u00e9v\u00e9nements, des concerts, comp\u00e9titions sportives, r\u00e9unions d&rsquo;entreprise et de nombreux services compl\u00e9mentaires dont les entreprises et les participants ont besoin pour g\u00e9rer leur entreprise, se promouvoir ou simplement s&rsquo;amuser. Afin de couvrir un si vaste \u00e9ventail d&rsquo;activit\u00e9s, le Conseil d&rsquo;administration a lanc\u00e9 une nouvelle marque d&rsquo;entreprise, Grupa MTP. Aujourd&rsquo;hui, Grupa MTP signifie \u00e9galement services de marketing, construction de stands de foire, services de restauration, gestion de sites et un conglom\u00e9rat de marques telles que Pozna\u0144 Congress Center, IDEAEXPO.MTP, City Marketing of GARDENcity, fournissant des services compl\u00e9mentaires dans le secteur de l&rsquo;organisation d&rsquo;\u00e9v\u00e9nements. Pozna\u0144 Congress Center (PCC) &#8211; congr\u00e8s et conf\u00e9rences Grupa MTP, \u00e9galement organisateur professionnel officiel de congr\u00e8s (PCO), a obtenu le certificat de l&rsquo;organisation touristique polonaise. PCC, un centre de congr\u00e8s, d&rsquo;exposition et de divertissement moderne, partie int\u00e9grante de Grupa MTP, est d\u00e9di\u00e9 \u00e0 la r\u00e9alisation du secteur MICE. Le PCC compte plus de 70 salles de conf\u00e9rence, 16 pavillons d&rsquo;exposition, un espace ouvert et un parking pour 2 000 voitures. Des int\u00e9rieurs \u00e0 l&rsquo;architecture vari\u00e9e permettent l&rsquo;organisation de divers types d&rsquo;\u00e9v\u00e9nements, des r\u00e9unions d&rsquo;affaires pour une dizaine de personnes aux \u00e9v\u00e9nements pour plus de 11 000 participants. Chaque ann\u00e9e, le centre des congr\u00e8s de Pozna\u0144 organise 260 \u00e9v\u00e9nements. Parmi les plus importants de ces derni\u00e8res ann\u00e9es figurent le 13e Congr\u00e8s de la Soci\u00e9t\u00e9 polonaise de n\u00e9phrologie, le 28e Salon dentaire d&rsquo;Europe centrale, le Congr\u00e8s mondial de la FDI, le 24e Congr\u00e8s international de science politique. L&rsquo;offre personnalis\u00e9e de Grupa MTP comprend : le bureau des organisateurs de conf\u00e9rences, la production d&rsquo;\u00e9v\u00e9nements, le personnel auxiliaire, la restauration, les impressions, le transport, l&rsquo;h\u00e9bergement, les visites de la ville et les \u00e9v\u00e9nements d&rsquo;accompagnement, la conception et la construction de stands, la location et l&rsquo;am\u00e9nagement de salles de conf\u00e9rence ainsi que la pr\u00e9paration et la distribution de mat\u00e9riel promotionnel. Son excellente situation (proximit\u00e9 de l&rsquo;a\u00e9roport et de la gare) en font un lieu id\u00e9al pour les conf\u00e9rences professionnelles, les congr\u00e8s, les foires, ainsi que les \u00e9v\u00e9nements sportifs et culturels. &nbsp;<\/p>\n","protected":false},"author":4,"featured_media":0,"parent":0,"menu_order":0,"comment_status":"closed","ping_status":"closed","template":"","meta":[],"_links":{"self":[{"href":"https:\/\/ichs2020poznan.pl\/fr\/wp-json\/wp\/v2\/pages\/3175"}],"collection":[{"href":"https:\/\/ichs2020poznan.pl\/fr\/wp-json\/wp\/v2\/pages"}],"about":[{"href":"https:\/\/ichs2020poznan.pl\/fr\/wp-json\/wp\/v2\/types\/page"}],"author":[{"embeddable":true,"href":"https:\/\/ichs2020poznan.pl\/fr\/wp-json\/wp\/v2\/users\/4"}],"replies":[{"embeddable":true,"href":"https:\/\/ichs2020poznan.pl\/fr\/wp-json\/wp\/v2\/comments?post=3175"}],"version-history":[{"count":17,"href":"https:\/\/ichs2020poznan.pl\/fr\/wp-json\/wp\/v2\/pages\/3175\/revisions"}],"predecessor-version":[{"id":4715,"href":"https:\/\/ichs2020poznan.pl\/fr\/wp-json\/wp\/v2\/pages\/3175\/revisions\/4715"}],"wp:attachment":[{"href":"https:\/\/ichs2020poznan.pl\/fr\/wp-json\/wp\/v2\/media?parent=3175"}],"curies":[{"name":"wp","href":"https:\/\/api.w.org\/{rel}","templated":true}]}}