{"id":3155,"date":"2017-06-26T12:14:26","date_gmt":"2017-06-26T10:14:26","guid":{"rendered":"https:\/\/ichs2020poznan.pl\/pl\/?page_id=3155"},"modified":"2021-09-15T18:33:09","modified_gmt":"2021-09-15T16:33:09","slug":"miedzynarodowe-targi-poznanskie-2","status":"publish","type":"page","link":"https:\/\/ichs2020poznan.pl\/fr\/comite-international-des-sciences-historiques\/","title":{"rendered":"CISH"},"content":{"rendered":"<p><!-- start lewy kontener --><\/p>\n<div class=\"side-left\"><img loading=\"lazy\" class=\"alignnone wp-image-3187 size-full\" src=\"https:\/\/ichs2020poznan.pl\/wp-content\/uploads\/2017\/06\/logo_cish.jpg\" alt=\"\" width=\"382\" height=\"150\" srcset=\"https:\/\/ichs2020poznan.pl\/wp-content\/uploads\/2017\/06\/logo_cish.jpg 382w, https:\/\/ichs2020poznan.pl\/wp-content\/uploads\/2017\/06\/logo_cish-300x118.jpg 300w\" sizes=\"(max-width: 382px) 100vw, 382px\" \/><\/div>\n<div class=\"side-left\"><strong>Le Comit\u00e9 International des Sciences Historiques <\/strong><br \/>\n<a href=\"http:\/\/www.cish.org\/index.php\/fr\/\">www.cish.org<\/a><\/div>\n<p><!-- koniec lewy kontenerek plywajacy --><\/p>\n<p>Le Comit\u00e9 International des Sciences Historiques est une association regroupant des historiens venant du monde entier. Il a \u00e9t\u00e9 constitu\u00e9 en tant qu\u2019organisation non gouvernementale \u00e0 Gen\u00e8ve en 1926. Il est compos\u00e9 de Comit\u00e9s nationaux historiques (actuellement 54), d\u2019Organismes internationaux et de Commissions historiques (actuellement 39).<\/p>\n<p>Le but principal du Comit\u00e9 est l\u2019organisation d&rsquo;un Congr\u00e8s International des Sciences Historiques ayant lieu tous les 5 ans dans de diff\u00e9rents coins du monde. Le 29 ao\u00fbt 2015 durant le XXIIe Congr\u00e8s International des Sciences Historiques \u00e0 Jinan (en Chine) l\u2019Assembl\u00e9e G\u00e9n\u00e9rale du CISH a d\u00e9sign\u00e9 la ville de Pozna\u0144 (en Pologne) en tant que lieu du XXIIIe Congr\u00e8s en 2020. Jusqu\u2019\u00e0 pr\u00e9sent la Pologne a eu une seule occasion d&rsquo;organiser le congr\u00e8s, c\u2019\u00e9tait \u00e0 Varsovie en 1933.<\/p>\n<p>Le Comit\u00e9 est pr\u00e9sid\u00e9 par le Bureau qui coordonne l\u2019activit\u00e9 en cours. Actuellement le Bureau est compos\u00e9 de 11 personnes :<br \/>\n<strong>Pr\u00e9sident<\/strong> &#8211; Catherine Horel (France)<br \/>\n<strong>Vice-Pr\u00e9sidente<\/strong> &#8211; Eliana Dutra (Br\u00e9sil)<br \/>\n<strong>Vice-Pr\u00e9sident<\/strong> &#8211; Krzysztof A. Makowski (Pologne)<br \/>\n<strong>Secr\u00e9taire G\u00e9n\u00e9ral<\/strong> \u2013 Edoardo Tortarolo (Italie)<br \/>\n<strong>Tr\u00e9sorier<\/strong> \u2013 Sacha Zala (Suisse)<br \/>\n<strong>Membres:<\/strong> Gunl\u00f6g Fur (Su\u00e8de); Joel Harrington (Etats-Unis); Matthias Middell (Allemagne); Nuno Gon\u00e7alo Monteiro (le Portugal); Katalin Szende (Hongrie); Hirotaka Watanabe (Japon).<\/p>\n<p><strong>Pr\u00e9sidente Honoraire<\/strong> &#8211; Andrea Giardina (Italie)<\/p>\n<p>Depuis la cr\u00e9ation du CIHS, les Polonais y ont activement particip\u00e9. Avant la IIe guerre mondiale le Bureau a accueilli leurs deux repr\u00e9sentants &#8211; dans les ann\u00e9es 1926-1938 prof.Bronis\u0142aw Dembi\u0144ski (depuis 1928 en tant que vice-pr\u00e9sident), depuis 1938 prof. Marceli Handelsman. Dans les ann\u00e9es 1965-1985 prof.Aleksander Gieysztor a \u00e9t\u00e9 l\u2019un des membres du Bureau (depuis 1975 il a rempli la fonction de vice-pr\u00e9sident et depuis 1980 la fonction de pr\u00e9sident).<\/p>\n<p>Les plus importantes d\u00e9cisions sont prises par l\u2019Assembl\u00e9e G\u00e9n\u00e9rale du CIHS qui est compos\u00e9e de repr\u00e9sentants de tous les Comit\u00e9s nationaux ainsi que des Organisations et Commissions associ\u00e9es aupr\u00e8s du CIHS.<\/p>","protected":false},"excerpt":{"rendered":"<p>Le Comit\u00e9 International des Sciences Historiques www.cish.org Le Comit\u00e9 International des Sciences Historiques est une association regroupant des historiens venant du monde entier. Il a \u00e9t\u00e9 constitu\u00e9 en tant qu\u2019organisation non gouvernementale \u00e0 Gen\u00e8ve en 1926. Il est compos\u00e9 de Comit\u00e9s nationaux historiques (actuellement 54), d\u2019Organismes internationaux et de Commissions historiques (actuellement 39). Le but principal du Comit\u00e9 est l\u2019organisation d&rsquo;un Congr\u00e8s International des Sciences Historiques ayant lieu tous les 5 ans dans de diff\u00e9rents coins du monde. Le 29 ao\u00fbt 2015 durant le XXIIe Congr\u00e8s International des Sciences Historiques \u00e0 Jinan (en Chine) l\u2019Assembl\u00e9e G\u00e9n\u00e9rale du CISH a d\u00e9sign\u00e9 la ville de Pozna\u0144 (en Pologne) en tant que lieu du XXIIIe Congr\u00e8s en 2020. Jusqu\u2019\u00e0 pr\u00e9sent la Pologne a eu une seule occasion d&rsquo;organiser le congr\u00e8s, c\u2019\u00e9tait \u00e0 Varsovie en 1933. Le Comit\u00e9 est pr\u00e9sid\u00e9 par le Bureau qui coordonne l\u2019activit\u00e9 en cours. Actuellement le Bureau est compos\u00e9 de 11 personnes : Pr\u00e9sident &#8211; Catherine Horel (France) Vice-Pr\u00e9sidente &#8211; Eliana Dutra (Br\u00e9sil) Vice-Pr\u00e9sident &#8211; Krzysztof A. Makowski (Pologne) Secr\u00e9taire G\u00e9n\u00e9ral \u2013 Edoardo Tortarolo (Italie) Tr\u00e9sorier \u2013 Sacha Zala (Suisse) Membres: Gunl\u00f6g Fur (Su\u00e8de); Joel Harrington (Etats-Unis); Matthias Middell (Allemagne); Nuno Gon\u00e7alo Monteiro (le Portugal); Katalin Szende (Hongrie); Hirotaka Watanabe (Japon). Pr\u00e9sidente Honoraire &#8211; Andrea Giardina (Italie) Depuis la cr\u00e9ation du CIHS, les Polonais y ont activement particip\u00e9. Avant la IIe guerre mondiale le Bureau a accueilli leurs deux repr\u00e9sentants &#8211; dans les ann\u00e9es 1926-1938 prof.Bronis\u0142aw Dembi\u0144ski (depuis 1928 en tant que vice-pr\u00e9sident), depuis 1938 prof. Marceli Handelsman. Dans les ann\u00e9es 1965-1985 prof.Aleksander Gieysztor a \u00e9t\u00e9 l\u2019un des membres du Bureau (depuis 1975 il a rempli la fonction de vice-pr\u00e9sident et depuis 1980 la fonction de pr\u00e9sident). Les plus importantes d\u00e9cisions sont prises par l\u2019Assembl\u00e9e G\u00e9n\u00e9rale du CIHS qui est compos\u00e9e de repr\u00e9sentants de tous les Comit\u00e9s nationaux ainsi que des Organisations et Commissions associ\u00e9es aupr\u00e8s du CIHS.<\/p>\n","protected":false},"author":4,"featured_media":0,"parent":0,"menu_order":0,"comment_status":"closed","ping_status":"closed","template":"","meta":[],"_links":{"self":[{"href":"https:\/\/ichs2020poznan.pl\/fr\/wp-json\/wp\/v2\/pages\/3155"}],"collection":[{"href":"https:\/\/ichs2020poznan.pl\/fr\/wp-json\/wp\/v2\/pages"}],"about":[{"href":"https:\/\/ichs2020poznan.pl\/fr\/wp-json\/wp\/v2\/types\/page"}],"author":[{"embeddable":true,"href":"https:\/\/ichs2020poznan.pl\/fr\/wp-json\/wp\/v2\/users\/4"}],"replies":[{"embeddable":true,"href":"https:\/\/ichs2020poznan.pl\/fr\/wp-json\/wp\/v2\/comments?post=3155"}],"version-history":[{"count":23,"href":"https:\/\/ichs2020poznan.pl\/fr\/wp-json\/wp\/v2\/pages\/3155\/revisions"}],"predecessor-version":[{"id":4668,"href":"https:\/\/ichs2020poznan.pl\/fr\/wp-json\/wp\/v2\/pages\/3155\/revisions\/4668"}],"wp:attachment":[{"href":"https:\/\/ichs2020poznan.pl\/fr\/wp-json\/wp\/v2\/media?parent=3155"}],"curies":[{"name":"wp","href":"https:\/\/api.w.org\/{rel}","templated":true}]}}