{"id":271,"date":"2016-06-23T11:57:57","date_gmt":"2016-06-23T09:57:57","guid":{"rendered":"http:\/\/www.ichs2020poznan.pl\/?page_id=271"},"modified":"2021-09-07T13:25:05","modified_gmt":"2021-09-07T11:25:05","slug":"uam-poznan","status":"publish","type":"page","link":"https:\/\/ichs2020poznan.pl\/fr\/universite-adam-mickiewicz-de-poznan\/","title":{"rendered":"UNIVERSIT\u00c9 ADAM MICKIEWICZ de POZNA\u0143"},"content":{"rendered":"<p><!-- start lewy kontener --><\/p>\n<div class=\"side-left\"><img src=\"https:\/\/ichs2020poznan.pl\/wp-content\/uploads\/2016\/06\/UAM-logo-1.png\" alt=\"\" \/><\/div>\n<div class=\"side-left\"><strong>UNIWERSYTET<br \/>\nIM. ADAMA MICKIEWICZA<br \/>\nW POZNANIU <\/strong><br \/>\nul. Wieniawskiego 1<br \/>\n61-712 Pozna\u0144<br \/>\nT. +48 61 829 40 00<br \/>\n<a href=\"http:\/\/www.amu.edu.pl\">www.amu.edu.pl<\/a><\/div>\n<p><!-- koniec lewy kontenerek plywajacy --><\/p>\n<p>La tradition acad\u00e9mique \u00e0 Pozna\u0144 remonte au d\u00e9but du XVIe si\u00e8cle. L\u2019Universit\u00e9 actuelle a \u00e9t\u00e9 cr\u00e9\u00e9e en 1919 d\u00e8s que la Pologne a regagn\u00e9 son ind\u00e9pendance. Aujourd\u2019hui l\u2019Universit\u00e9 Adam Mickiewicz de Pozna\u0144 \u2013 \u00e0 c\u00f4t\u00e9 des Universit\u00e9s de Varsovie et Jagellonne de Cracovie- est l\u2019une des meilleures, l&rsquo;une des plus grandes universit\u00e9s et acad\u00e9mies en Pologne.<br \/>\nLa communaut\u00e9 universitaire compte plus de 50 mille personnes, y compris 3 mille enseignants. Au sein de l\u2019Universit\u00e9 l&rsquo;enseignement sup\u00e9rieur se fait dans les 15 facult\u00e9s. Les \u00e9tudes du premier et du deuxi\u00e8me cycle, les \u00e9tudes de 5 ans (sans distinction de cycle), les \u00e9tudes du troisi\u00e8me cycle sont des \u00e9tudes r\u00e9guli\u00e8res ou irr\u00e9guli\u00e8res (p.ex. par correspondance, du soir) et elles sont organis\u00e9es en 280 domaines ou sp\u00e9cialit\u00e9s repr\u00e9sentant les sciences humaines, sociales, naturelles, techniques ainsi que les sciences pour la sant\u00e9 et les sciences artistiques.<\/p>\n<p>La Biblioth\u00e8que universitaire fait partie int\u00e9grale de l\u2019Universit\u00e9. C\u2019est un espace du savoir aussi bien en forme traditionnelle en papier qu\u2019en nouvelles formes d\u2019information. La Biblioth\u00e8que soutient le travail didactique et scientifique de toutes les facult\u00e9s et elle sert aussi aux habitants de Pozna\u0144. Toutes ses collections et les collections des biblioth\u00e8ques fonctionnant au sein des facult\u00e9s universitaires atteignent le nombre total de cinq millions de volumes et revues.<\/p>\n<p>La Facult\u00e9 d\u2019Histoire UAM, l\u2019une des meilleures en Pologne, a sa place importante dans la structure universitaire. Elle se caract\u00e9rise par sa multidisciplinarit\u00e9 et son potentiel scientifique. Le corps didacto-scientifique de l\u2019Institut, comptant plus de 100 personnes, m\u00e8ne des recherches scientifiques en Pologne, en Europe, en Asie m\u00e9ridionale, en Inde, en Sib\u00e9rie, en Am\u00e9rique du sud, en Afrique et aussi en Oc\u00e9anie.<\/p>\n<div class=\"flex-numbers-wrapper\"><\/p>","protected":false},"excerpt":{"rendered":"<p>UNIWERSYTET IM. ADAMA MICKIEWICZA W POZNANIU ul. Wieniawskiego 1 61-712 Pozna\u0144 T. +48 61 829 40 00 www.amu.edu.pl La tradition acad\u00e9mique \u00e0 Pozna\u0144 remonte au d\u00e9but du XVIe si\u00e8cle. L\u2019Universit\u00e9 actuelle a \u00e9t\u00e9 cr\u00e9\u00e9e en 1919 d\u00e8s que la Pologne a regagn\u00e9 son ind\u00e9pendance. Aujourd\u2019hui l\u2019Universit\u00e9 Adam Mickiewicz de Pozna\u0144 \u2013 \u00e0 c\u00f4t\u00e9 des Universit\u00e9s de Varsovie et Jagellonne de Cracovie- est l\u2019une des meilleures, l&rsquo;une des plus grandes universit\u00e9s et acad\u00e9mies en Pologne. La communaut\u00e9 universitaire compte plus de 50 mille personnes, y compris 3 mille enseignants. Au sein de l\u2019Universit\u00e9 l&rsquo;enseignement sup\u00e9rieur se fait dans les 15 facult\u00e9s. Les \u00e9tudes du premier et du deuxi\u00e8me cycle, les \u00e9tudes de 5 ans (sans distinction de cycle), les \u00e9tudes du troisi\u00e8me cycle sont des \u00e9tudes r\u00e9guli\u00e8res ou irr\u00e9guli\u00e8res (p.ex. par correspondance, du soir) et elles sont organis\u00e9es en 280 domaines ou sp\u00e9cialit\u00e9s repr\u00e9sentant les sciences humaines, sociales, naturelles, techniques ainsi que les sciences pour la sant\u00e9 et les sciences artistiques. La Biblioth\u00e8que universitaire fait partie int\u00e9grale de l\u2019Universit\u00e9. C\u2019est un espace du savoir aussi bien en forme traditionnelle en papier qu\u2019en nouvelles formes d\u2019information. La Biblioth\u00e8que soutient le travail didactique et scientifique de toutes les facult\u00e9s et elle sert aussi aux habitants de Pozna\u0144. Toutes ses collections et les collections des biblioth\u00e8ques fonctionnant au sein des facult\u00e9s universitaires atteignent le nombre total de cinq millions de volumes et revues. La Facult\u00e9 d\u2019Histoire UAM, l\u2019une des meilleures en Pologne, a sa place importante dans la structure universitaire. Elle se caract\u00e9rise par sa multidisciplinarit\u00e9 et son potentiel scientifique. Le corps didacto-scientifique de l\u2019Institut, comptant plus de 100 personnes, m\u00e8ne des recherches scientifiques en Pologne, en Europe, en Asie m\u00e9ridionale, en Inde, en Sib\u00e9rie, en Am\u00e9rique du sud, en Afrique et aussi en Oc\u00e9anie.<\/p>\n","protected":false},"author":1,"featured_media":0,"parent":0,"menu_order":0,"comment_status":"closed","ping_status":"closed","template":"","meta":[],"_links":{"self":[{"href":"https:\/\/ichs2020poznan.pl\/fr\/wp-json\/wp\/v2\/pages\/271"}],"collection":[{"href":"https:\/\/ichs2020poznan.pl\/fr\/wp-json\/wp\/v2\/pages"}],"about":[{"href":"https:\/\/ichs2020poznan.pl\/fr\/wp-json\/wp\/v2\/types\/page"}],"author":[{"embeddable":true,"href":"https:\/\/ichs2020poznan.pl\/fr\/wp-json\/wp\/v2\/users\/1"}],"replies":[{"embeddable":true,"href":"https:\/\/ichs2020poznan.pl\/fr\/wp-json\/wp\/v2\/comments?post=271"}],"version-history":[{"count":52,"href":"https:\/\/ichs2020poznan.pl\/fr\/wp-json\/wp\/v2\/pages\/271\/revisions"}],"predecessor-version":[{"id":4669,"href":"https:\/\/ichs2020poznan.pl\/fr\/wp-json\/wp\/v2\/pages\/271\/revisions\/4669"}],"wp:attachment":[{"href":"https:\/\/ichs2020poznan.pl\/fr\/wp-json\/wp\/v2\/media?parent=271"}],"curies":[{"name":"wp","href":"https:\/\/api.w.org\/{rel}","templated":true}]}}