{"id":1957,"date":"2016-11-14T10:51:11","date_gmt":"2016-11-14T09:51:11","guid":{"rendered":"https:\/\/ichs2020poznan.pl\/pl\/?page_id=1957"},"modified":"2022-01-17T13:19:37","modified_gmt":"2022-01-17T12:19:37","slug":"fundusz-solidarnosciowy-2","status":"publish","type":"page","link":"https:\/\/ichs2020poznan.pl\/fr\/fonds-de-solidarite\/","title":{"rendered":"FONDS DE SOLIDARIT\u00c9"},"content":{"rendered":"<p><\/p>\n<h2 style=\"text-align: center;\"><span style=\"color: #333399;\"><strong>Solidarity Fund<\/strong><\/span><\/h2>\n<p style=\"text-align: center;\"><strong>Mission Statement<\/strong><\/p>\n<p style=\"text-align: center;\">The Organizing Committee of the XXIII International Congress of Historical Sciences Pozna\u0144 2020\/2022 is pleased to announce that, with significant support from generous sponsors, it has established a Solidarity Fund for historians who would like to participate in the Congress.<\/p>\n<p style=\"text-align: center;\">Congresses, organized by the International Committee of Historical Sciences since 1928, have long involved scholars mainly from European countries. While participation from other parts of the world has gradually expanded, a worrying decrease in such representation since 2000 led organizers to establish the Solidarity Fund in support of the Amsterdam Congress of 2010. Its aim was to ensure that well-qualified historians coming from underrepresented parts of the world would not be prevented from participating in the Congress because of financial restrictions. A similar fund was also available to participants of the following Congress in Jinan (China) in 2015. Thus, the Organizing Committee of the XXIII International Congress of Historical Sciences Pozna\u0144 2020\/2022 continues this tradition.<\/p>\n<p>&nbsp;<\/p>\n<p style=\"text-align: center;\"><strong>Support will be given in the form of:<\/strong><\/p>\n<p style=\"text-align: center;\">a) free accommodation in Adam Mickiewicz University dormitories for 150 participants<br \/>\nb) a registration fee waiver for 100 participants<br \/>\nc) travel grants for 60 participants<\/p>\n<p style=\"text-align: center;\">Tickets will be purchased by the Organizing Committee of the XXIII ICHS Pozna\u0144 2020\/2022. The Committee will also book rooms for beneficiaries of the Fund.<\/p>\n<p>&nbsp;<\/p>\n<p style=\"text-align: center;\"><strong>Application Rules<\/strong><\/p>\n<p style=\"text-align: center;\">The Solidarity Fund is primarily intended for historians coming from the countries included in the official List of Recipients of Official Development Assistance (2020-2022) of the Organization for Economic Cooperation and Development (OECD) [<a href=\"https:\/\/www.oecd.org\/dac\/financing-sustainable-development\/development-finance-standards\/DAC-List-ODA-Recipients-for-reporting-2021-flows.pdf\">https:\/\/www.oecd.org\/dac\/financing-sustainable-development\/development-finance-standards\/DAC-List-ODA-Recipients-for-reporting-2021-flows.pdf<\/a>].<\/p>\n<p style=\"text-align: center;\">Priority will be given to candidates who are session organizers or will present a paper at the Congress.<br \/>\nThe applicant and beneficiary are obliged to respect both the rules of professional ethics and the sponsors\u2019 reputation.<br \/>\n<strong>If you wish to submit an application for assistance, you should do it before you start the registration procedure.<\/strong><br \/>\n<strong>Please use the application form.<\/strong><\/p>\n<p>&nbsp;<\/p>\n<p style=\"text-align: center;\"><strong>Please use the application form, which must be accompanied by:<\/strong><\/p>\n<p style=\"text-align: center;\">\u2022 Indication of the session, title of your paper, and name of the session organizer\/discussant OR,<br \/>\nif you are not presenting a paper at the Congress, your motivation for attending the Congress (max. 200 words)<\/p>\n<p style=\"text-align: center;\">\u2022 A readable digital scan or photocopy of your identity card or passport<\/p>\n<p style=\"text-align: center;\">\u2022 Your curriculum vitae (max. 2 pages)<\/p>\n<p style=\"text-align: center;\">\u2022 A letter of recommendation from the organizer of your session or, if you are not speaking at the Congress,<br \/>\nfrom a referee belonging to one of the Affiliated Organizations of the International Committee of Historical Sciences<br \/>\nor an academic referee connected to an officially recognized university.The letter of recommendation \u2013 paper or digital version (with qualified electronic signature) \u2013<br \/>\nMUST be sent separately by the university\/organization\/session organizer directly to the Secretary of the Solidarity Fund (see contact details below).<\/p>\n<p>&nbsp;<\/p>\n<p style=\"text-align: center;\">The completed application form should be scanned and send to the following address: <span style=\"color: #0000ff;\">solidarity.fund2020@gmail.com<\/span><\/p>\n<p style=\"text-align: center;\"><strong>Please note that completion this application form does not in itself guarantee support.<\/strong><\/p>\n<p style=\"text-align: center;\">The applications should be submitted by <strong>January 31, 2022<\/strong>.<\/p>\n<p style=\"text-align: center;\">All applicants will be notified about the decision of the selecting committee by <strong>March 1, 2022<\/strong>.<\/p>\n<p style=\"text-align: center;\">Only after this decision should you start the registration procedure.<\/p>\n<p>&nbsp;<\/p>\n<p>&nbsp;<\/p>\n<h4 style=\"text-align: left;\"><span style=\"color: #031899;\"><strong>Form can be downloaded by clicking the icon below!<\/strong><\/span><\/h4>\n<h2><a href=\"https:\/\/ichs2020poznan.pl\/wp-content\/uploads\/2021\/04\/SOLIDARITYFUND.docx\"><span style=\"color: #000000;\"><strong><img loading=\"lazy\" class=\"wp-image-3543 alignleft\" src=\"https:\/\/ichs2020poznan.pl\/wp-content\/uploads\/2019\/05\/formularz-research-forum.png\" alt=\"\" width=\"70\" height=\"79\" \/><\/strong><\/span><\/a><\/h2>\n<p>&nbsp;<\/p>\n<p>&nbsp;<\/p>\n<p>&nbsp;<\/p>\n<p>&nbsp;<\/p>\n<p><strong>Contact<\/strong><br \/>\nAll correspondence, including applications, should be addressed to:<br \/>\nProfessor Lucyna B\u0142a\u017cejczyk-Majka:<br \/>\nCollegium Historicum<br \/>\nUniwersytetu Pozna\u0144skiego 7<br \/>\n61-614 Pozna\u0144<br \/>\n<a href=\"mailto:solidarity.fund2020@gmail.com\">solidarity.fund2020@gmail.com<\/a><\/p>","protected":false},"excerpt":{"rendered":"<p>Solidarity Fund Mission Statement The Organizing Committee of the XXIII International Congress of Historical Sciences Pozna\u0144 2020\/2022 is pleased to announce that, with significant support from generous sponsors, it has established a Solidarity Fund for historians who would like to participate in the Congress. Congresses, organized by the International Committee of Historical Sciences since 1928, have long involved scholars mainly from European countries. While participation from other parts of the world has gradually expanded, a worrying decrease in such representation since 2000 led organizers to establish the Solidarity Fund in support of the Amsterdam Congress of 2010. Its aim was to ensure that well-qualified historians coming from underrepresented parts of the world would not be prevented from participating in the Congress because of financial restrictions. A similar fund was also available to participants of the following Congress in Jinan (China) in 2015. Thus, the Organizing Committee of the XXIII International Congress of Historical Sciences Pozna\u0144 2020\/2022 continues this tradition. &nbsp; Support will be given in the form of: a) free accommodation in Adam Mickiewicz University dormitories for 150 participants b) a registration fee waiver for 100 participants c) travel grants for 60 participants Tickets will be purchased by the Organizing Committee of the XXIII ICHS Pozna\u0144 2020\/2022. The Committee will also book rooms for beneficiaries of the Fund. &nbsp; Application Rules The Solidarity Fund is primarily intended for historians coming from the countries included in the official List of Recipients of Official Development Assistance (2020-2022) of the Organization for Economic Cooperation and Development (OECD) [https:\/\/www.oecd.org\/dac\/financing-sustainable-development\/development-finance-standards\/DAC-List-ODA-Recipients-for-reporting-2021-flows.pdf]. Priority will be given to candidates who are session organizers or will present a paper at the Congress. The applicant and beneficiary are obliged to respect both the rules of professional ethics and the sponsors\u2019 reputation. If you wish to submit an application for assistance, you should do it before you start the registration procedure. Please use the application form. &nbsp; Please use the application form, which must be accompanied by: \u2022 Indication of the session, title of your paper, and name of the session organizer\/discussant OR, if you are not presenting a paper at the Congress, your motivation for attending the Congress (max. 200 words) \u2022 A readable digital scan or photocopy of your identity card or passport \u2022 Your curriculum vitae (max. 2 pages) \u2022 A letter of recommendation from the organizer of your session or, if you are not speaking at the Congress, from a referee belonging to one of the Affiliated Organizations of the International Committee of Historical Sciences or an academic referee connected to an officially recognized university.The letter of recommendation \u2013 paper or digital version (with qualified electronic signature) \u2013 MUST be sent separately by the university\/organization\/session organizer directly to the Secretary of the Solidarity Fund (see contact details below). &nbsp; The completed application form should be scanned and send to the following address: solidarity.fund2020@gmail.com Please note that completion this application form does not in itself guarantee support. The applications should be submitted by January 31, 2022. All applicants will be notified about the decision of the selecting committee by March 1, 2022. Only after this decision should you start the registration procedure. &nbsp; &nbsp; Form can be downloaded by clicking the icon below! &nbsp; &nbsp; &nbsp; &nbsp; Contact All correspondence, including applications, should be addressed to: Professor Lucyna B\u0142a\u017cejczyk-Majka: Collegium Historicum Uniwersytetu Pozna\u0144skiego 7 61-614 Pozna\u0144 solidarity.fund2020@gmail.com<\/p>\n","protected":false},"author":1,"featured_media":0,"parent":0,"menu_order":0,"comment_status":"closed","ping_status":"closed","template":"","meta":[],"_links":{"self":[{"href":"https:\/\/ichs2020poznan.pl\/fr\/wp-json\/wp\/v2\/pages\/1957"}],"collection":[{"href":"https:\/\/ichs2020poznan.pl\/fr\/wp-json\/wp\/v2\/pages"}],"about":[{"href":"https:\/\/ichs2020poznan.pl\/fr\/wp-json\/wp\/v2\/types\/page"}],"author":[{"embeddable":true,"href":"https:\/\/ichs2020poznan.pl\/fr\/wp-json\/wp\/v2\/users\/1"}],"replies":[{"embeddable":true,"href":"https:\/\/ichs2020poznan.pl\/fr\/wp-json\/wp\/v2\/comments?post=1957"}],"version-history":[{"count":53,"href":"https:\/\/ichs2020poznan.pl\/fr\/wp-json\/wp\/v2\/pages\/1957\/revisions"}],"predecessor-version":[{"id":4764,"href":"https:\/\/ichs2020poznan.pl\/fr\/wp-json\/wp\/v2\/pages\/1957\/revisions\/4764"}],"wp:attachment":[{"href":"https:\/\/ichs2020poznan.pl\/fr\/wp-json\/wp\/v2\/media?parent=1957"}],"curies":[{"name":"wp","href":"https:\/\/api.w.org\/{rel}","templated":true}]}}