{"id":178,"date":"2016-06-21T22:26:32","date_gmt":"2016-06-21T20:26:32","guid":{"rendered":"http:\/\/www.ichs2020poznan.pl\/?page_id=178"},"modified":"2022-05-08T09:41:47","modified_gmt":"2022-05-08T07:41:47","slug":"harmonogram-na-2016-2020-2","status":"publish","type":"page","link":"https:\/\/ichs2020poznan.pl\/fr\/planning\/","title":{"rendered":"DATES \u00c0 RETENIR"},"content":{"rendered":"<p><\/p>\n<div class=\"ichs_list\">\n<h3>2021<\/h3>\n<ul>\n<li>1er juillet &#8211; date limite de confirmation de l&rsquo;organisation (y compris par les commissions affili\u00e9es) des panels<\/li>\n<li>1er ao\u00fbt &#8211; date limite de soumission des nouveaux panels<\/li>\n<li>25 septembre &#8211; fin du d\u00e9p\u00f4t des candidatures au Research Forum<\/li>\n<li>30 septembre &#8211; annonce de la liste des nouveaux panels et des institutions qualifi\u00e9es pour le Research Forum<\/li>\n<li>31 d\u00e9cembre &#8211; date limite pour l&rsquo;envoi du programme d\u00e9finitif des panels par les organisateurs<\/li>\n<\/ul>\n<\/div>\n<div class=\"ichs_list\">\n<h3>2022<\/h3>\n<ul>\n<li>15 janvier &#8211; fin des applications \u00e0 la session de posters<\/li>\n<li>31 janvier &#8211; fin des applications au Fond de Solidarit\u00e9<\/li>\n<li>1er mars &#8211; publication de la liste des b\u00e9n\u00e9ficiaires du Fond de Solidarit\u00e9 et de la liste des personnes qualifi\u00e9es \u00e0 la session de posters<\/li>\n<li>31=0 avril &#8211; fin de l\u2019inscription anticip\u00e9 Early Bird<\/li>\n<li>30 juin &#8211; fin de l\u2019envoi des posters qualifi\u00e9s \u00e0 la session<\/li>\n<\/ul>\n<\/div>\n<p><\/p>","protected":false},"excerpt":{"rendered":"<p>2021 1er juillet &#8211; date limite de confirmation de l&rsquo;organisation (y compris par les commissions affili\u00e9es) des panels 1er ao\u00fbt &#8211; date limite de soumission des nouveaux panels 25 septembre &#8211; fin du d\u00e9p\u00f4t des candidatures au Research Forum 30 septembre &#8211; annonce de la liste des nouveaux panels et des institutions qualifi\u00e9es pour le Research Forum 31 d\u00e9cembre &#8211; date limite pour l&rsquo;envoi du programme d\u00e9finitif des panels par les organisateurs 2022 15 janvier &#8211; fin des applications \u00e0 la session de posters 31 janvier &#8211; fin des applications au Fond de Solidarit\u00e9 1er mars &#8211; publication de la liste des b\u00e9n\u00e9ficiaires du Fond de Solidarit\u00e9 et de la liste des personnes qualifi\u00e9es \u00e0 la session de posters 31=0 avril &#8211; fin de l\u2019inscription anticip\u00e9 Early Bird 30 juin &#8211; fin de l\u2019envoi des posters qualifi\u00e9s \u00e0 la session<\/p>\n","protected":false},"author":1,"featured_media":0,"parent":0,"menu_order":0,"comment_status":"closed","ping_status":"closed","template":"","meta":[],"_links":{"self":[{"href":"https:\/\/ichs2020poznan.pl\/fr\/wp-json\/wp\/v2\/pages\/178"}],"collection":[{"href":"https:\/\/ichs2020poznan.pl\/fr\/wp-json\/wp\/v2\/pages"}],"about":[{"href":"https:\/\/ichs2020poznan.pl\/fr\/wp-json\/wp\/v2\/types\/page"}],"author":[{"embeddable":true,"href":"https:\/\/ichs2020poznan.pl\/fr\/wp-json\/wp\/v2\/users\/1"}],"replies":[{"embeddable":true,"href":"https:\/\/ichs2020poznan.pl\/fr\/wp-json\/wp\/v2\/comments?post=178"}],"version-history":[{"count":51,"href":"https:\/\/ichs2020poznan.pl\/fr\/wp-json\/wp\/v2\/pages\/178\/revisions"}],"predecessor-version":[{"id":5592,"href":"https:\/\/ichs2020poznan.pl\/fr\/wp-json\/wp\/v2\/pages\/178\/revisions\/5592"}],"wp:attachment":[{"href":"https:\/\/ichs2020poznan.pl\/fr\/wp-json\/wp\/v2\/media?parent=178"}],"curies":[{"name":"wp","href":"https:\/\/api.w.org\/{rel}","templated":true}]}}