{"id":1749,"date":"2016-11-03T13:13:03","date_gmt":"2016-11-03T12:13:03","guid":{"rendered":"https:\/\/ichs2020poznan.pl\/pl\/?page_id=1749"},"modified":"2022-09-15T20:05:16","modified_gmt":"2022-09-15T18:05:16","slug":"xxiii-kongres","status":"publish","type":"page","link":"https:\/\/ichs2020poznan.pl\/fr\/","title":{"rendered":"XXIII CONGR\u00c8S"},"content":{"rendered":"<p><\/p>\n<div class=\"new_main_element_wrapper\">\n<div class=\"new_main_element\">\n<div class=\"new_main_element_text\">\n<div class=\"new_main_bar\"><\/div>\n<h2 class=\"blueborder\">Pozna\u0144, 21-27.08.2022<\/h2>\n<h2><strong>Le 27 ao\u00fbt 2022, lors d&rsquo;une c\u00e9r\u00e9monie officielle \u00e0 l&rsquo;Universit\u00e9 Aula , prof. Tomasz Schramm, copr\u00e9sident du comit\u00e9 d&rsquo;organisation du XXIIIe Congr\u00e8s international des sciences historiques de Pozna\u0144 2020\/2022 a officiellement cl\u00f4tur\u00e9 la r\u00e9union . Plus de 100 sessions se sont tenues pendant le Congr\u00e8s, plus de 550 communications ont \u00e9t\u00e9 pr\u00e9sent\u00e9es  de toutes les \u00e9poques et de tous les domaines de l&rsquo;historiographie. Le Congr\u00e8s de Pozna\u0144 a finalement r\u00e9uni environ 1 000 participants de tous les continents. Environ 60 % d&rsquo;entre eux ont particip\u00e9 en personne, les autres ont profit\u00e9 de l&rsquo;occasion pour participer en ligne (en dehors de la Pologne, ils venaient principalement de Chine, d&rsquo;Italie et des \u00c9tats-Unis).<\/strong><\/h2>\n<h1>&#8212;&#8212;<\/h1>\n<h1><strong><span style=\"color: #ec0b00;\">WATCH!<\/span><\/strong><\/h1>\n<h2><strong><span style=\"color: #ec0b00;\"> OPENING CEREMONY<\/span><\/strong><\/h2>\n<h3><span style=\"color: #0000ff;\"><a style=\"color: #0000ff;\" href=\"https:\/\/youtu.be\/e78n5AKbCis\">CLICK TO WATCH THE BROADCAST<\/a><\/span><\/h3>\n<h2><strong><span style=\"color: #ec0b00;\"> THE ICHS INTERNATIONAL PRIZE OF HISTORY &#8211; AWARD CEREMONY<\/span><\/strong><\/h2>\n<h3><span style=\"color: #0000ff;\"><a style=\"color: #0000ff;\" href=\"https:\/\/youtu.be\/SKxvWMO0f9Q\">KCLICK TO WATCH THE BROADCAST<\/a><\/span><\/h3>\n<h2><strong><span style=\"color: #ec0b00;\">CLOSING CEREMONY<\/span><\/strong><\/h2>\n<h3><span style=\"color: #0000ff;\"><a style=\"color: #0000ff;\" href=\"https:\/\/youtu.be\/bqKzl22DAQc\">CLICK TO WATCH THE BROADCAST<\/a><\/span><\/h3>\n<h1>&#8212;&#8212;<\/h1>\n<\/div>\n<\/div>\n<\/div>\n<p><\/p>","protected":false},"excerpt":{"rendered":"<p>Pozna\u0144, 21-27.08.2022 Le 27 ao\u00fbt 2022, lors d&rsquo;une c\u00e9r\u00e9monie officielle \u00e0 l&rsquo;Universit\u00e9 Aula , prof. Tomasz Schramm, copr\u00e9sident du comit\u00e9 d&rsquo;organisation du XXIIIe Congr\u00e8s international des sciences historiques de Pozna\u0144 2020\/2022 a officiellement cl\u00f4tur\u00e9 la r\u00e9union . Plus de 100 sessions se sont tenues pendant le Congr\u00e8s, plus de 550 communications ont \u00e9t\u00e9 pr\u00e9sent\u00e9es de toutes les \u00e9poques et de tous les domaines de l&rsquo;historiographie. Le Congr\u00e8s de Pozna\u0144 a finalement r\u00e9uni environ 1 000 participants de tous les continents. Environ 60 % d&rsquo;entre eux ont particip\u00e9 en personne, les autres ont profit\u00e9 de l&rsquo;occasion pour participer en ligne (en dehors de la Pologne, ils venaient principalement de Chine, d&rsquo;Italie et des \u00c9tats-Unis). &#8212;&#8212; WATCH! OPENING CEREMONY CLICK TO WATCH THE BROADCAST THE ICHS INTERNATIONAL PRIZE OF HISTORY &#8211; AWARD CEREMONY KCLICK TO WATCH THE BROADCAST CLOSING CEREMONY CLICK TO WATCH THE BROADCAST &#8212;&#8212;<\/p>\n","protected":false},"author":7,"featured_media":0,"parent":0,"menu_order":0,"comment_status":"closed","ping_status":"closed","template":"","meta":[],"_links":{"self":[{"href":"https:\/\/ichs2020poznan.pl\/fr\/wp-json\/wp\/v2\/pages\/1749"}],"collection":[{"href":"https:\/\/ichs2020poznan.pl\/fr\/wp-json\/wp\/v2\/pages"}],"about":[{"href":"https:\/\/ichs2020poznan.pl\/fr\/wp-json\/wp\/v2\/types\/page"}],"author":[{"embeddable":true,"href":"https:\/\/ichs2020poznan.pl\/fr\/wp-json\/wp\/v2\/users\/7"}],"replies":[{"embeddable":true,"href":"https:\/\/ichs2020poznan.pl\/fr\/wp-json\/wp\/v2\/comments?post=1749"}],"version-history":[{"count":184,"href":"https:\/\/ichs2020poznan.pl\/fr\/wp-json\/wp\/v2\/pages\/1749\/revisions"}],"predecessor-version":[{"id":6082,"href":"https:\/\/ichs2020poznan.pl\/fr\/wp-json\/wp\/v2\/pages\/1749\/revisions\/6082"}],"wp:attachment":[{"href":"https:\/\/ichs2020poznan.pl\/fr\/wp-json\/wp\/v2\/media?parent=1749"}],"curies":[{"name":"wp","href":"https:\/\/api.w.org\/{rel}","templated":true}]}}