{"id":1687,"date":"2016-11-10T11:18:01","date_gmt":"2016-11-10T10:18:01","guid":{"rendered":"https:\/\/ichs2020poznan.pl\/?page_id=1687"},"modified":"2022-06-11T17:47:57","modified_gmt":"2022-06-11T15:47:57","slug":"wolontariat","status":"publish","type":"page","link":"https:\/\/ichs2020poznan.pl\/fr\/benevolat\/","title":{"rendered":"B\u00c9N\u00c9VOLAT"},"content":{"rendered":"<p>La mission des b\u00e9n\u00e9voles durant le XXIII Congr\u00e8s International des Sciences Historiques Pozna\u0144 2020\/2022 est de garantir aux invit\u00e9s les services de plus haute qualit\u00e9. Les b\u00e9n\u00e9voles seront charg\u00e9s de transmettre aux participants du Congr\u00e8s les informations sur la ville et sur les ateliers de travail y ayant lieu. Ils seront pr\u00e9sents dans les endroits les plus importants de la ville : \u00e0 la gare, \u00e0 l\u2019a\u00e9roport, au centre et dans les lieux de rencontres. Ils donneront les informations sur la topographie de la ville, le transport en commun et les manifestations culturelles se d\u00e9roulant \u00e0 Pozna\u0144.<br \/>\nLe travail du Comit\u00e9 Organisateur durant le XXIII Congr\u00e8s International des Sciences Historiques Pozna\u0144 2020\/2022 sera soutenu par environ 80 b\u00e9n\u00e9voles provenant de diff\u00e9rents milieux. Parmi ces b\u00e9n\u00e9voles il y aura des \u00e9tudiants, des doctorants, des ex-\u00e9tudiants de la Facult\u00e9 d\u2019Histoire de l\u2019Universit\u00e9 Adam Mickiewicz.<\/p>\n<h2><a href=\"https:\/\/ichs2020poznan.pl\/wp-content\/uploads\/2020\/02\/application-form_voluntary-service_XXIII-ICHS.docx\"><span style=\"color: #000000;\"><strong><img loading=\"lazy\" class=\"wp-image-3543 alignleft\" src=\"https:\/\/ichs2020poznan.pl\/wp-content\/uploads\/2019\/05\/formularz-research-forum.png\" alt=\"\" width=\"70\" height=\"79\" \/><\/strong><\/span><\/a><\/h2>\n<p>&nbsp;<\/p>","protected":false},"excerpt":{"rendered":"<p>La mission des b\u00e9n\u00e9voles durant le XXIII Congr\u00e8s International des Sciences Historiques Pozna\u0144 2020\/2022 est de garantir aux invit\u00e9s les services de plus haute qualit\u00e9. Les b\u00e9n\u00e9voles seront charg\u00e9s de transmettre aux participants du Congr\u00e8s les informations sur la ville et sur les ateliers de travail y ayant lieu. Ils seront pr\u00e9sents dans les endroits les plus importants de la ville : \u00e0 la gare, \u00e0 l\u2019a\u00e9roport, au centre et dans les lieux de rencontres. Ils donneront les informations sur la topographie de la ville, le transport en commun et les manifestations culturelles se d\u00e9roulant \u00e0 Pozna\u0144. Le travail du Comit\u00e9 Organisateur durant le XXIII Congr\u00e8s International des Sciences Historiques Pozna\u0144 2020\/2022 sera soutenu par environ 80 b\u00e9n\u00e9voles provenant de diff\u00e9rents milieux. Parmi ces b\u00e9n\u00e9voles il y aura des \u00e9tudiants, des doctorants, des ex-\u00e9tudiants de la Facult\u00e9 d\u2019Histoire de l\u2019Universit\u00e9 Adam Mickiewicz. &nbsp;<\/p>\n","protected":false},"author":1,"featured_media":0,"parent":0,"menu_order":0,"comment_status":"closed","ping_status":"closed","template":"","meta":[],"_links":{"self":[{"href":"https:\/\/ichs2020poznan.pl\/fr\/wp-json\/wp\/v2\/pages\/1687"}],"collection":[{"href":"https:\/\/ichs2020poznan.pl\/fr\/wp-json\/wp\/v2\/pages"}],"about":[{"href":"https:\/\/ichs2020poznan.pl\/fr\/wp-json\/wp\/v2\/types\/page"}],"author":[{"embeddable":true,"href":"https:\/\/ichs2020poznan.pl\/fr\/wp-json\/wp\/v2\/users\/1"}],"replies":[{"embeddable":true,"href":"https:\/\/ichs2020poznan.pl\/fr\/wp-json\/wp\/v2\/comments?post=1687"}],"version-history":[{"count":59,"href":"https:\/\/ichs2020poznan.pl\/fr\/wp-json\/wp\/v2\/pages\/1687\/revisions"}],"predecessor-version":[{"id":5634,"href":"https:\/\/ichs2020poznan.pl\/fr\/wp-json\/wp\/v2\/pages\/1687\/revisions\/5634"}],"wp:attachment":[{"href":"https:\/\/ichs2020poznan.pl\/fr\/wp-json\/wp\/v2\/media?parent=1687"}],"curies":[{"name":"wp","href":"https:\/\/api.w.org\/{rel}","templated":true}]}}