{"id":121,"date":"2016-06-21T15:22:17","date_gmt":"2016-06-21T13:22:17","guid":{"rendered":"http:\/\/www.ichs2020poznan.pl\/?page_id=121"},"modified":"2023-01-26T14:18:58","modified_gmt":"2023-01-26T13:18:58","slug":"materialy-dla-prasy","status":"publish","type":"page","link":"https:\/\/ichs2020poznan.pl\/fr\/a-telecharger\/","title":{"rendered":"FICHIERS \u00c0 T\u00c9L\u00c9CHARGER"},"content":{"rendered":"<p><\/p>\n<div class=\"ichs_list\">\n<h3>PROGRAM OF THE CONGRESS<\/h3>\n<ul>\n<li class=\"ichs_list_press\"><a href=\"https:\/\/ichs2020poznan.pl\/wp-content\/uploads\/2022\/08\/PROGRAM-CONGRESS-WEB.pdf\"><span style=\"color: #000080;\"><strong>PROGRAM<\/strong><\/span><\/a><\/li>\n<li class=\"ichs_list_press\"><span style=\"color: #000080;\"><strong><a style=\"color: #000080;\" href=\"https:\/\/ichs2020poznan.pl\/wp-content\/uploads\/2022\/08\/Ksie\u0328ga-OPEN-CEREMONY-4.pdf\">OPENING CEREMONY<\/a><\/strong><\/span><\/li>\n<li class=\"ichs_list_press\"><span style=\"color: #000080;\"><strong><a style=\"color: #000080;\" href=\"https:\/\/ichs2020poznan.pl\/wp-content\/uploads\/2022\/08\/AWARD-CEREMONY-nez-zaproszenia.pdf\">THE ICHS INTERNATIONAL PRIZE OF HISTORY &#8211; AWARD CEREMONY<\/a><\/strong><\/span><\/li>\n<\/ul>\n<\/div>\n<div class=\"ichs_list\">\n<h3>GRAPHIQUE<\/h3>\n<ul>\n<li class=\"ichs_list_press\"><span style=\"color: #000080;\"><a style=\"color: #000080;\" href=\"https:\/\/ichs2020poznan.pl\/wp-content\/uploads\/2022\/08\/mapa-lokalizacje-centrum.jpg\"><strong>CARTE<\/strong><\/a><\/span><\/li>\n<li class=\"ichs_list_press\"><span style=\"color: #000080;\"><a style=\"color: #000080;\" href=\"https:\/\/ichs2020poznan.pl\/wp-content\/uploads\/2022\/08\/plakat-kongres-70x90-EN.pdf\"><strong>AFFICHE<\/strong><\/a><\/span><\/li>\n<\/ul>\n<\/div>\n<div class=\"ichs_list\">\n<h3>PUBLICATIONS<\/h3>\n<ul>\n<li class=\"ichs_list_press\"><span style=\"color: #000080;\"><a style=\"color: #000080;\" href=\"https:\/\/ichs2020poznan.pl\/wp-content\/uploads\/2022\/08\/A-Polish-European-City-calosc.pdf\"><strong>A POLISH-EUROPEAN CITY<\/strong><\/a><\/span><\/li>\n<li class=\"ichs_list_press\"><span style=\"color: #000080;\"><a style=\"color: #000080;\" href=\"https:\/\/ichs2020poznan.pl\/wp-content\/uploads\/2022\/08\/Poznan_Strasburg.pdf\"><strong>POZNAN \u2013 STRASBOURG CROSS-RELATIONS IN SPACE AND TIME<\/strong><\/a><\/span><\/li>\n<\/ul>\n<\/div>\n<div class=\"ichs_list\">\n<h3>RAPORT<\/h3>\n<ul>\n<li class=\"ichs_list_press\"><span style=\"color: #000080;\"><a style=\"color: #000080;\" href=\"https:\/\/ichs2020poznan.pl\/wp-content\/uploads\/2023\/01\/RAPORT-EN.pdf\"><strong>RAPORT<\/strong><\/a><\/span><\/li>\n<\/ul>\n<\/div>\n<p><\/p>","protected":false},"excerpt":{"rendered":"<p>PROGRAM OF THE CONGRESS PROGRAM OPENING CEREMONY THE ICHS INTERNATIONAL PRIZE OF HISTORY &#8211; AWARD CEREMONY GRAPHIQUE CARTE AFFICHE PUBLICATIONS A POLISH-EUROPEAN CITY POZNAN \u2013 STRASBOURG CROSS-RELATIONS IN SPACE AND TIME RAPORT RAPORT<\/p>\n","protected":false},"author":1,"featured_media":0,"parent":0,"menu_order":0,"comment_status":"closed","ping_status":"closed","template":"","meta":[],"_links":{"self":[{"href":"https:\/\/ichs2020poznan.pl\/fr\/wp-json\/wp\/v2\/pages\/121"}],"collection":[{"href":"https:\/\/ichs2020poznan.pl\/fr\/wp-json\/wp\/v2\/pages"}],"about":[{"href":"https:\/\/ichs2020poznan.pl\/fr\/wp-json\/wp\/v2\/types\/page"}],"author":[{"embeddable":true,"href":"https:\/\/ichs2020poznan.pl\/fr\/wp-json\/wp\/v2\/users\/1"}],"replies":[{"embeddable":true,"href":"https:\/\/ichs2020poznan.pl\/fr\/wp-json\/wp\/v2\/comments?post=121"}],"version-history":[{"count":21,"href":"https:\/\/ichs2020poznan.pl\/fr\/wp-json\/wp\/v2\/pages\/121\/revisions"}],"predecessor-version":[{"id":6088,"href":"https:\/\/ichs2020poznan.pl\/fr\/wp-json\/wp\/v2\/pages\/121\/revisions\/6088"}],"wp:attachment":[{"href":"https:\/\/ichs2020poznan.pl\/fr\/wp-json\/wp\/v2\/media?parent=121"}],"curies":[{"name":"wp","href":"https:\/\/api.w.org\/{rel}","templated":true}]}}