{"id":5874,"date":"2022-08-04T12:55:31","date_gmt":"2022-08-04T10:55:31","guid":{"rendered":"https:\/\/ichs2020poznan.pl\/pl\/?page_id=5874"},"modified":"2022-08-04T12:55:31","modified_gmt":"2022-08-04T10:55:31","slug":"galeria-malarstwa-i-rzezby-mnp","status":"publish","type":"page","link":"https:\/\/ichs2020poznan.pl\/en\/gallery-of-painting-and-sculpture\/","title":{"rendered":"Gallery of Painting and Sculpture"},"content":{"rendered":"<p><\/p>\n<h2><span style=\"color: #ec0b00;\">Gallery of Painting and Sculpture <\/span><\/h2>\n<p>Gallery of Painting and Sculpture (in the main building of the museum) features an outstanding collection of Polish coffin painting &#8211; a phenomenon of the Polish Sarmatian culture of the 17th and 18th centuries &#8211; and the art of the M\u0142oda Polska (Young Poland) period &#8211; stretching from the late 19th to the early 20th century, with extensive collections of its outstanding exponents, such as Olga Bozna\u0144ska, J\u00f3zef Che\u0142mo\u0144ski, Jacek Malczewski, J\u00f3zef Mehoffer, Ferdynand Ruszczyc, Stanis\u0142aw Wyspia\u0144ski, and Wojciech Weiss. The Gallery also boasts the richest collection of European paintings among Polish museums, with notable collections of works from the Italian Renaissance and Spanish Baroque, German Romanticism and late Impressionism. The exhibition of contemporary Polish art, composed of works by painters, sculptors, photographers and new media artists, on the other hand, introduces the most important artistic themes of the 2nd half of the 20th century and the beginning of our century, with extensive presentations of outstanding artists such as Tadeusz Kantor and Jerzy Nowosielski.<\/p>\n<p><a href=\"https:\/\/ichs2020poznan.pl\/en\/accompanying-events\/\"><span style=\"color: #000080;\">BACK<\/span><\/a><\/p>","protected":false},"excerpt":{"rendered":"<p>Gallery of Painting and Sculpture Gallery of Painting and Sculpture (in the main building of the museum) features an outstanding collection of Polish coffin painting &#8211; a phenomenon of the Polish Sarmatian culture of the 17th and 18th centuries &#8211; and the art of the M\u0142oda Polska (Young Poland) period &#8211; stretching from the late 19th to the early 20th century, with extensive collections of its outstanding exponents, such as Olga Bozna\u0144ska, J\u00f3zef Che\u0142mo\u0144ski, Jacek Malczewski, J\u00f3zef Mehoffer, Ferdynand Ruszczyc, Stanis\u0142aw Wyspia\u0144ski, and Wojciech Weiss. The Gallery also boasts the richest collection of European paintings among Polish museums, with notable collections of works from the Italian Renaissance and Spanish Baroque, German Romanticism and late Impressionism. The exhibition of contemporary Polish art, composed of works by painters, sculptors, photographers and new media artists, on the other hand, introduces the most important artistic themes of the 2nd half of the 20th century and the beginning of our century, with extensive presentations of outstanding artists such as Tadeusz Kantor and Jerzy Nowosielski. BACK<\/p>\n","protected":false},"author":4,"featured_media":0,"parent":0,"menu_order":0,"comment_status":"closed","ping_status":"closed","template":"","meta":[],"_links":{"self":[{"href":"https:\/\/ichs2020poznan.pl\/en\/wp-json\/wp\/v2\/pages\/5874"}],"collection":[{"href":"https:\/\/ichs2020poznan.pl\/en\/wp-json\/wp\/v2\/pages"}],"about":[{"href":"https:\/\/ichs2020poznan.pl\/en\/wp-json\/wp\/v2\/types\/page"}],"author":[{"embeddable":true,"href":"https:\/\/ichs2020poznan.pl\/en\/wp-json\/wp\/v2\/users\/4"}],"replies":[{"embeddable":true,"href":"https:\/\/ichs2020poznan.pl\/en\/wp-json\/wp\/v2\/comments?post=5874"}],"version-history":[{"count":1,"href":"https:\/\/ichs2020poznan.pl\/en\/wp-json\/wp\/v2\/pages\/5874\/revisions"}],"predecessor-version":[{"id":5875,"href":"https:\/\/ichs2020poznan.pl\/en\/wp-json\/wp\/v2\/pages\/5874\/revisions\/5875"}],"wp:attachment":[{"href":"https:\/\/ichs2020poznan.pl\/en\/wp-json\/wp\/v2\/media?parent=5874"}],"curies":[{"name":"wp","href":"https:\/\/api.w.org\/{rel}","templated":true}]}}