{"id":5869,"date":"2022-08-04T12:23:11","date_gmt":"2022-08-04T10:23:11","guid":{"rendered":"https:\/\/ichs2020poznan.pl\/pl\/?page_id=5869"},"modified":"2022-08-04T12:39:24","modified_gmt":"2022-08-04T10:39:24","slug":"5869-2","status":"publish","type":"page","link":"https:\/\/ichs2020poznan.pl\/en\/5869-2\/","title":{"rendered":"NATIONAL MUSEUM IN POZNA\u0143"},"content":{"rendered":"<p><\/p>\n<h2><span style=\"color: #ec0b00;\">NATIONAL MUSEUM IN POZNA\u0143<\/span><\/h2>\n<p>The National Museum in Pozna\u0144 (MNP), rooted in the Enlightenment tradition of encyclopedic museums, holds collections of art from antiquity to the present, cabinet collections of old coins, prints, drawings and posters, collections of musical instruments, militaria, ethnographic relics and other exhibits documenting the history of the city of Pozna\u0144 and three of Wielkopolska\u2019s stately homes. Most of the exhibits originate from the historical museum collections of institutions established in Wielkopolska (Greater Poland) by Polish and Prussian societies from the mid-19th century up to 1919, comprising primarily of art (including artistic handicraft), ethnographic and natural history collections. After 1945, the structure of the collections underwent gradual changes, broadening the scope of the collections to include contemporary art, posters, as well as other exhibits that today constitute the collections and displays of the Residential Branches of the Museum. The 400,000 historical objects stored and exhibited in eight separate museums comprise collections of the highest artistic stature. Of the five Pozna\u0144 branches, three are currently open to the public: The Wielkopolska Military Museum &#8211; with the oldest pedigree among Polish museums of its kind, and the Museum of Applied Arts and the Museum of Musical Instruments, which are unique among Polish museums. The residential museums in Rogalin, Go\u0142uch\u00f3w and \u015amie\u0142\u00f3w, with exhibitions mostly related to their history, are all first-class architectural monuments in their own right: the Late Baroque in Rogalin, Historicism in Go\u0142uch\u00f3w and Classicism in \u015amie\u0142\u00f3w.<\/p>\n<p><a href=\"https:\/\/ichs2020poznan.pl\/en\/accompanying-events\/\"><span style=\"color: #000080;\">BACK<\/span><\/a><\/p>","protected":false},"excerpt":{"rendered":"<p>NATIONAL MUSEUM IN POZNA\u0143 The National Museum in Pozna\u0144 (MNP), rooted in the Enlightenment tradition of encyclopedic museums, holds collections of art from antiquity to the present, cabinet collections of old coins, prints, drawings and posters, collections of musical instruments, militaria, ethnographic relics and other exhibits documenting the history of the city of Pozna\u0144 and three of Wielkopolska\u2019s stately homes. Most of the exhibits originate from the historical museum collections of institutions established in Wielkopolska (Greater Poland) by Polish and Prussian societies from the mid-19th century up to 1919, comprising primarily of art (including artistic handicraft), ethnographic and natural history collections. After 1945, the structure of the collections underwent gradual changes, broadening the scope of the collections to include contemporary art, posters, as well as other exhibits that today constitute the collections and displays of the Residential Branches of the Museum. The 400,000 historical objects stored and exhibited in eight separate museums comprise collections of the highest artistic stature. Of the five Pozna\u0144 branches, three are currently open to the public: The Wielkopolska Military Museum &#8211; with the oldest pedigree among Polish museums of its kind, and the Museum of Applied Arts and the Museum of Musical Instruments, which are unique among Polish museums. The residential museums in Rogalin, Go\u0142uch\u00f3w and \u015amie\u0142\u00f3w, with exhibitions mostly related to their history, are all first-class architectural monuments in their own right: the Late Baroque in Rogalin, Historicism in Go\u0142uch\u00f3w and Classicism in \u015amie\u0142\u00f3w. BACK<\/p>\n","protected":false},"author":4,"featured_media":0,"parent":0,"menu_order":0,"comment_status":"closed","ping_status":"closed","template":"","meta":[],"_links":{"self":[{"href":"https:\/\/ichs2020poznan.pl\/en\/wp-json\/wp\/v2\/pages\/5869"}],"collection":[{"href":"https:\/\/ichs2020poznan.pl\/en\/wp-json\/wp\/v2\/pages"}],"about":[{"href":"https:\/\/ichs2020poznan.pl\/en\/wp-json\/wp\/v2\/types\/page"}],"author":[{"embeddable":true,"href":"https:\/\/ichs2020poznan.pl\/en\/wp-json\/wp\/v2\/users\/4"}],"replies":[{"embeddable":true,"href":"https:\/\/ichs2020poznan.pl\/en\/wp-json\/wp\/v2\/comments?post=5869"}],"version-history":[{"count":2,"href":"https:\/\/ichs2020poznan.pl\/en\/wp-json\/wp\/v2\/pages\/5869\/revisions"}],"predecessor-version":[{"id":5872,"href":"https:\/\/ichs2020poznan.pl\/en\/wp-json\/wp\/v2\/pages\/5869\/revisions\/5872"}],"wp:attachment":[{"href":"https:\/\/ichs2020poznan.pl\/en\/wp-json\/wp\/v2\/media?parent=5869"}],"curies":[{"name":"wp","href":"https:\/\/api.w.org\/{rel}","templated":true}]}}