{"id":5843,"date":"2022-07-31T11:55:22","date_gmt":"2022-07-31T09:55:22","guid":{"rendered":"https:\/\/ichs2020poznan.pl\/pl\/?page_id=5843"},"modified":"2022-07-31T11:55:22","modified_gmt":"2022-07-31T09:55:22","slug":"5843-2","status":"publish","type":"page","link":"https:\/\/ichs2020poznan.pl\/en\/5843-2\/","title":{"rendered":""},"content":{"rendered":"<p><\/p>\n<h2><span style=\"color: #ec0b00;\">STATE ARCHIVES IN POZNA\u0143<\/span><\/h2>\n<p>The State Archives in Pozna\u0144 derives from the tradition and resources of the law firms in Wielkopolska, offices and noble courts of first instance and their archives. On March 8, 1869, the Royal-Prussian State Archive was established in Pozna\u0144. On April 5, 1919, the Commissariat of the Supreme People&#8217;s Council established the State Archives in Pozna\u0144, which in 1922 became part of the network of state archives.<br \/>\nOn September 10, 1939, the State Archive in Pozna\u0144 was taken over by the German occupation authorities and renamed the Reich Archive for the Land of Warta in Pozna\u0144. After the war, the Archives in Pozna\u0144 dealt with securing and taking over the old archives in Pozna\u0144 and in the provinces, as well as with the recovery of the oldest and most valuable archival materials taken away by the occupant. The State Archives in Pozna\u0144 keeps three objects inscribed on the World and National List of the UNESCO &#8220;Memory of the World&#8221; Program.<br \/>\nCurrently, the Archives employs 61 people, including 15 people in branch offices in Gniezno, Konin and Pi\u0142a. They take care of the archival resource (including 7452 archival units, which is 1,245,235 archival units, 15,004.39 running meters and 509 archival units, i.e. 4,852.6 MB in electronic form).<\/p>\n<p><a href=\"https:\/\/ichs2020poznan.pl\/en\/accompanying-events\/\"><span style=\"color: #000080;\">BACK<\/span><\/a><\/p>","protected":false},"excerpt":{"rendered":"<p>STATE ARCHIVES IN POZNA\u0143 The State Archives in Pozna\u0144 derives from the tradition and resources of the law firms in Wielkopolska, offices and noble courts of first instance and their archives. On March 8, 1869, the Royal-Prussian State Archive was established in Pozna\u0144. On April 5, 1919, the Commissariat of the Supreme People&#8217;s Council established the State Archives in Pozna\u0144, which in 1922 became part of the network of state archives. On September 10, 1939, the State Archive in Pozna\u0144 was taken over by the German occupation authorities and renamed the Reich Archive for the Land of Warta in Pozna\u0144. After the war, the Archives in Pozna\u0144 dealt with securing and taking over the old archives in Pozna\u0144 and in the provinces, as well as with the recovery of the oldest and most valuable archival materials taken away by the occupant. The State Archives in Pozna\u0144 keeps three objects inscribed on the World and National List of the UNESCO &#8220;Memory of the World&#8221; Program. Currently, the Archives employs 61 people, including 15 people in branch offices in Gniezno, Konin and Pi\u0142a. They take care of the archival resource (including 7452 archival units, which is 1,245,235 archival units, 15,004.39 running meters and 509 archival units, i.e. 4,852.6 MB in electronic form). BACK<\/p>\n","protected":false},"author":4,"featured_media":0,"parent":0,"menu_order":0,"comment_status":"closed","ping_status":"closed","template":"","meta":[],"_links":{"self":[{"href":"https:\/\/ichs2020poznan.pl\/en\/wp-json\/wp\/v2\/pages\/5843"}],"collection":[{"href":"https:\/\/ichs2020poznan.pl\/en\/wp-json\/wp\/v2\/pages"}],"about":[{"href":"https:\/\/ichs2020poznan.pl\/en\/wp-json\/wp\/v2\/types\/page"}],"author":[{"embeddable":true,"href":"https:\/\/ichs2020poznan.pl\/en\/wp-json\/wp\/v2\/users\/4"}],"replies":[{"embeddable":true,"href":"https:\/\/ichs2020poznan.pl\/en\/wp-json\/wp\/v2\/comments?post=5843"}],"version-history":[{"count":1,"href":"https:\/\/ichs2020poznan.pl\/en\/wp-json\/wp\/v2\/pages\/5843\/revisions"}],"predecessor-version":[{"id":5844,"href":"https:\/\/ichs2020poznan.pl\/en\/wp-json\/wp\/v2\/pages\/5843\/revisions\/5844"}],"wp:attachment":[{"href":"https:\/\/ichs2020poznan.pl\/en\/wp-json\/wp\/v2\/media?parent=5843"}],"curies":[{"name":"wp","href":"https:\/\/api.w.org\/{rel}","templated":true}]}}