{"id":5796,"date":"2022-07-21T20:38:54","date_gmt":"2022-07-21T18:38:54","guid":{"rendered":"https:\/\/ichs2020poznan.pl\/pl\/?page_id=5796"},"modified":"2022-07-21T21:03:38","modified_gmt":"2022-07-21T19:03:38","slug":"biblioteka-raczynskich-w-poznaniu","status":"publish","type":"page","link":"https:\/\/ichs2020poznan.pl\/en\/raczynski-library\/","title":{"rendered":"RACZY\u0143SKI LIBRARY"},"content":{"rendered":"<p><\/p>\n<h2><span style=\"color: #ec0b00;\">RACZY\u0143SKI LIBRARY<\/span><\/h2>\n<p>The Raczy\u0144ski Library is a self-governing cultural institution of the City of Pozna\u0144. According to the statute, &#8220;it serves to meet the needs of reading and information, and to disseminate knowledge and cultural achievements; conducts research and publishing activities; organizes reading, with particular emphasis on the needs of children, youth and people with disabilities; popularizes books and reading; cooperates with other libraries and cultural, educational, scientific institutions, and organizations and associations in developing and meeting the cultural needs of society \u201d. Library services are provided in a modern building and 39 branches in Pozna\u0144. The library&#8217;s structure includes three literary museums: Kazimiera I\u0142\u0142akowicz\u00f3wny&#8217;s Flat-Workshop, Henryk Sienkiewicz&#8217;s Literary Museum, and J\u00f3zef Ignacy Kraszewski&#8217;s Studio-Museum. In the headquarters and branches, we promote reading, organize exhibitions and literary meetings. The free offer of the Raczy\u0144ski Library is available to readers of all ages.<\/p>\n<p><a href=\"https:\/\/ichs2020poznan.pl\/en\/accompanying-events\/\"><span style=\"color: #000080;\">BACK<\/span><\/a><\/p>","protected":false},"excerpt":{"rendered":"<p>RACZY\u0143SKI LIBRARY The Raczy\u0144ski Library is a self-governing cultural institution of the City of Pozna\u0144. According to the statute, &#8220;it serves to meet the needs of reading and information, and to disseminate knowledge and cultural achievements; conducts research and publishing activities; organizes reading, with particular emphasis on the needs of children, youth and people with disabilities; popularizes books and reading; cooperates with other libraries and cultural, educational, scientific institutions, and organizations and associations in developing and meeting the cultural needs of society \u201d. Library services are provided in a modern building and 39 branches in Pozna\u0144. The library&#8217;s structure includes three literary museums: Kazimiera I\u0142\u0142akowicz\u00f3wny&#8217;s Flat-Workshop, Henryk Sienkiewicz&#8217;s Literary Museum, and J\u00f3zef Ignacy Kraszewski&#8217;s Studio-Museum. In the headquarters and branches, we promote reading, organize exhibitions and literary meetings. The free offer of the Raczy\u0144ski Library is available to readers of all ages. BACK<\/p>\n","protected":false},"author":4,"featured_media":0,"parent":0,"menu_order":0,"comment_status":"closed","ping_status":"closed","template":"","meta":[],"_links":{"self":[{"href":"https:\/\/ichs2020poznan.pl\/en\/wp-json\/wp\/v2\/pages\/5796"}],"collection":[{"href":"https:\/\/ichs2020poznan.pl\/en\/wp-json\/wp\/v2\/pages"}],"about":[{"href":"https:\/\/ichs2020poznan.pl\/en\/wp-json\/wp\/v2\/types\/page"}],"author":[{"embeddable":true,"href":"https:\/\/ichs2020poznan.pl\/en\/wp-json\/wp\/v2\/users\/4"}],"replies":[{"embeddable":true,"href":"https:\/\/ichs2020poznan.pl\/en\/wp-json\/wp\/v2\/comments?post=5796"}],"version-history":[{"count":2,"href":"https:\/\/ichs2020poznan.pl\/en\/wp-json\/wp\/v2\/pages\/5796\/revisions"}],"predecessor-version":[{"id":5801,"href":"https:\/\/ichs2020poznan.pl\/en\/wp-json\/wp\/v2\/pages\/5796\/revisions\/5801"}],"wp:attachment":[{"href":"https:\/\/ichs2020poznan.pl\/en\/wp-json\/wp\/v2\/media?parent=5796"}],"curies":[{"name":"wp","href":"https:\/\/api.w.org\/{rel}","templated":true}]}}