{"id":291,"date":"2016-06-23T15:24:12","date_gmt":"2016-06-23T13:24:12","guid":{"rendered":"http:\/\/www.ichs2020poznan.pl\/?page_id=291"},"modified":"2016-10-27T11:32:58","modified_gmt":"2016-10-27T09:32:58","slug":"historia-swiatowych-kongresow","status":"publish","type":"page","link":"https:\/\/ichs2020poznan.pl\/en\/historia-swiatowych-kongresow\/","title":{"rendered":"HISTORIA \u015aWIATOWYCH KONGRES\u00d3W"},"content":{"rendered":"<p>\t\t\t<a><br \/>\n\t\t\t\t\t\t\t\t\t\tHISTORIA \u015aWIATOWYCH KONGRES\u00d3W<br \/>\n\t\t\t<\/a><br \/>\n\t\t\t<a><br \/>\n\t\t\t\t\t\t\t\t\t\tzobacz wi\u0119cej<br \/>\n\t\t\t<\/a><\/p>\n","protected":false},"excerpt":{"rendered":"<p>HISTORIA \u015aWIATOWYCH KONGRES\u00d3W zobacz wi\u0119cej<\/p>\n","protected":false},"author":1,"featured_media":94,"parent":0,"menu_order":0,"comment_status":"closed","ping_status":"closed","template":"","meta":[],"_links":{"self":[{"href":"https:\/\/ichs2020poznan.pl\/en\/wp-json\/wp\/v2\/pages\/291"}],"collection":[{"href":"https:\/\/ichs2020poznan.pl\/en\/wp-json\/wp\/v2\/pages"}],"about":[{"href":"https:\/\/ichs2020poznan.pl\/en\/wp-json\/wp\/v2\/types\/page"}],"author":[{"embeddable":true,"href":"https:\/\/ichs2020poznan.pl\/en\/wp-json\/wp\/v2\/users\/1"}],"replies":[{"embeddable":true,"href":"https:\/\/ichs2020poznan.pl\/en\/wp-json\/wp\/v2\/comments?post=291"}],"version-history":[{"count":2,"href":"https:\/\/ichs2020poznan.pl\/en\/wp-json\/wp\/v2\/pages\/291\/revisions"}],"predecessor-version":[{"id":293,"href":"https:\/\/ichs2020poznan.pl\/en\/wp-json\/wp\/v2\/pages\/291\/revisions\/293"}],"wp:featuredmedia":[{"embeddable":true,"href":"https:\/\/ichs2020poznan.pl\/en\/wp-json\/wp\/v2\/media\/94"}],"wp:attachment":[{"href":"https:\/\/ichs2020poznan.pl\/en\/wp-json\/wp\/v2\/media?parent=291"}],"curies":[{"name":"wp","href":"https:\/\/api.w.org\/{rel}","templated":true}]}}