{"id":1053,"date":"2016-08-21T14:21:54","date_gmt":"2016-08-21T12:21:54","guid":{"rendered":"https:\/\/ichs2020poznan.pl\/?page_id=1053"},"modified":"2017-03-06T13:17:50","modified_gmt":"2017-03-06T12:17:50","slug":"publikacje","status":"publish","type":"page","link":"https:\/\/ichs2020poznan.pl\/en\/congress-publications\/","title":{"rendered":"PUBLIKACJE KONGRESOWE"},"content":{"rendered":"<p>Wydane zostan\u0105 streszczenia wyst\u0105pie\u0144 wyg\u0142oszonych podczas g\u0142\u00f3wnych sympozj\u00f3w <\/p>\n<ul>\n<li><strong>Akta Kongresu<\/strong> \u2013 1 tom <\/li>\n<li><strong>Materia\u0142y  Kongresu<\/strong> \u2013 3 tomy (streszczenia wybranych materia\u0142\u00f3w kongresowych)<\/li>\n<\/ul>\n<p>Publikacje zostan\u0105 wydane w zar\u00f3wno w tradycyjnej formie papierowej, jak i w postaci e-book\u00f3w w otwartym dost\u0119pie (Open Access).<\/p>\n","protected":false},"excerpt":{"rendered":"<p>Wydane zostan\u0105 streszczenia wyst\u0105pie\u0144 wyg\u0142oszonych podczas g\u0142\u00f3wnych sympozj\u00f3w Akta Kongresu \u2013 1 tom Materia\u0142y Kongresu \u2013 3 tomy (streszczenia wybranych materia\u0142\u00f3w kongresowych) Publikacje zostan\u0105 wydane w zar\u00f3wno w tradycyjnej formie papierowej, jak i w postaci e-book\u00f3w w otwartym dost\u0119pie (Open Access).<\/p>\n","protected":false},"author":4,"featured_media":0,"parent":0,"menu_order":0,"comment_status":"closed","ping_status":"closed","template":"","meta":[],"_links":{"self":[{"href":"https:\/\/ichs2020poznan.pl\/en\/wp-json\/wp\/v2\/pages\/1053"}],"collection":[{"href":"https:\/\/ichs2020poznan.pl\/en\/wp-json\/wp\/v2\/pages"}],"about":[{"href":"https:\/\/ichs2020poznan.pl\/en\/wp-json\/wp\/v2\/types\/page"}],"author":[{"embeddable":true,"href":"https:\/\/ichs2020poznan.pl\/en\/wp-json\/wp\/v2\/users\/4"}],"replies":[{"embeddable":true,"href":"https:\/\/ichs2020poznan.pl\/en\/wp-json\/wp\/v2\/comments?post=1053"}],"version-history":[{"count":7,"href":"https:\/\/ichs2020poznan.pl\/en\/wp-json\/wp\/v2\/pages\/1053\/revisions"}],"predecessor-version":[{"id":3016,"href":"https:\/\/ichs2020poznan.pl\/en\/wp-json\/wp\/v2\/pages\/1053\/revisions\/3016"}],"wp:attachment":[{"href":"https:\/\/ichs2020poznan.pl\/en\/wp-json\/wp\/v2\/media?parent=1053"}],"curies":[{"name":"wp","href":"https:\/\/api.w.org\/{rel}","templated":true}]}}